{"id":2245,"date":"2020-08-13T11:55:00","date_gmt":"2020-08-13T08:55:00","guid":{"rendered":"https:\/\/danceart.fi\/kauppa\/?page_id=2245"},"modified":"2022-02-13T14:48:17","modified_gmt":"2022-02-13T12:48:17","slug":"rekisteriseloste","status":"publish","type":"page","link":"https:\/\/danceart.fi\/kauppa\/rekisteriseloste\/","title":{"rendered":"Rekisteriseloste"},"content":{"rendered":"<div id='av_section_1'  class='avia-section av-4vud57-03f35bca311274b7c7777645aaabfc69 main_color avia-section-large avia-no-border-styling  avia-builder-el-0  avia-builder-el-no-sibling  avia-bg-style-scroll container_wrap sidebar_right'  ><div class='container av-section-cont-open' ><main  role=\"main\" itemprop=\"mainContentOfPage\"  class='template-page content  av-content-small alpha units'><div class='post-entry post-entry-type-page post-entry-2245'><div class='entry-content-wrapper clearfix'>\n\n<style type=\"text\/css\" data-created_by=\"avia_inline_auto\" id=\"style-css-av-1wsgyt-03506599e1b6354b29b4935861a1d7c3\">\n#top .av-special-heading.av-1wsgyt-03506599e1b6354b29b4935861a1d7c3{\npadding-bottom:30px;\ncolor:#aaa9ad;\nfont-size:50px;\n}\nbody .av-special-heading.av-1wsgyt-03506599e1b6354b29b4935861a1d7c3 .av-special-heading-tag .heading-char{\nfont-size:25px;\n}\n#top #wrap_all .av-special-heading.av-1wsgyt-03506599e1b6354b29b4935861a1d7c3 .av-special-heading-tag{\nfont-size:50px;\n}\n.av-special-heading.av-1wsgyt-03506599e1b6354b29b4935861a1d7c3 .special-heading-inner-border{\nborder-color:#aaa9ad;\n}\n.av-special-heading.av-1wsgyt-03506599e1b6354b29b4935861a1d7c3 .av-subheading{\nfont-size:15px;\n}\n\n@media only screen and (max-width: 479px){ \n#top #wrap_all .av-special-heading.av-1wsgyt-03506599e1b6354b29b4935861a1d7c3 .av-special-heading-tag{\nfont-size:40px;\n}\n}\n\n@media only screen and (min-width: 480px) and (max-width: 767px){ \n#top #wrap_all .av-special-heading.av-1wsgyt-03506599e1b6354b29b4935861a1d7c3 .av-special-heading-tag{\nfont-size:0.8em;\n}\n}\n<\/style>\n<div  class='av-special-heading av-1wsgyt-03506599e1b6354b29b4935861a1d7c3 av-special-heading-h1 custom-color-heading blockquote modern-quote  avia-builder-el-1  el_before_av_hr  avia-builder-el-first  av-inherit-size av-linked-heading'><h1 class='av-special-heading-tag '  itemprop=\"headline\"  >Rekisteriseloste<\/h1><div class='av_custom_color av-subheading av-subheading_below'><p>Henkil\u00f6tietolain (523\/99) 10 \u00a7:n mukainen rekisteriseloste<\/p>\n<\/div><div class=\"special-heading-border\"><div class=\"special-heading-inner-border\"><\/div><\/div><\/div>\n\n<style type=\"text\/css\" data-created_by=\"avia_inline_auto\" id=\"style-css-av-46d52z-75ae76e0d084fb6fb379fb4dd2db445e\">\n#top .hr.hr-invisible.av-46d52z-75ae76e0d084fb6fb379fb4dd2db445e{\nheight:30px;\n}\n<\/style>\n<div  class='hr av-46d52z-75ae76e0d084fb6fb379fb4dd2db445e hr-invisible  avia-builder-el-2  el_after_av_heading  el_before_av_one_half '><span class='hr-inner '><span class=\"hr-inner-style\"><\/span><\/span><\/div>\n\n<style type=\"text\/css\" data-created_by=\"avia_inline_auto\" id=\"style-css-av-4ir66j-18b5262786b017fbe4580a3fef1a8c69\">\n.flex_column.av-4ir66j-18b5262786b017fbe4580a3fef1a8c69{\nborder-radius:0px 0px 0px 0px;\npadding:0px 0px 0px 0px;\n}\n<\/style>\n<div  class='flex_column av-4ir66j-18b5262786b017fbe4580a3fef1a8c69 av_one_half  avia-builder-el-3  el_after_av_hr  el_before_av_one_half  first flex_column_div av-zero-column-padding  '     ><section  class='av_textblock_section av-4bwskz-7e415ff0b3ce097223517cb7dadbc5e3 '   itemscope=\"itemscope\" itemtype=\"https:\/\/schema.org\/CreativeWork\" ><div class='avia_textblock'  itemprop=\"text\" ><p><strong>1. Rekisterinpit\u00e4j\u00e4<\/strong><\/p>\n<p>Tanssistudio Dance Art Oy<br \/>\nH\u00e4meenkatu 25-27<br \/>\n11100 Riihim\u00e4ki<\/p>\n<p><strong>2. Rekisterin nimi<\/strong><\/p>\n<p>Tanssistudio Dance Art Oy verkkokaupan asiakasrekisteri.<\/p>\n<p><strong>3. Henkil\u00f6tietojen k\u00e4sittelyn tarkoitus<\/strong><\/p>\n<p>Rekisteri\u00e4 k\u00e4ytet\u00e4\u00e4n palveluiden hoitamiseen kuten asiakkaan yksil\u00f6intiin ja tunnistamiseen palvelutapahtumassa ja maksuliikenteess\u00e4.<\/p>\n<p>Asiakasrekisteri\u00e4 k\u00e4ytet\u00e4\u00e4n my\u00f6s lakiin perustuvien ja viranomaisten m\u00e4\u00e4r\u00e4ysten ja ohjeiden mukaisten s\u00e4ilytys-, raportointi- ja kyselyvelvoitteiden hoitamiseen.<\/p>\n<p>Henkil\u00f6tietoja k\u00e4ytet\u00e4\u00e4n my\u00f6s\u3000henkil\u00f6tietolain sallimissa ja velvoittamissa rajoissa asiakassuhteen hoitamiseen, hallintaan ja kehitt\u00e4miseen, analysointiin, tilastointiin sek\u00e4 tietopalveluiden tuottamiseen, tarjoamiseen ja kehitt\u00e4miseen.<\/p>\n<p><strong>4. Rekisterin tietosis\u00e4lt\u00f6<\/strong><\/p>\n<p>Rekisteri sis\u00e4lt\u00e4\u00e4 seuraavat tiedot asiakkaista:<\/p>\n<ul>\n<li>Etu- ja sukunimet<\/li>\n<li>Osoitetiedot<\/li>\n<li>Puhelinnumero(t)<\/li>\n<li>S\u00e4hk\u00f6postiosoite<\/li>\n<li>Asiakasnumeron<\/li>\n<\/ul>\n<p><strong>5. Rekisterin s\u00e4\u00e4nn\u00f6nmukaiset tietol\u00e4hteet<\/strong><\/p>\n<p>Rekisteriin ker\u00e4t\u00e4\u00e4n tietoja k\u00e4ytt\u00e4j\u00e4lt\u00e4 asiakassuhteen syntymisen yhteydess\u00e4 sek\u00e4 asiakassuhteen kest\u00e4ess\u00e4. Henkil\u00f6tietoja ker\u00e4t\u00e4\u00e4n:<\/p>\n<ul>\n<li>Rekister\u00f6idylt\u00e4 itselt\u00e4\u00e4n<\/li>\n<\/ul>\n<p><strong>6. S\u00e4\u00e4nn\u00f6nmukaiset tietojen luovutukset ja tietojen siirto EU:n tai Euroopan talousalueen ulkopuolelle<\/strong><\/p>\n<p>Henkil\u00f6tietojen siirto EU:n ulkopuolelle perustuu komission hyv\u00e4ksymien mallisopimuslausekkeiden mukaiseen tiedonsiirtosopimukseen henkil\u00f6tietolain 23 \u00a7:n 1. momentin 8. perusteella.<\/p>\n<p><strong>7. Tietojen luovutus<\/strong><\/p>\n<p>Tanssistudio Dance Art Oy voi luovuttaa tietoja lains\u00e4\u00e4d\u00e4nn\u00f6n s\u00e4\u00e4ntelemiss\u00e4 rajoissa.<\/p>\n<p>Tanssistudio Dance Art Oy:n henkil\u00f6st\u00f6ll\u00e4 ja sen lukuun toimivilla ulkopuolisilla henkil\u00f6ill\u00e4 on vaitiolovelvollisuus liittyen kaikkiin asiakastietoihin<\/p>\n<\/div><\/section><\/div>\n<style type=\"text\/css\" data-created_by=\"avia_inline_auto\" id=\"style-css-av-3xwt2b-24ae38f2ebbe5f3089e83e21f37a0c58\">\n.flex_column.av-3xwt2b-24ae38f2ebbe5f3089e83e21f37a0c58{\nborder-radius:0px 0px 0px 0px;\npadding:0px 0px 0px 0px;\n}\n<\/style>\n<div  class='flex_column av-3xwt2b-24ae38f2ebbe5f3089e83e21f37a0c58 av_one_half  avia-builder-el-5  el_after_av_one_half  avia-builder-el-last  flex_column_div av-zero-column-padding  '     ><p><section  class='av_textblock_section av-3ov9xf-c4071031caa653d82818bf650ef82f87 '   itemscope=\"itemscope\" itemtype=\"https:\/\/schema.org\/CreativeWork\" ><div class='avia_textblock'  itemprop=\"text\" ><p><strong>8. Rekisterin suojaus<\/strong><\/p>\n<p>Henkil\u00f6rekisterin k\u00e4ytt\u00f6 on rekisterinpit\u00e4j\u00e4n organisaatiossa ohjeistettu ja henkil\u00f6rekisteriin p\u00e4\u00e4sy on rajattu siten, ett\u00e4 sek\u00e4 manuaalisesti tallennettuihin, ett\u00e4 ATK-j\u00e4rjestelm\u00e4\u00e4n tallennettuihin henkil\u00f6rekisterin sis\u00e4lt\u00e4miin tietoihin p\u00e4\u00e4sev\u00e4t ja niit\u00e4 k\u00e4ytt\u00e4v\u00e4t vain ne rekister\u00f6idyn ty\u00f6ntekij\u00e4t, joilla ty\u00f6ns\u00e4 puolesta on siihen oikeus. Rekisterinpit\u00e4j\u00e4 on j\u00e4rjest\u00e4nyt toimitiloihinsa kulunvalvonnan.<\/p>\n<p>ATK-j\u00e4rjestelm\u00e4 on suojattu k\u00e4ytt\u00f6j\u00e4rjestelm\u00e4n suojausohjelmiston avulla. J\u00e4rjestelm\u00e4\u00e4n sis\u00e4\u00e4np\u00e4\u00e4sy edellytt\u00e4\u00e4 kultakin rekisterin k\u00e4ytt\u00e4j\u00e4lt\u00e4 m\u00e4\u00e4riteltyjen k\u00e4ytt\u00e4j\u00e4tunnusten ja oikean salasanan sy\u00f6tt\u00e4mist\u00e4.<\/p>\n<p>Toimeksiantosopimuksilla velvoitetaan rekisterinpit\u00e4j\u00e4n toimeksiannosta henkil\u00f6tietoja k\u00e4sittelevi\u00e4 tahoja suojaamaan henkil\u00f6tietoja vastaavalla tavalla.<\/p>\n<p><strong>9. Rekister\u00f6idyn kielto-oikeus<\/strong><\/p>\n<p>Rekister\u00f6idyll\u00e4 on oikeus kielt\u00e4\u00e4 rekisterinpit\u00e4j\u00e4\u00e4 k\u00e4sittelem\u00e4st\u00e4 h\u00e4nt\u00e4 itse\u00e4\u00e4n koskevia tietoja suoramainontaa, et\u00e4myynti\u00e4 ja muuta suoramarkkinointia sek\u00e4 markkina- ja mielipidetutkimusta varten. Kielto tulee tehd\u00e4 rekisterinpit\u00e4j\u00e4lle kirjallisesti.<\/p>\n<p><strong>10. Rekister\u00f6idyn tarkastusoikeus, tietojen korjaaminen ja tietojen s\u00e4ilytysaika<\/strong><\/p>\n<p>Rekister\u00f6idyll\u00e4 on oikeus tarkastaa henkil\u00f6rekisteriin tallennetut, itse\u00e4\u00e4n koskevat tiedot.<\/p>\n<p>Asiakassuhteen p\u00e4\u00e4ttyess\u00e4 asiakkaan tiedot poistetaan rekisterist\u00e4 heti, kun niiden k\u00e4sittely ei ole en\u00e4\u00e4 tarpeen, mutta viimeist\u00e4\u00e4n lain edellytt\u00e4m\u00e4n m\u00e4\u00e4r\u00e4ajan p\u00e4\u00e4tytty\u00e4.<\/p>\n<p>Rekisterinpit\u00e4j\u00e4 oikaisee, poistaa tai t\u00e4ydent\u00e4\u00e4 rekisteriss\u00e4 olevan, k\u00e4sittelyn tarkoituksen kannalta virheellisen, tarpeettoman, puutteellisen tai vanhentuneen henkil\u00f6tiedon oma-aloitteisesti tai rekister\u00f6idyn vaatimuksesta. Rekister\u00f6idyn kielto- ja tarkastusoikeuden toteuttamiseksi sek\u00e4 tiedon korjaamiseksi rekister\u00f6idyn tulee ottaa yhteytt\u00e4 rekisteriasioista vastaavaan henkil\u00f6\u00f6n.<\/p>\n<\/div><\/section><br \/>\n\n<style type=\"text\/css\" data-created_by=\"avia_inline_auto\" id=\"style-css-av-kdskbbim-6dc181af335f338a63b89bd3eef94652\">\n.avia-image-container.av-kdskbbim-6dc181af335f338a63b89bd3eef94652 img.avia_image{\nbox-shadow:none;\n}\n.avia-image-container.av-kdskbbim-6dc181af335f338a63b89bd3eef94652 .av-image-caption-overlay-center{\ncolor:#ffffff;\n}\n<\/style>\n<div  class='avia-image-container av-kdskbbim-6dc181af335f338a63b89bd3eef94652 av-styling- avia-align-center  avia-builder-el-7  el_after_av_textblock  avia-builder-el-last '   itemprop=\"image\" itemscope=\"itemscope\" itemtype=\"https:\/\/schema.org\/ImageObject\" ><div class=\"avia-image-container-inner\"><div class=\"avia-image-overlay-wrap\"><img decoding=\"async\" fetchpriority=\"high\" class='wp-image-918 avia-img-lazy-loading-not-918 avia_image ' src=\"https:\/\/danceart.fi\/kauppa\/wp-content\/uploads\/Nettisivut-etu-1030x579.png\" alt='' title=''  height=\"579\" width=\"1030\"  itemprop=\"thumbnailUrl\" srcset=\"https:\/\/danceart.fi\/kauppa\/wp-content\/uploads\/Nettisivut-etu-1030x579.png 1030w, https:\/\/danceart.fi\/kauppa\/wp-content\/uploads\/Nettisivut-etu-600x338.png 600w, https:\/\/danceart.fi\/kauppa\/wp-content\/uploads\/Nettisivut-etu-300x169.png 300w, https:\/\/danceart.fi\/kauppa\/wp-content\/uploads\/Nettisivut-etu-768x432.png 768w, https:\/\/danceart.fi\/kauppa\/wp-content\/uploads\/Nettisivut-etu-1500x844.png 1500w, https:\/\/danceart.fi\/kauppa\/wp-content\/uploads\/Nettisivut-etu-705x397.png 705w, https:\/\/danceart.fi\/kauppa\/wp-content\/uploads\/Nettisivut-etu.png 1920w\" sizes=\"(max-width: 1030px) 100vw, 1030px\" \/><\/div><\/div><\/div><\/p><\/div><\/div><\/div><\/main><!-- close content main element --><\/div><\/div><div id='after_section_1'  class='main_color av_default_container_wrap container_wrap sidebar_right'  ><div class='container av-section-cont-open' ><div class='template-page content  av-content-small alpha units'><div class='post-entry post-entry-type-page post-entry-2245'><div class='entry-content-wrapper clearfix'>\n","protected":false},"excerpt":{"rendered":"","protected":false},"author":1,"featured_media":0,"parent":0,"menu_order":0,"comment_status":"closed","ping_status":"closed","template":"","meta":{"footnotes":""},"class_list":["post-2245","page","type-page","status-publish","hentry"],"yoast_head":"<!-- This site is optimized with the Yoast SEO plugin v27.4 - https:\/\/yoast.com\/product\/yoast-seo-wordpress\/ -->\n<title>Rekisteriseloste - Dance Art -verkkokauppa<\/title>\n<meta name=\"description\" content=\"Dance Art tarjoaa tanssinopetusta kaikille ik\u00e4ryhmille ja kaiken tasoisille harrastajille Hyvink\u00e4\u00e4n Hakalassa ja Riihim\u00e4en Majakassa.\" \/>\n<meta name=\"robots\" content=\"index, follow, max-snippet:-1, max-image-preview:large, max-video-preview:-1\" \/>\n<link rel=\"canonical\" href=\"https:\/\/danceart.fi\/kauppa\/rekisteriseloste\/\" \/>\n<meta property=\"og:locale\" content=\"fi_FI\" \/>\n<meta property=\"og:type\" content=\"article\" \/>\n<meta property=\"og:title\" content=\"Rekisteriseloste - Dance Art -verkkokauppa\" \/>\n<meta property=\"og:description\" content=\"Dance Art tarjoaa tanssinopetusta kaikille ik\u00e4ryhmille ja kaiken tasoisille harrastajille Hyvink\u00e4\u00e4n Hakalassa ja Riihim\u00e4en Majakassa.\" \/>\n<meta property=\"og:url\" content=\"https:\/\/danceart.fi\/kauppa\/rekisteriseloste\/\" \/>\n<meta property=\"og:site_name\" content=\"Dance Art -verkkokauppa\" \/>\n<meta property=\"article:publisher\" content=\"https:\/\/www.facebook.com\/Dance-Art-verkkokauppa-102802895033569\/\" \/>\n<meta property=\"article:modified_time\" content=\"2022-02-13T12:48:17+00:00\" \/>\n<meta name=\"twitter:card\" content=\"summary_large_image\" \/>\n<meta name=\"twitter:label1\" content=\"Arvioitu lukuaika\" \/>\n\t<meta name=\"twitter:data1\" content=\"5 minuuttia\" \/>\n<script type=\"application\/ld+json\" class=\"yoast-schema-graph\">{\"@context\":\"https:\\\/\\\/schema.org\",\"@graph\":[{\"@type\":\"WebPage\",\"@id\":\"https:\\\/\\\/danceart.fi\\\/kauppa\\\/rekisteriseloste\\\/\",\"url\":\"https:\\\/\\\/danceart.fi\\\/kauppa\\\/rekisteriseloste\\\/\",\"name\":\"Rekisteriseloste - Dance Art -verkkokauppa\",\"isPartOf\":{\"@id\":\"https:\\\/\\\/danceart.fi\\\/kauppa\\\/#website\"},\"datePublished\":\"2020-08-13T08:55:00+00:00\",\"dateModified\":\"2022-02-13T12:48:17+00:00\",\"description\":\"Dance Art tarjoaa tanssinopetusta kaikille ik\u00e4ryhmille ja kaiken tasoisille harrastajille Hyvink\u00e4\u00e4n Hakalassa ja Riihim\u00e4en Majakassa.\",\"breadcrumb\":{\"@id\":\"https:\\\/\\\/danceart.fi\\\/kauppa\\\/rekisteriseloste\\\/#breadcrumb\"},\"inLanguage\":\"fi\",\"potentialAction\":[{\"@type\":\"ReadAction\",\"target\":[\"https:\\\/\\\/danceart.fi\\\/kauppa\\\/rekisteriseloste\\\/\"]}]},{\"@type\":\"BreadcrumbList\",\"@id\":\"https:\\\/\\\/danceart.fi\\\/kauppa\\\/rekisteriseloste\\\/#breadcrumb\",\"itemListElement\":[{\"@type\":\"ListItem\",\"position\":1,\"name\":\"Home\",\"item\":\"https:\\\/\\\/danceart.fi\\\/kauppa\\\/etusivu\\\/\"},{\"@type\":\"ListItem\",\"position\":2,\"name\":\"Rekisteriseloste\"}]},{\"@type\":\"WebSite\",\"@id\":\"https:\\\/\\\/danceart.fi\\\/kauppa\\\/#website\",\"url\":\"https:\\\/\\\/danceart.fi\\\/kauppa\\\/\",\"name\":\"Dance Art -verkkokauppa\",\"description\":\"Dance Art -kaupasta saat laadukkaita ja kivoja tanssitarvikkeita kaikille.\",\"publisher\":{\"@id\":\"https:\\\/\\\/danceart.fi\\\/kauppa\\\/#organization\"},\"potentialAction\":[{\"@type\":\"SearchAction\",\"target\":{\"@type\":\"EntryPoint\",\"urlTemplate\":\"https:\\\/\\\/danceart.fi\\\/kauppa\\\/?s={search_term_string}\"},\"query-input\":{\"@type\":\"PropertyValueSpecification\",\"valueRequired\":true,\"valueName\":\"search_term_string\"}}],\"inLanguage\":\"fi\"},{\"@type\":\"Organization\",\"@id\":\"https:\\\/\\\/danceart.fi\\\/kauppa\\\/#organization\",\"name\":\"Dance Art\",\"url\":\"https:\\\/\\\/danceart.fi\\\/kauppa\\\/\",\"logo\":{\"@type\":\"ImageObject\",\"inLanguage\":\"fi\",\"@id\":\"https:\\\/\\\/danceart.fi\\\/kauppa\\\/#\\\/schema\\\/logo\\\/image\\\/\",\"url\":\"https:\\\/\\\/danceart.fi\\\/kauppa\\\/wp-content\\\/uploads\\\/DanceArt_tummanharmaateksti_oranssifiguuri.png\",\"contentUrl\":\"https:\\\/\\\/danceart.fi\\\/kauppa\\\/wp-content\\\/uploads\\\/DanceArt_tummanharmaateksti_oranssifiguuri.png\",\"width\":340,\"height\":170,\"caption\":\"Dance Art\"},\"image\":{\"@id\":\"https:\\\/\\\/danceart.fi\\\/kauppa\\\/#\\\/schema\\\/logo\\\/image\\\/\"},\"sameAs\":[\"https:\\\/\\\/www.facebook.com\\\/Dance-Art-verkkokauppa-102802895033569\\\/\"]}]}<\/script>\n<!-- \/ Yoast SEO plugin. -->","yoast_head_json":{"title":"Rekisteriseloste - Dance Art -verkkokauppa","description":"Dance Art tarjoaa tanssinopetusta kaikille ik\u00e4ryhmille ja kaiken tasoisille harrastajille Hyvink\u00e4\u00e4n Hakalassa ja Riihim\u00e4en Majakassa.","robots":{"index":"index","follow":"follow","max-snippet":"max-snippet:-1","max-image-preview":"max-image-preview:large","max-video-preview":"max-video-preview:-1"},"canonical":"https:\/\/danceart.fi\/kauppa\/rekisteriseloste\/","og_locale":"fi_FI","og_type":"article","og_title":"Rekisteriseloste - Dance Art -verkkokauppa","og_description":"Dance Art tarjoaa tanssinopetusta kaikille ik\u00e4ryhmille ja kaiken tasoisille harrastajille Hyvink\u00e4\u00e4n Hakalassa ja Riihim\u00e4en Majakassa.","og_url":"https:\/\/danceart.fi\/kauppa\/rekisteriseloste\/","og_site_name":"Dance Art -verkkokauppa","article_publisher":"https:\/\/www.facebook.com\/Dance-Art-verkkokauppa-102802895033569\/","article_modified_time":"2022-02-13T12:48:17+00:00","twitter_card":"summary_large_image","twitter_misc":{"Arvioitu lukuaika":"5 minuuttia"},"schema":{"@context":"https:\/\/schema.org","@graph":[{"@type":"WebPage","@id":"https:\/\/danceart.fi\/kauppa\/rekisteriseloste\/","url":"https:\/\/danceart.fi\/kauppa\/rekisteriseloste\/","name":"Rekisteriseloste - Dance Art -verkkokauppa","isPartOf":{"@id":"https:\/\/danceart.fi\/kauppa\/#website"},"datePublished":"2020-08-13T08:55:00+00:00","dateModified":"2022-02-13T12:48:17+00:00","description":"Dance Art tarjoaa tanssinopetusta kaikille ik\u00e4ryhmille ja kaiken tasoisille harrastajille Hyvink\u00e4\u00e4n Hakalassa ja Riihim\u00e4en Majakassa.","breadcrumb":{"@id":"https:\/\/danceart.fi\/kauppa\/rekisteriseloste\/#breadcrumb"},"inLanguage":"fi","potentialAction":[{"@type":"ReadAction","target":["https:\/\/danceart.fi\/kauppa\/rekisteriseloste\/"]}]},{"@type":"BreadcrumbList","@id":"https:\/\/danceart.fi\/kauppa\/rekisteriseloste\/#breadcrumb","itemListElement":[{"@type":"ListItem","position":1,"name":"Home","item":"https:\/\/danceart.fi\/kauppa\/etusivu\/"},{"@type":"ListItem","position":2,"name":"Rekisteriseloste"}]},{"@type":"WebSite","@id":"https:\/\/danceart.fi\/kauppa\/#website","url":"https:\/\/danceart.fi\/kauppa\/","name":"Dance Art -verkkokauppa","description":"Dance Art -kaupasta saat laadukkaita ja kivoja tanssitarvikkeita kaikille.","publisher":{"@id":"https:\/\/danceart.fi\/kauppa\/#organization"},"potentialAction":[{"@type":"SearchAction","target":{"@type":"EntryPoint","urlTemplate":"https:\/\/danceart.fi\/kauppa\/?s={search_term_string}"},"query-input":{"@type":"PropertyValueSpecification","valueRequired":true,"valueName":"search_term_string"}}],"inLanguage":"fi"},{"@type":"Organization","@id":"https:\/\/danceart.fi\/kauppa\/#organization","name":"Dance Art","url":"https:\/\/danceart.fi\/kauppa\/","logo":{"@type":"ImageObject","inLanguage":"fi","@id":"https:\/\/danceart.fi\/kauppa\/#\/schema\/logo\/image\/","url":"https:\/\/danceart.fi\/kauppa\/wp-content\/uploads\/DanceArt_tummanharmaateksti_oranssifiguuri.png","contentUrl":"https:\/\/danceart.fi\/kauppa\/wp-content\/uploads\/DanceArt_tummanharmaateksti_oranssifiguuri.png","width":340,"height":170,"caption":"Dance Art"},"image":{"@id":"https:\/\/danceart.fi\/kauppa\/#\/schema\/logo\/image\/"},"sameAs":["https:\/\/www.facebook.com\/Dance-Art-verkkokauppa-102802895033569\/"]}]}},"_links":{"self":[{"href":"https:\/\/danceart.fi\/kauppa\/wp-json\/wp\/v2\/pages\/2245","targetHints":{"allow":["GET"]}}],"collection":[{"href":"https:\/\/danceart.fi\/kauppa\/wp-json\/wp\/v2\/pages"}],"about":[{"href":"https:\/\/danceart.fi\/kauppa\/wp-json\/wp\/v2\/types\/page"}],"author":[{"embeddable":true,"href":"https:\/\/danceart.fi\/kauppa\/wp-json\/wp\/v2\/users\/1"}],"replies":[{"embeddable":true,"href":"https:\/\/danceart.fi\/kauppa\/wp-json\/wp\/v2\/comments?post=2245"}],"version-history":[{"count":6,"href":"https:\/\/danceart.fi\/kauppa\/wp-json\/wp\/v2\/pages\/2245\/revisions"}],"predecessor-version":[{"id":3333,"href":"https:\/\/danceart.fi\/kauppa\/wp-json\/wp\/v2\/pages\/2245\/revisions\/3333"}],"wp:attachment":[{"href":"https:\/\/danceart.fi\/kauppa\/wp-json\/wp\/v2\/media?parent=2245"}],"curies":[{"name":"wp","href":"https:\/\/api.w.org\/{rel}","templated":true}]}}