{"id":3000,"date":"2020-11-24T15:15:35","date_gmt":"2020-11-24T13:15:35","guid":{"rendered":"https:\/\/danceart.fi\/kauppa\/?page_id=3000"},"modified":"2021-10-29T09:10:04","modified_gmt":"2021-10-29T06:10:04","slug":"vaihto-ja-palautus","status":"publish","type":"page","link":"https:\/\/danceart.fi\/kauppa\/vaihto-ja-palautus\/","title":{"rendered":"Vaihto ja palautus"},"content":{"rendered":"<div id='av-layout-grid-1'  class='av-layout-grid-container av-8p7xwa-3bd78c2eea37e5dfa42c3f9ec77c4815 entry-content-wrapper main_color av-flex-cells  avia-builder-el-0  el_before_av_section  avia-builder-el-first  gridi  container_wrap sidebar_right'  >\n\n<style type=\"text\/css\" data-created_by=\"avia_inline_auto\" id=\"style-css-av-8hx9vm-a32ae16b81af7813bbdec36cf256836a\">\n.flex_cell.av-8hx9vm-a32ae16b81af7813bbdec36cf256836a{\nvertical-align:top;\nheight:10px;\nmin-height:10px;\nbackground-color:#8d60a1;\n}\n.responsive #top #wrap_all .flex_cell.av-8hx9vm-a32ae16b81af7813bbdec36cf256836a{\npadding:0px 0px 0px 0px !important;\n}\n<\/style>\n<div class='flex_cell av-8hx9vm-a32ae16b81af7813bbdec36cf256836a av-gridrow-cell av_one_third no_margin  avia-builder-el-1  el_before_av_cell_one_third  avia-builder-el-first  content-align-top av-zero-padding avia-full-stretch'  ><div class='flex_cell_inner'><\/div><\/div>\n<style type=\"text\/css\" data-created_by=\"avia_inline_auto\" id=\"style-css-av-th76q-744424f8024d8b5b120fa688813f4461\">\n.flex_cell.av-th76q-744424f8024d8b5b120fa688813f4461{\nvertical-align:top;\nheight:10px;\nmin-height:10px;\nbackground-color:#dbd6d9;\n}\n.responsive #top #wrap_all .flex_cell.av-th76q-744424f8024d8b5b120fa688813f4461{\npadding:0px 0px 0px 0px !important;\n}\n<\/style>\n<div class='flex_cell av-th76q-744424f8024d8b5b120fa688813f4461 av-gridrow-cell av_one_third no_margin  avia-builder-el-2  el_after_av_cell_one_third  el_before_av_cell_one_third  content-align-top av-zero-padding avia-full-stretch'  ><div class='flex_cell_inner'><\/div><\/div>\n<style type=\"text\/css\" data-created_by=\"avia_inline_auto\" id=\"style-css-av-k0ta253y-0ca3b72605fd4709f1137aaf21edfb3e\">\n.flex_cell.av-k0ta253y-0ca3b72605fd4709f1137aaf21edfb3e{\nvertical-align:top;\nheight:10px;\nmin-height:10px;\nbackground-color:#aaa9ad;\n}\n.responsive #top #wrap_all .flex_cell.av-k0ta253y-0ca3b72605fd4709f1137aaf21edfb3e{\npadding:0px 0px 0px 0px !important;\n}\n<\/style>\n<div class='flex_cell av-k0ta253y-0ca3b72605fd4709f1137aaf21edfb3e av-gridrow-cell av_one_third no_margin  avia-builder-el-3  el_after_av_cell_one_third  avia-builder-el-last  content-align-top av-zero-padding'  ><div class='flex_cell_inner'><\/div><\/div>\n<\/div>\n\n<style type=\"text\/css\" data-created_by=\"avia_inline_auto\" id=\"style-css-av-khw09tch-148656b5d91dbc3f536703b0d9484ed0\">\n.avia-section.av-khw09tch-148656b5d91dbc3f536703b0d9484ed0{\nbackground-color:#ffffff;\nbackground-image:unset;\n}\n<\/style>\n<div id='av_section_1'  class='avia-section av-khw09tch-148656b5d91dbc3f536703b0d9484ed0 main_color avia-section-default avia-no-border-styling  avia-builder-el-4  el_after_av_layout_row  el_before_av_layout_row  avia-bg-style-scroll container_wrap sidebar_right'  ><div class='container av-section-cont-open' ><div class='template-page content  av-content-small alpha units'><div class='post-entry post-entry-type-page post-entry-3000'><div class='entry-content-wrapper clearfix'>\n\n<style type=\"text\/css\" data-created_by=\"avia_inline_auto\" id=\"style-css-av-3xodfc-c0654ae9c05b519986dc3f88f905e731\">\n#top .av-special-heading.av-3xodfc-c0654ae9c05b519986dc3f88f905e731{\npadding-bottom:10px;\ncolor:#aaa9ad;\n}\nbody .av-special-heading.av-3xodfc-c0654ae9c05b519986dc3f88f905e731 .av-special-heading-tag .heading-char{\nfont-size:25px;\n}\n.av-special-heading.av-3xodfc-c0654ae9c05b519986dc3f88f905e731 .special-heading-inner-border{\nborder-color:#aaa9ad;\n}\n.av-special-heading.av-3xodfc-c0654ae9c05b519986dc3f88f905e731 .av-subheading{\nfont-size:15px;\n}\n<\/style>\n<div  class='av-special-heading av-3xodfc-c0654ae9c05b519986dc3f88f905e731 av-special-heading-h2 custom-color-heading blockquote modern-quote  avia-builder-el-5  el_before_av_one_half  avia-builder-el-first '><h2 class='av-special-heading-tag '  itemprop=\"headline\"  >Vaihto ja palautus<\/h2><div class=\"special-heading-border\"><div class=\"special-heading-inner-border\"><\/div><\/div><\/div>\n\n<style type=\"text\/css\" data-created_by=\"avia_inline_auto\" id=\"style-css-av-agdmy-c3099911ea9ac15098329754a9a115ed\">\n.flex_column.av-agdmy-c3099911ea9ac15098329754a9a115ed{\nborder-radius:0px 0px 0px 0px;\npadding:0px 0px 0px 0px;\nbackground-color:#ffffff;\n}\n<\/style>\n<div  class='flex_column av-agdmy-c3099911ea9ac15098329754a9a115ed av_one_half  avia-builder-el-6  el_after_av_heading  el_before_av_one_half  first flex_column_div av-zero-column-padding avia-link-column av-column-link  '    data-link-column-url=\"https:\/\/danceart.fi\/kauppa\/tuote-osasto\/lapset\/\"   ><a class=\"av-screen-reader-only\" href=https:\/\/danceart.fi\/kauppa\/tuote-osasto\/lapset\/ >Link to LAPSET in product_cat<\/a><section  class='av_textblock_section av-khvzr5gm-88c04b69a33ba657508dc7fe351141dc '   itemscope=\"itemscope\" itemtype=\"https:\/\/schema.org\/CreativeWork\" ><div class='avia_textblock'  itemprop=\"text\" ><p>Me Dance Artilla haluamme tietysti, ett\u00e4 olet tyytyv\u00e4inen tilaamiisi tuotteisiin. Mik\u00e4li kuitenkin haluat palauttaa tuotteet tai osan niist\u00e4, tulee se tehd\u00e4 14 vrk kuluessa tilauksen vastaanottamisesta. Tuotteiden on oltava k\u00e4ytt\u00e4m\u00e4tt\u00f6mi\u00e4 ja vahingoittumattomia sek\u00e4 alkuper\u00e4isten hintalappujen tulee olla yh\u00e4 kiinni tuotteissa. Mik\u00e4li tuote ei ole uudelleen myyt\u00e4v\u00e4ss\u00e4 kunnossa, palautusta ei voida vastaanottaa.<\/p>\n<\/div><\/section><\/div>\n<style type=\"text\/css\" data-created_by=\"avia_inline_auto\" id=\"style-css-av-agdmy-35f4d49223f178f9cd860111c2cd6dfd\">\n.flex_column.av-agdmy-35f4d49223f178f9cd860111c2cd6dfd{\nborder-radius:0px 0px 0px 0px;\npadding:0px 0px 0px 0px;\nbackground-color:#ffffff;\n}\n<\/style>\n<div  class='flex_column av-agdmy-35f4d49223f178f9cd860111c2cd6dfd av_one_half  avia-builder-el-8  el_after_av_one_half  el_before_av_heading  flex_column_div av-zero-column-padding avia-link-column av-column-link  '    data-link-column-url=\"https:\/\/danceart.fi\/kauppa\/tuote-osasto\/lapset\/\"   ><a class=\"av-screen-reader-only\" href=https:\/\/danceart.fi\/kauppa\/tuote-osasto\/lapset\/ >Link to LAPSET in product_cat<\/a><section  class='av_textblock_section av-khvzr5gm-88c04b69a33ba657508dc7fe351141dc '   itemscope=\"itemscope\" itemtype=\"https:\/\/schema.org\/CreativeWork\" ><div class='avia_textblock'  itemprop=\"text\" ><p>Tuotteet voi palauttaa postitse osoitteeseen H\u00e4meenkatu 25-27, 11100 Riihim\u00e4ki tai toimipisteisiimme noutoaikoina. T\u00e4yt\u00e4 palautuslomake ja postita se meille yhdess\u00e4 tuotteen kanssa. Mik\u00e4li haluat vaihtaa tuotteen, palauta jo saamasi tuote ja tee uusi tilaus verkkokaupassamme. Teemme rahapalautuksen ilmoitetulle tilille.<\/p>\n<p><strong>Ohje palautukseen<\/strong><\/p>\n<p>T\u00e4yt\u00e4 paketin mukana tullut palautuslomake ja toimita se meille palautuksen mukana. Pakkaa tuotteet huolellisesti ja postita\u00a0 osoitteeseen H\u00e4meenkatu 25-27, 11100 Riihim\u00e4ki.<\/p>\n<\/div><\/section><\/div>\n<style type=\"text\/css\" data-created_by=\"avia_inline_auto\" id=\"style-css-av-21hdso-c9847fafa8f855e9d86f32ede9c9c0ee\">\n#top .av-special-heading.av-21hdso-c9847fafa8f855e9d86f32ede9c9c0ee{\npadding-bottom:10px;\ncolor:#aaa9ad;\n}\nbody .av-special-heading.av-21hdso-c9847fafa8f855e9d86f32ede9c9c0ee .av-special-heading-tag .heading-char{\nfont-size:25px;\n}\n.av-special-heading.av-21hdso-c9847fafa8f855e9d86f32ede9c9c0ee .special-heading-inner-border{\nborder-color:#aaa9ad;\n}\n.av-special-heading.av-21hdso-c9847fafa8f855e9d86f32ede9c9c0ee .av-subheading{\nfont-size:15px;\n}\n<\/style>\n<div  class='av-special-heading av-21hdso-c9847fafa8f855e9d86f32ede9c9c0ee av-special-heading-h2 custom-color-heading blockquote modern-quote  avia-builder-el-10  el_after_av_one_half  el_before_av_one_half '><h2 class='av-special-heading-tag '  itemprop=\"headline\"  >Reklamaatiot<\/h2><div class=\"special-heading-border\"><div class=\"special-heading-inner-border\"><\/div><\/div><\/div>\n\n<style type=\"text\/css\" data-created_by=\"avia_inline_auto\" id=\"style-css-av-agdmy-c3099911ea9ac15098329754a9a115ed\">\n.flex_column.av-agdmy-c3099911ea9ac15098329754a9a115ed{\nborder-radius:0px 0px 0px 0px;\npadding:0px 0px 0px 0px;\nbackground-color:#ffffff;\n}\n<\/style>\n<div  class='flex_column av-agdmy-c3099911ea9ac15098329754a9a115ed av_one_half  avia-builder-el-11  el_after_av_heading  el_before_av_one_half  first flex_column_div av-zero-column-padding avia-link-column av-column-link  '    data-link-column-url=\"https:\/\/danceart.fi\/kauppa\/tuote-osasto\/lapset\/\"   ><a class=\"av-screen-reader-only\" href=https:\/\/danceart.fi\/kauppa\/tuote-osasto\/lapset\/ >Link to LAPSET in product_cat<\/a><section  class='av_textblock_section av-khvzr5gm-88c04b69a33ba657508dc7fe351141dc '   itemscope=\"itemscope\" itemtype=\"https:\/\/schema.org\/CreativeWork\" ><div class='avia_textblock'  itemprop=\"text\" ><p>Pyrimme tarkistamaan jokaisen l\u00e4hetyksen huolellisesti. Tuotteet l\u00e4htev\u00e4t meilt\u00e4 uutena ja ovat virheett\u00f6mi\u00e4. Mik\u00e4li t\u00e4st\u00e4 huolimatta saat virheellisen\/v\u00e4\u00e4r\u00e4n tuotteen, ota meihin v\u00e4litt\u00f6m\u00e4sti yhteytt\u00e4 asian hoitamiseksi.<\/p>\n<\/div><\/section><\/div>\n<style type=\"text\/css\" data-created_by=\"avia_inline_auto\" id=\"style-css-av-agdmy-35f4d49223f178f9cd860111c2cd6dfd\">\n.flex_column.av-agdmy-35f4d49223f178f9cd860111c2cd6dfd{\nborder-radius:0px 0px 0px 0px;\npadding:0px 0px 0px 0px;\nbackground-color:#ffffff;\n}\n<\/style>\n<div  class='flex_column av-agdmy-35f4d49223f178f9cd860111c2cd6dfd av_one_half  avia-builder-el-13  el_after_av_one_half  avia-builder-el-last  flex_column_div av-zero-column-padding avia-link-column av-column-link  '    data-link-column-url=\"https:\/\/danceart.fi\/kauppa\/tuote-osasto\/lapset\/\"   ><a class=\"av-screen-reader-only\" href=https:\/\/danceart.fi\/kauppa\/tuote-osasto\/lapset\/ >Link to LAPSET in product_cat<\/a><section  class='av_textblock_section av-khvzr5gm-88c04b69a33ba657508dc7fe351141dc '   itemscope=\"itemscope\" itemtype=\"https:\/\/schema.org\/CreativeWork\" ><div class='avia_textblock'  itemprop=\"text\" ><p>Dance Art noudattaa toiminnassaan kuluttajaviranomaisten suosituksia, mutta ei voi vastata viiv\u00e4styksist\u00e4 ja vahingoista, jotka johtuvat yrityksen vaikutusmahdollisuuksien ulkopuolella olevasta esteest\u00e4 kuten henkil\u00f6kunnan sairastuminen tai h\u00e4iri\u00f6t kuljetuksissa. Mik\u00e4li este jatkuu yli kolme kuukautta, on sek\u00e4 Dance Artilla ett\u00e4 asiakkaalla oikeus purkaa tilaukset ilman vahingonkorvaus- tai viiv\u00e4stysseuraamuksia.<\/p>\n<\/div><\/section><\/div>\n\n<\/div><\/div><\/div><!-- close content main div --><\/div><\/div><div id='av-layout-grid-2'  class='av-layout-grid-container av-8p7xwa-3bd78c2eea37e5dfa42c3f9ec77c4815 entry-content-wrapper main_color av-flex-cells  avia-builder-el-15  el_after_av_section  avia-builder-el-last  gridi grid-row-not-first  container_wrap sidebar_right'  >\n\n<style type=\"text\/css\" data-created_by=\"avia_inline_auto\" id=\"style-css-av-8hx9vm-a32ae16b81af7813bbdec36cf256836a\">\n.flex_cell.av-8hx9vm-a32ae16b81af7813bbdec36cf256836a{\nvertical-align:top;\nheight:10px;\nmin-height:10px;\nbackground-color:#8d60a1;\n}\n.responsive #top #wrap_all .flex_cell.av-8hx9vm-a32ae16b81af7813bbdec36cf256836a{\npadding:0px 0px 0px 0px !important;\n}\n<\/style>\n<div class='flex_cell av-8hx9vm-a32ae16b81af7813bbdec36cf256836a av-gridrow-cell av_one_third no_margin  avia-builder-el-16  el_before_av_cell_one_third  avia-builder-el-first  content-align-top av-zero-padding avia-full-stretch'  ><div class='flex_cell_inner'><\/div><\/div>\n<style type=\"text\/css\" data-created_by=\"avia_inline_auto\" id=\"style-css-av-th76q-744424f8024d8b5b120fa688813f4461\">\n.flex_cell.av-th76q-744424f8024d8b5b120fa688813f4461{\nvertical-align:top;\nheight:10px;\nmin-height:10px;\nbackground-color:#dbd6d9;\n}\n.responsive #top #wrap_all .flex_cell.av-th76q-744424f8024d8b5b120fa688813f4461{\npadding:0px 0px 0px 0px !important;\n}\n<\/style>\n<div class='flex_cell av-th76q-744424f8024d8b5b120fa688813f4461 av-gridrow-cell av_one_third no_margin  avia-builder-el-17  el_after_av_cell_one_third  el_before_av_cell_one_third  content-align-top av-zero-padding avia-full-stretch'  ><div class='flex_cell_inner'><\/div><\/div>\n<style type=\"text\/css\" data-created_by=\"avia_inline_auto\" id=\"style-css-av-k0ta253y-0ca3b72605fd4709f1137aaf21edfb3e\">\n.flex_cell.av-k0ta253y-0ca3b72605fd4709f1137aaf21edfb3e{\nvertical-align:top;\nheight:10px;\nmin-height:10px;\nbackground-color:#aaa9ad;\n}\n.responsive #top #wrap_all .flex_cell.av-k0ta253y-0ca3b72605fd4709f1137aaf21edfb3e{\npadding:0px 0px 0px 0px !important;\n}\n<\/style>\n<div class='flex_cell av-k0ta253y-0ca3b72605fd4709f1137aaf21edfb3e av-gridrow-cell av_one_third no_margin  avia-builder-el-18  el_after_av_cell_one_third  avia-builder-el-last  content-align-top av-zero-padding'  ><div class='flex_cell_inner'><\/div><\/div>\n<\/div>\n","protected":false},"excerpt":{"rendered":"","protected":false},"author":1,"featured_media":0,"parent":0,"menu_order":0,"comment_status":"closed","ping_status":"open","template":"","meta":{"footnotes":""},"class_list":["post-3000","page","type-page","status-publish","hentry"],"yoast_head":"<!-- This site is optimized with the Yoast SEO plugin v27.2 - https:\/\/yoast.com\/product\/yoast-seo-wordpress\/ -->\n<title>Tanssitarvikkeita<\/title>\n<meta name=\"description\" content=\"Tervetuloa Dance Art -verkkokauppaan! Dance Art tarjoaa laadukkaita tanssitarvikkeita toimipaikkojen ja verkkokaupan kautta.\" \/>\n<meta name=\"robots\" content=\"index, follow, max-snippet:-1, max-image-preview:large, max-video-preview:-1\" \/>\n<link rel=\"canonical\" href=\"https:\/\/danceart.fi\/kauppa\/vaihto-ja-palautus\/\" \/>\n<meta property=\"og:locale\" content=\"fi_FI\" \/>\n<meta property=\"og:type\" content=\"article\" \/>\n<meta property=\"og:title\" content=\"Tanssitarvikkeita\" \/>\n<meta property=\"og:description\" content=\"Tervetuloa Dance Art -verkkokauppaan! Dance Art tarjoaa laadukkaita tanssitarvikkeita toimipaikkojen ja verkkokaupan kautta.\" \/>\n<meta property=\"og:url\" content=\"https:\/\/danceart.fi\/kauppa\/vaihto-ja-palautus\/\" \/>\n<meta property=\"og:site_name\" content=\"Dance Art -verkkokauppa\" \/>\n<meta property=\"article:publisher\" content=\"https:\/\/www.facebook.com\/Dance-Art-verkkokauppa-102802895033569\/\" \/>\n<meta property=\"article:modified_time\" content=\"2021-10-29T06:10:04+00:00\" \/>\n<meta name=\"twitter:card\" content=\"summary_large_image\" \/>\n<meta name=\"twitter:label1\" content=\"Arvioitu lukuaika\" \/>\n\t<meta name=\"twitter:data1\" content=\"9 minuuttia\" \/>\n<script type=\"application\/ld+json\" class=\"yoast-schema-graph\">{\"@context\":\"https:\/\/schema.org\",\"@graph\":[{\"@type\":\"WebPage\",\"@id\":\"https:\/\/danceart.fi\/kauppa\/vaihto-ja-palautus\/\",\"url\":\"https:\/\/danceart.fi\/kauppa\/vaihto-ja-palautus\/\",\"name\":\"Tanssitarvikkeita\",\"isPartOf\":{\"@id\":\"https:\/\/danceart.fi\/kauppa\/#website\"},\"datePublished\":\"2020-11-24T13:15:35+00:00\",\"dateModified\":\"2021-10-29T06:10:04+00:00\",\"description\":\"Tervetuloa Dance Art -verkkokauppaan! Dance Art tarjoaa laadukkaita tanssitarvikkeita toimipaikkojen ja verkkokaupan kautta.\",\"breadcrumb\":{\"@id\":\"https:\/\/danceart.fi\/kauppa\/vaihto-ja-palautus\/#breadcrumb\"},\"inLanguage\":\"fi\",\"potentialAction\":[{\"@type\":\"ReadAction\",\"target\":[\"https:\/\/danceart.fi\/kauppa\/vaihto-ja-palautus\/\"]}]},{\"@type\":\"BreadcrumbList\",\"@id\":\"https:\/\/danceart.fi\/kauppa\/vaihto-ja-palautus\/#breadcrumb\",\"itemListElement\":[{\"@type\":\"ListItem\",\"position\":1,\"name\":\"Home\",\"item\":\"https:\/\/danceart.fi\/kauppa\/etusivu\/\"},{\"@type\":\"ListItem\",\"position\":2,\"name\":\"Vaihto ja palautus\"}]},{\"@type\":\"WebSite\",\"@id\":\"https:\/\/danceart.fi\/kauppa\/#website\",\"url\":\"https:\/\/danceart.fi\/kauppa\/\",\"name\":\"Dance Art -verkkokauppa\",\"description\":\"Dance Art -kaupasta saat laadukkaita ja kivoja tanssitarvikkeita kaikille.\",\"publisher\":{\"@id\":\"https:\/\/danceart.fi\/kauppa\/#organization\"},\"potentialAction\":[{\"@type\":\"SearchAction\",\"target\":{\"@type\":\"EntryPoint\",\"urlTemplate\":\"https:\/\/danceart.fi\/kauppa\/?s={search_term_string}\"},\"query-input\":{\"@type\":\"PropertyValueSpecification\",\"valueRequired\":true,\"valueName\":\"search_term_string\"}}],\"inLanguage\":\"fi\"},{\"@type\":\"Organization\",\"@id\":\"https:\/\/danceart.fi\/kauppa\/#organization\",\"name\":\"Dance Art\",\"url\":\"https:\/\/danceart.fi\/kauppa\/\",\"logo\":{\"@type\":\"ImageObject\",\"inLanguage\":\"fi\",\"@id\":\"https:\/\/danceart.fi\/kauppa\/#\/schema\/logo\/image\/\",\"url\":\"https:\/\/danceart.fi\/kauppa\/wp-content\/uploads\/DanceArt_tummanharmaateksti_oranssifiguuri.png\",\"contentUrl\":\"https:\/\/danceart.fi\/kauppa\/wp-content\/uploads\/DanceArt_tummanharmaateksti_oranssifiguuri.png\",\"width\":340,\"height\":170,\"caption\":\"Dance Art\"},\"image\":{\"@id\":\"https:\/\/danceart.fi\/kauppa\/#\/schema\/logo\/image\/\"},\"sameAs\":[\"https:\/\/www.facebook.com\/Dance-Art-verkkokauppa-102802895033569\/\"]}]}<\/script>\n<!-- \/ Yoast SEO plugin. -->","yoast_head_json":{"title":"Tanssitarvikkeita","description":"Tervetuloa Dance Art -verkkokauppaan! Dance Art tarjoaa laadukkaita tanssitarvikkeita toimipaikkojen ja verkkokaupan kautta.","robots":{"index":"index","follow":"follow","max-snippet":"max-snippet:-1","max-image-preview":"max-image-preview:large","max-video-preview":"max-video-preview:-1"},"canonical":"https:\/\/danceart.fi\/kauppa\/vaihto-ja-palautus\/","og_locale":"fi_FI","og_type":"article","og_title":"Tanssitarvikkeita","og_description":"Tervetuloa Dance Art -verkkokauppaan! Dance Art tarjoaa laadukkaita tanssitarvikkeita toimipaikkojen ja verkkokaupan kautta.","og_url":"https:\/\/danceart.fi\/kauppa\/vaihto-ja-palautus\/","og_site_name":"Dance Art -verkkokauppa","article_publisher":"https:\/\/www.facebook.com\/Dance-Art-verkkokauppa-102802895033569\/","article_modified_time":"2021-10-29T06:10:04+00:00","twitter_card":"summary_large_image","twitter_misc":{"Arvioitu lukuaika":"9 minuuttia"},"schema":{"@context":"https:\/\/schema.org","@graph":[{"@type":"WebPage","@id":"https:\/\/danceart.fi\/kauppa\/vaihto-ja-palautus\/","url":"https:\/\/danceart.fi\/kauppa\/vaihto-ja-palautus\/","name":"Tanssitarvikkeita","isPartOf":{"@id":"https:\/\/danceart.fi\/kauppa\/#website"},"datePublished":"2020-11-24T13:15:35+00:00","dateModified":"2021-10-29T06:10:04+00:00","description":"Tervetuloa Dance Art -verkkokauppaan! Dance Art tarjoaa laadukkaita tanssitarvikkeita toimipaikkojen ja verkkokaupan kautta.","breadcrumb":{"@id":"https:\/\/danceart.fi\/kauppa\/vaihto-ja-palautus\/#breadcrumb"},"inLanguage":"fi","potentialAction":[{"@type":"ReadAction","target":["https:\/\/danceart.fi\/kauppa\/vaihto-ja-palautus\/"]}]},{"@type":"BreadcrumbList","@id":"https:\/\/danceart.fi\/kauppa\/vaihto-ja-palautus\/#breadcrumb","itemListElement":[{"@type":"ListItem","position":1,"name":"Home","item":"https:\/\/danceart.fi\/kauppa\/etusivu\/"},{"@type":"ListItem","position":2,"name":"Vaihto ja palautus"}]},{"@type":"WebSite","@id":"https:\/\/danceart.fi\/kauppa\/#website","url":"https:\/\/danceart.fi\/kauppa\/","name":"Dance Art -verkkokauppa","description":"Dance Art -kaupasta saat laadukkaita ja kivoja tanssitarvikkeita kaikille.","publisher":{"@id":"https:\/\/danceart.fi\/kauppa\/#organization"},"potentialAction":[{"@type":"SearchAction","target":{"@type":"EntryPoint","urlTemplate":"https:\/\/danceart.fi\/kauppa\/?s={search_term_string}"},"query-input":{"@type":"PropertyValueSpecification","valueRequired":true,"valueName":"search_term_string"}}],"inLanguage":"fi"},{"@type":"Organization","@id":"https:\/\/danceart.fi\/kauppa\/#organization","name":"Dance Art","url":"https:\/\/danceart.fi\/kauppa\/","logo":{"@type":"ImageObject","inLanguage":"fi","@id":"https:\/\/danceart.fi\/kauppa\/#\/schema\/logo\/image\/","url":"https:\/\/danceart.fi\/kauppa\/wp-content\/uploads\/DanceArt_tummanharmaateksti_oranssifiguuri.png","contentUrl":"https:\/\/danceart.fi\/kauppa\/wp-content\/uploads\/DanceArt_tummanharmaateksti_oranssifiguuri.png","width":340,"height":170,"caption":"Dance Art"},"image":{"@id":"https:\/\/danceart.fi\/kauppa\/#\/schema\/logo\/image\/"},"sameAs":["https:\/\/www.facebook.com\/Dance-Art-verkkokauppa-102802895033569\/"]}]}},"_links":{"self":[{"href":"https:\/\/danceart.fi\/kauppa\/wp-json\/wp\/v2\/pages\/3000","targetHints":{"allow":["GET"]}}],"collection":[{"href":"https:\/\/danceart.fi\/kauppa\/wp-json\/wp\/v2\/pages"}],"about":[{"href":"https:\/\/danceart.fi\/kauppa\/wp-json\/wp\/v2\/types\/page"}],"author":[{"embeddable":true,"href":"https:\/\/danceart.fi\/kauppa\/wp-json\/wp\/v2\/users\/1"}],"replies":[{"embeddable":true,"href":"https:\/\/danceart.fi\/kauppa\/wp-json\/wp\/v2\/comments?post=3000"}],"version-history":[{"count":22,"href":"https:\/\/danceart.fi\/kauppa\/wp-json\/wp\/v2\/pages\/3000\/revisions"}],"predecessor-version":[{"id":4605,"href":"https:\/\/danceart.fi\/kauppa\/wp-json\/wp\/v2\/pages\/3000\/revisions\/4605"}],"wp:attachment":[{"href":"https:\/\/danceart.fi\/kauppa\/wp-json\/wp\/v2\/media?parent=3000"}],"curies":[{"name":"wp","href":"https:\/\/api.w.org\/{rel}","templated":true}]}}