{"id":3034,"date":"2020-11-24T15:27:20","date_gmt":"2020-11-24T13:27:20","guid":{"rendered":"https:\/\/danceart.fi\/kauppa\/?page_id=3034"},"modified":"2025-08-29T12:33:25","modified_gmt":"2025-08-29T09:33:25","slug":"toimitustavat","status":"publish","type":"page","link":"https:\/\/danceart.fi\/kauppa\/toimitustavat\/","title":{"rendered":"Toimitustavat"},"content":{"rendered":"<div id='av-layout-grid-1'  class='av-layout-grid-container av-8p7xwa-3bd78c2eea37e5dfa42c3f9ec77c4815 entry-content-wrapper main_color av-flex-cells  avia-builder-el-0  el_before_av_section  avia-builder-el-first  gridi  container_wrap sidebar_right'  >\n\n<style type=\"text\/css\" data-created_by=\"avia_inline_auto\" id=\"style-css-av-8hx9vm-a32ae16b81af7813bbdec36cf256836a\">\n.flex_cell.av-8hx9vm-a32ae16b81af7813bbdec36cf256836a{\nvertical-align:top;\nheight:10px;\nmin-height:10px;\nbackground-color:#8d60a1;\n}\n.responsive #top #wrap_all .flex_cell.av-8hx9vm-a32ae16b81af7813bbdec36cf256836a{\npadding:0px 0px 0px 0px !important;\n}\n<\/style>\n<div class='flex_cell av-8hx9vm-a32ae16b81af7813bbdec36cf256836a av-gridrow-cell av_one_third no_margin  avia-builder-el-1  el_before_av_cell_one_third  avia-builder-el-first  content-align-top av-zero-padding avia-full-stretch'  ><div class='flex_cell_inner'><\/div><\/div>\n<style type=\"text\/css\" data-created_by=\"avia_inline_auto\" id=\"style-css-av-th76q-744424f8024d8b5b120fa688813f4461\">\n.flex_cell.av-th76q-744424f8024d8b5b120fa688813f4461{\nvertical-align:top;\nheight:10px;\nmin-height:10px;\nbackground-color:#dbd6d9;\n}\n.responsive #top #wrap_all .flex_cell.av-th76q-744424f8024d8b5b120fa688813f4461{\npadding:0px 0px 0px 0px !important;\n}\n<\/style>\n<div class='flex_cell av-th76q-744424f8024d8b5b120fa688813f4461 av-gridrow-cell av_one_third no_margin  avia-builder-el-2  el_after_av_cell_one_third  el_before_av_cell_one_third  content-align-top av-zero-padding avia-full-stretch'  ><div class='flex_cell_inner'><\/div><\/div>\n<style type=\"text\/css\" data-created_by=\"avia_inline_auto\" id=\"style-css-av-k0ta253y-0ca3b72605fd4709f1137aaf21edfb3e\">\n.flex_cell.av-k0ta253y-0ca3b72605fd4709f1137aaf21edfb3e{\nvertical-align:top;\nheight:10px;\nmin-height:10px;\nbackground-color:#aaa9ad;\n}\n.responsive #top #wrap_all .flex_cell.av-k0ta253y-0ca3b72605fd4709f1137aaf21edfb3e{\npadding:0px 0px 0px 0px !important;\n}\n<\/style>\n<div class='flex_cell av-k0ta253y-0ca3b72605fd4709f1137aaf21edfb3e av-gridrow-cell av_one_third no_margin  avia-builder-el-3  el_after_av_cell_one_third  avia-builder-el-last  content-align-top av-zero-padding'  ><div class='flex_cell_inner'><\/div><\/div>\n<\/div>\n\n<style type=\"text\/css\" data-created_by=\"avia_inline_auto\" id=\"style-css-av-khw09tch-148656b5d91dbc3f536703b0d9484ed0\">\n.avia-section.av-khw09tch-148656b5d91dbc3f536703b0d9484ed0{\nbackground-color:#ffffff;\nbackground-image:unset;\n}\n<\/style>\n<div id='av_section_1'  class='avia-section av-khw09tch-148656b5d91dbc3f536703b0d9484ed0 main_color avia-section-default avia-no-border-styling  avia-builder-el-4  el_after_av_layout_row  el_before_av_layout_row  avia-bg-style-scroll container_wrap sidebar_right'  ><div class='container av-section-cont-open' ><div class='template-page content  av-content-small alpha units'><div class='post-entry post-entry-type-page post-entry-3034'><div class='entry-content-wrapper clearfix'>\n\n<style type=\"text\/css\" data-created_by=\"avia_inline_auto\" id=\"style-css-av-4b09oq-abcb45f4ad98933ebbbedf8f4c8553c5\">\n#top .av-special-heading.av-4b09oq-abcb45f4ad98933ebbbedf8f4c8553c5{\npadding-bottom:10px;\ncolor:#aaa9ad;\n}\nbody .av-special-heading.av-4b09oq-abcb45f4ad98933ebbbedf8f4c8553c5 .av-special-heading-tag .heading-char{\nfont-size:25px;\n}\n.av-special-heading.av-4b09oq-abcb45f4ad98933ebbbedf8f4c8553c5 .special-heading-inner-border{\nborder-color:#aaa9ad;\n}\n.av-special-heading.av-4b09oq-abcb45f4ad98933ebbbedf8f4c8553c5 .av-subheading{\nfont-size:15px;\n}\n<\/style>\n<div  class='av-special-heading av-4b09oq-abcb45f4ad98933ebbbedf8f4c8553c5 av-special-heading-h2 custom-color-heading blockquote modern-quote  avia-builder-el-5  el_before_av_one_half  avia-builder-el-first '><h2 class='av-special-heading-tag '  itemprop=\"headline\"  >Toimitustavat<\/h2><div class=\"special-heading-border\"><div class=\"special-heading-inner-border\"><\/div><\/div><\/div>\n\n<style type=\"text\/css\" data-created_by=\"avia_inline_auto\" id=\"style-css-av-agdmy-c3099911ea9ac15098329754a9a115ed\">\n.flex_column.av-agdmy-c3099911ea9ac15098329754a9a115ed{\nborder-radius:0px 0px 0px 0px;\npadding:0px 0px 0px 0px;\nbackground-color:#ffffff;\n}\n<\/style>\n<div  class='flex_column av-agdmy-c3099911ea9ac15098329754a9a115ed av_one_half  avia-builder-el-6  el_after_av_heading  el_before_av_one_half  first flex_column_div av-zero-column-padding avia-link-column av-column-link  '    data-link-column-url=\"https:\/\/danceart.fi\/kauppa\/tuote-osasto\/lapset\/\"   ><a class=\"av-screen-reader-only\" href=https:\/\/danceart.fi\/kauppa\/tuote-osasto\/lapset\/ >Link to LAPSET in product_cat<\/a><section  class='av_textblock_section av-khvzr5gm-88c04b69a33ba657508dc7fe351141dc '   itemscope=\"itemscope\" itemtype=\"https:\/\/schema.org\/CreativeWork\" ><div class='avia_textblock'  itemprop=\"text\" ><p>Tuotteiden toimitusaika on noin 5-7 arkip\u00e4iv\u00e4\u00e4. J\u00e4lkitoimitukseen menevien tuotteiden osalta toimitusaika on 2-6 viikkoa. J\u00e4lkitomitus on mainittu tuotteen sivulla. Toimitustapa valitaan oston yhteydess\u00e4. Onnistuneesta tilauksesta saat tilausvahvistuksen s\u00e4hk\u00f6postiisi. Toimitamme p\u00e4\u00e4s\u00e4\u00e4nt\u00f6isesti vain t\u00e4yden tilauksen, ellei muuta ole sovittu. T\u00e4m\u00e4 tarkoittaa sit\u00e4, ett\u00e4 jos olet valinnut toimistustavaksesi postituksen, niin odotamme, ett\u00e4 tilauksesi kaikki tuotteet ovat saapuneet ja toimitettavissa.<\/p>\n<\/div><\/section><\/div>\n<style type=\"text\/css\" data-created_by=\"avia_inline_auto\" id=\"style-css-av-agdmy-4-d14805eafec8a06a81370309cc932f6b\">\n.flex_column.av-agdmy-4-d14805eafec8a06a81370309cc932f6b{\nborder-radius:0px 0px 0px 0px;\npadding:0px 0px 0px 0px;\nbackground-color:#ffffff;\n}\n<\/style>\n<div  class='flex_column av-agdmy-4-d14805eafec8a06a81370309cc932f6b av_one_half  avia-builder-el-8  el_after_av_one_half  el_before_av_one_half  flex_column_div av-zero-column-padding avia-link-column av-column-link  '    data-link-column-url=\"https:\/\/danceart.fi\/kauppa\/tuote-osasto\/lapset\/\"   ><a class=\"av-screen-reader-only\" href=https:\/\/danceart.fi\/kauppa\/tuote-osasto\/lapset\/ >Link to LAPSET in product_cat<\/a><section  class='av_textblock_section av-khvzr5gm-3-cb09eae511cd993f7fd2ecd747e803c4 '   itemscope=\"itemscope\" itemtype=\"https:\/\/schema.org\/CreativeWork\" ><div class='avia_textblock'  itemprop=\"text\" ><p>Toimituskulut m\u00e4\u00e4r\u00e4ytyv\u00e4t valitun toimitustavan mukaisesti. <strong>Toimitustavat ovat posti\/matkahuolto 9,90 \u20ac tai nouto Riihim\u00e4ki\u00a0 0 \u20ac . Noutopiste valitaan oston yhteydess\u00e4.<\/strong><\/p>\n<p>Saat viestin, kun tilaus on noudettavissa.<\/p>\n<\/div><\/section><\/div>\n<style type=\"text\/css\" data-created_by=\"avia_inline_auto\" id=\"style-css-av-3xwt2b-f7adb118c4d9cc57fdac46489daf8b3a\">\n.flex_column.av-3xwt2b-f7adb118c4d9cc57fdac46489daf8b3a{\nborder-radius:0px 0px 0px 0px;\npadding:0px 0px 0px 0px;\n}\n<\/style>\n<div  class='flex_column av-3xwt2b-f7adb118c4d9cc57fdac46489daf8b3a av_one_half  avia-builder-el-10  el_after_av_one_half  el_before_av_one_half  first flex_column_div av-zero-column-padding  column-top-margin'     ><p>\n<style type=\"text\/css\" data-created_by=\"avia_inline_auto\" id=\"style-css-av-2kd1ey-61c905ce53a0ad186c4f51477089cd31\">\n#top .av-special-heading.av-2kd1ey-61c905ce53a0ad186c4f51477089cd31{\npadding-bottom:20px;\ncolor:#aaa9ad;\nfont-size:26px;\n}\nbody .av-special-heading.av-2kd1ey-61c905ce53a0ad186c4f51477089cd31 .av-special-heading-tag .heading-char{\nfont-size:25px;\n}\n#top #wrap_all .av-special-heading.av-2kd1ey-61c905ce53a0ad186c4f51477089cd31 .av-special-heading-tag{\nfont-size:26px;\n}\n.av-special-heading.av-2kd1ey-61c905ce53a0ad186c4f51477089cd31 .special-heading-inner-border{\nborder-color:#aaa9ad;\n}\n.av-special-heading.av-2kd1ey-61c905ce53a0ad186c4f51477089cd31 .av-subheading{\nfont-size:15px;\n}\n\n@media only screen and (min-width: 480px) and (max-width: 767px){ \n#top #wrap_all .av-special-heading.av-2kd1ey-61c905ce53a0ad186c4f51477089cd31 .av-special-heading-tag{\nfont-size:0.8em;\n}\n}\n\n@media only screen and (max-width: 479px){ \n#top #wrap_all .av-special-heading.av-2kd1ey-61c905ce53a0ad186c4f51477089cd31 .av-special-heading-tag{\nfont-size:0.8em;\n}\n}\n<\/style>\n<div  class='av-special-heading av-2kd1ey-61c905ce53a0ad186c4f51477089cd31 av-special-heading-h3 custom-color-heading blockquote modern-quote  avia-builder-el-11  el_before_av_textblock  avia-builder-el-first  av-inherit-size av-linked-heading'><h3 class='av-special-heading-tag '  itemprop=\"headline\"  >Tilausten nouto <\/h3><div class=\"special-heading-border\"><div class=\"special-heading-inner-border\"><\/div><\/div><\/div><br \/>\n<section  class='av_textblock_section av-3ov9xf-ae8e608e9e92f815d7bb0666913e5f70 '   itemscope=\"itemscope\" itemtype=\"https:\/\/schema.org\/CreativeWork\" ><div class='avia_textblock'  itemprop=\"text\" ><p><strong>Hyvink\u00e4\u00e4<\/strong><\/p>\n<p>Maanantaisin 18.45-19 ja 20.30-20.45 (ei viikoilla 1, 8, 25-33, 42, 51, 52\u00a0 )<\/p>\n<p>Osoite: Ahokaari 6, 05460 Hyvink\u00e4\u00e4<\/p>\n<p>S\u00e4hk\u00f6posti: toimisto@danceart.fi<\/p>\n<p><strong>Riihim\u00e4ki<\/strong><\/p>\n<p>Tiistaisin 17.30-17.45 ja 19.00-19.15 sek\u00e4 arkisin 10-13 sopimuksen mukaan<\/p>\n<p>(ei viikoilla 1, 8, 25-33, 42, 51, 52\u00a0 )<\/p>\n<p>Osoite: H\u00e4meenkatu 25-27, Majakan Kauppakeskus 2 krs. 11100 Riihim\u00e4ki<br \/>\nS\u00e4hk\u00f6posti: toimisto@danceart.fi<\/p>\n<\/div><\/section><br \/>\n\n<style type=\"text\/css\" data-created_by=\"avia_inline_auto\" id=\"style-css-av-k03rtwae-fb735a749bdb512896eb39367ac6bdb7\">\n#top .hr.hr-invisible.av-k03rtwae-fb735a749bdb512896eb39367ac6bdb7{\nheight:10px;\n}\n<\/style>\n<div  class='hr av-k03rtwae-fb735a749bdb512896eb39367ac6bdb7 hr-invisible  avia-builder-el-13  el_after_av_textblock  el_before_av_textblock '><span class='hr-inner '><span class=\"hr-inner-style\"><\/span><\/span><\/div><br \/>\n<section  class='av_textblock_section av-3m8wjt-8f5ab7f61c78c75bbff80009adde9b20 '   itemscope=\"itemscope\" itemtype=\"https:\/\/schema.org\/CreativeWork\" ><div class='avia_textblock'  itemprop=\"text\" ><p>Kauppakeskus Majakan ovista sis\u00e4\u00e4n ja rappuset toiseen kerrokseen. Sis\u00e4\u00e4nk\u00e4yntimme n\u00e4kyy kauppakeskuksen ala-aulasta.<\/p>\n<\/div><\/section><\/p><\/div>\n<style type=\"text\/css\" data-created_by=\"avia_inline_auto\" id=\"style-css-av-3xwt2b-2-b91ab607906a0d3a9960e3862354d30c\">\n.flex_column.av-3xwt2b-2-b91ab607906a0d3a9960e3862354d30c{\nborder-radius:0px 0px 0px 0px;\npadding:0px 0px 0px 0px;\n}\n<\/style>\n<div  class='flex_column av-3xwt2b-2-b91ab607906a0d3a9960e3862354d30c av_one_half  avia-builder-el-15  el_after_av_one_half  avia-builder-el-last  flex_column_div av-zero-column-padding  column-top-margin'     ><p>\n<style type=\"text\/css\" data-created_by=\"avia_inline_auto\" id=\"style-css-av-k03rtwae-1-e800ccc810b153bb1ae45bffcf775ce1\">\n#top .hr.hr-invisible.av-k03rtwae-1-e800ccc810b153bb1ae45bffcf775ce1{\nheight:10px;\n}\n<\/style>\n<div  class='hr av-k03rtwae-1-e800ccc810b153bb1ae45bffcf775ce1 hr-invisible  avia-builder-el-16  el_before_av_google_map  avia-builder-el-no-sibling '><span class='hr-inner '><span class=\"hr-inner-style\"><\/span><\/span><\/div><br \/>\n<div  class='av_gmaps_sc_main_wrap av_gmaps_main_wrap '><div id='av_gmap_0' class='avia-google-map-container avia-google-map-sc av_gmaps_show_unconditionally av-no-fallback-img ' data-mapid='av_gmap_0'  style='height: 400px;'><a class=\"av_gmaps_browser_disabled av_text_confirm_link av_text_confirm_link_visible\" href=\"https:\/\/www.google.com\/maps\/search\/?api=1&#038;query=Ahokaari%206%2005460%20Hyvink\u00e4\u00e4%20%20Suomi\" target=\"_blank\">Maps were disabled by the visitor on this site. Click to open the map in a new window.<\/a><\/div><\/div><\/p><\/div><\/div><\/div><\/div><!-- close content main div --><\/div><\/div><div id='av-layout-grid-2'  class='av-layout-grid-container av-8p7xwa-8-c169d831ac6b1afa7659287230099a66 entry-content-wrapper main_color av-flex-cells  avia-builder-el-18  el_after_av_section  avia-builder-el-last  gridi grid-row-not-first  container_wrap sidebar_right'  >\n\n<style type=\"text\/css\" data-created_by=\"avia_inline_auto\" id=\"style-css-av-8hx9vm-7-f0fdfad3ecc8980207ffa4a55704e022\">\n.flex_cell.av-8hx9vm-7-f0fdfad3ecc8980207ffa4a55704e022{\nvertical-align:top;\nheight:10px;\nmin-height:10px;\nbackground-color:#8d60a1;\n}\n.responsive #top #wrap_all .flex_cell.av-8hx9vm-7-f0fdfad3ecc8980207ffa4a55704e022{\npadding:0px 0px 0px 0px !important;\n}\n<\/style>\n<div class='flex_cell av-8hx9vm-7-f0fdfad3ecc8980207ffa4a55704e022 av-gridrow-cell av_one_third no_margin  avia-builder-el-19  el_before_av_cell_one_third  avia-builder-el-first  content-align-top av-zero-padding avia-full-stretch'  ><div class='flex_cell_inner'><\/div><\/div>\n<style type=\"text\/css\" data-created_by=\"avia_inline_auto\" id=\"style-css-av-th76q-6-cbeb95bf9222a609599c653baf97cce4\">\n.flex_cell.av-th76q-6-cbeb95bf9222a609599c653baf97cce4{\nvertical-align:top;\nheight:10px;\nmin-height:10px;\nbackground-color:#dbd6d9;\n}\n.responsive #top #wrap_all .flex_cell.av-th76q-6-cbeb95bf9222a609599c653baf97cce4{\npadding:0px 0px 0px 0px !important;\n}\n<\/style>\n<div class='flex_cell av-th76q-6-cbeb95bf9222a609599c653baf97cce4 av-gridrow-cell av_one_third no_margin  avia-builder-el-20  el_after_av_cell_one_third  el_before_av_cell_one_third  content-align-top av-zero-padding avia-full-stretch'  ><div class='flex_cell_inner'><\/div><\/div>\n<style type=\"text\/css\" data-created_by=\"avia_inline_auto\" id=\"style-css-av-k0ta253y-5-5aa5c2c8f88262d4503c774ae68e89ea\">\n.flex_cell.av-k0ta253y-5-5aa5c2c8f88262d4503c774ae68e89ea{\nvertical-align:top;\nheight:10px;\nmin-height:10px;\nbackground-color:#aaa9ad;\n}\n.responsive #top #wrap_all .flex_cell.av-k0ta253y-5-5aa5c2c8f88262d4503c774ae68e89ea{\npadding:0px 0px 0px 0px !important;\n}\n<\/style>\n<div class='flex_cell av-k0ta253y-5-5aa5c2c8f88262d4503c774ae68e89ea av-gridrow-cell av_one_third no_margin  avia-builder-el-21  el_after_av_cell_one_third  avia-builder-el-last  content-align-top av-zero-padding'  ><div class='flex_cell_inner'><\/div><\/div>\n<\/div><\/p>\n","protected":false},"excerpt":{"rendered":"","protected":false},"author":1,"featured_media":0,"parent":0,"menu_order":0,"comment_status":"closed","ping_status":"open","template":"","meta":{"footnotes":""},"class_list":["post-3034","page","type-page","status-publish","hentry"],"yoast_head":"<!-- This site is optimized with the Yoast SEO plugin v27.4 - https:\/\/yoast.com\/product\/yoast-seo-wordpress\/ -->\n<title>Tanssitarvikkeita<\/title>\n<meta name=\"description\" content=\"Tervetuloa Dance Art -verkkokauppaan! Dance Art tarjoaa laadukkaita tanssitarvikkeita toimipaikkojen ja verkkokaupan kautta.\" \/>\n<meta name=\"robots\" content=\"index, follow, max-snippet:-1, max-image-preview:large, max-video-preview:-1\" \/>\n<link rel=\"canonical\" href=\"https:\/\/danceart.fi\/kauppa\/toimitustavat\/\" \/>\n<meta property=\"og:locale\" content=\"fi_FI\" \/>\n<meta property=\"og:type\" content=\"article\" \/>\n<meta property=\"og:title\" content=\"Tanssitarvikkeita\" \/>\n<meta property=\"og:description\" content=\"Tervetuloa Dance Art -verkkokauppaan! Dance Art tarjoaa laadukkaita tanssitarvikkeita toimipaikkojen ja verkkokaupan kautta.\" \/>\n<meta property=\"og:url\" content=\"https:\/\/danceart.fi\/kauppa\/toimitustavat\/\" \/>\n<meta property=\"og:site_name\" content=\"Dance Art -verkkokauppa\" \/>\n<meta property=\"article:publisher\" content=\"https:\/\/www.facebook.com\/Dance-Art-verkkokauppa-102802895033569\/\" \/>\n<meta property=\"article:modified_time\" content=\"2025-08-29T09:33:25+00:00\" \/>\n<meta name=\"twitter:card\" content=\"summary_large_image\" \/>\n<meta name=\"twitter:label1\" content=\"Arvioitu lukuaika\" \/>\n\t<meta name=\"twitter:data1\" content=\"2 minuuttia\" \/>\n<script type=\"application\/ld+json\" class=\"yoast-schema-graph\">{\"@context\":\"https:\\\/\\\/schema.org\",\"@graph\":[{\"@type\":\"WebPage\",\"@id\":\"https:\\\/\\\/danceart.fi\\\/kauppa\\\/toimitustavat\\\/\",\"url\":\"https:\\\/\\\/danceart.fi\\\/kauppa\\\/toimitustavat\\\/\",\"name\":\"Tanssitarvikkeita\",\"isPartOf\":{\"@id\":\"https:\\\/\\\/danceart.fi\\\/kauppa\\\/#website\"},\"datePublished\":\"2020-11-24T13:27:20+00:00\",\"dateModified\":\"2025-08-29T09:33:25+00:00\",\"description\":\"Tervetuloa Dance Art -verkkokauppaan! Dance Art tarjoaa laadukkaita tanssitarvikkeita toimipaikkojen ja verkkokaupan kautta.\",\"breadcrumb\":{\"@id\":\"https:\\\/\\\/danceart.fi\\\/kauppa\\\/toimitustavat\\\/#breadcrumb\"},\"inLanguage\":\"fi\",\"potentialAction\":[{\"@type\":\"ReadAction\",\"target\":[\"https:\\\/\\\/danceart.fi\\\/kauppa\\\/toimitustavat\\\/\"]}]},{\"@type\":\"BreadcrumbList\",\"@id\":\"https:\\\/\\\/danceart.fi\\\/kauppa\\\/toimitustavat\\\/#breadcrumb\",\"itemListElement\":[{\"@type\":\"ListItem\",\"position\":1,\"name\":\"Home\",\"item\":\"https:\\\/\\\/danceart.fi\\\/kauppa\\\/etusivu\\\/\"},{\"@type\":\"ListItem\",\"position\":2,\"name\":\"Toimitustavat\"}]},{\"@type\":\"WebSite\",\"@id\":\"https:\\\/\\\/danceart.fi\\\/kauppa\\\/#website\",\"url\":\"https:\\\/\\\/danceart.fi\\\/kauppa\\\/\",\"name\":\"Dance Art -verkkokauppa\",\"description\":\"Dance Art -kaupasta saat laadukkaita ja kivoja tanssitarvikkeita kaikille.\",\"publisher\":{\"@id\":\"https:\\\/\\\/danceart.fi\\\/kauppa\\\/#organization\"},\"potentialAction\":[{\"@type\":\"SearchAction\",\"target\":{\"@type\":\"EntryPoint\",\"urlTemplate\":\"https:\\\/\\\/danceart.fi\\\/kauppa\\\/?s={search_term_string}\"},\"query-input\":{\"@type\":\"PropertyValueSpecification\",\"valueRequired\":true,\"valueName\":\"search_term_string\"}}],\"inLanguage\":\"fi\"},{\"@type\":\"Organization\",\"@id\":\"https:\\\/\\\/danceart.fi\\\/kauppa\\\/#organization\",\"name\":\"Dance Art\",\"url\":\"https:\\\/\\\/danceart.fi\\\/kauppa\\\/\",\"logo\":{\"@type\":\"ImageObject\",\"inLanguage\":\"fi\",\"@id\":\"https:\\\/\\\/danceart.fi\\\/kauppa\\\/#\\\/schema\\\/logo\\\/image\\\/\",\"url\":\"https:\\\/\\\/danceart.fi\\\/kauppa\\\/wp-content\\\/uploads\\\/DanceArt_tummanharmaateksti_oranssifiguuri.png\",\"contentUrl\":\"https:\\\/\\\/danceart.fi\\\/kauppa\\\/wp-content\\\/uploads\\\/DanceArt_tummanharmaateksti_oranssifiguuri.png\",\"width\":340,\"height\":170,\"caption\":\"Dance Art\"},\"image\":{\"@id\":\"https:\\\/\\\/danceart.fi\\\/kauppa\\\/#\\\/schema\\\/logo\\\/image\\\/\"},\"sameAs\":[\"https:\\\/\\\/www.facebook.com\\\/Dance-Art-verkkokauppa-102802895033569\\\/\"]}]}<\/script>\n<!-- \/ Yoast SEO plugin. -->","yoast_head_json":{"title":"Tanssitarvikkeita","description":"Tervetuloa Dance Art -verkkokauppaan! Dance Art tarjoaa laadukkaita tanssitarvikkeita toimipaikkojen ja verkkokaupan kautta.","robots":{"index":"index","follow":"follow","max-snippet":"max-snippet:-1","max-image-preview":"max-image-preview:large","max-video-preview":"max-video-preview:-1"},"canonical":"https:\/\/danceart.fi\/kauppa\/toimitustavat\/","og_locale":"fi_FI","og_type":"article","og_title":"Tanssitarvikkeita","og_description":"Tervetuloa Dance Art -verkkokauppaan! Dance Art tarjoaa laadukkaita tanssitarvikkeita toimipaikkojen ja verkkokaupan kautta.","og_url":"https:\/\/danceart.fi\/kauppa\/toimitustavat\/","og_site_name":"Dance Art -verkkokauppa","article_publisher":"https:\/\/www.facebook.com\/Dance-Art-verkkokauppa-102802895033569\/","article_modified_time":"2025-08-29T09:33:25+00:00","twitter_card":"summary_large_image","twitter_misc":{"Arvioitu lukuaika":"2 minuuttia"},"schema":{"@context":"https:\/\/schema.org","@graph":[{"@type":"WebPage","@id":"https:\/\/danceart.fi\/kauppa\/toimitustavat\/","url":"https:\/\/danceart.fi\/kauppa\/toimitustavat\/","name":"Tanssitarvikkeita","isPartOf":{"@id":"https:\/\/danceart.fi\/kauppa\/#website"},"datePublished":"2020-11-24T13:27:20+00:00","dateModified":"2025-08-29T09:33:25+00:00","description":"Tervetuloa Dance Art -verkkokauppaan! Dance Art tarjoaa laadukkaita tanssitarvikkeita toimipaikkojen ja verkkokaupan kautta.","breadcrumb":{"@id":"https:\/\/danceart.fi\/kauppa\/toimitustavat\/#breadcrumb"},"inLanguage":"fi","potentialAction":[{"@type":"ReadAction","target":["https:\/\/danceart.fi\/kauppa\/toimitustavat\/"]}]},{"@type":"BreadcrumbList","@id":"https:\/\/danceart.fi\/kauppa\/toimitustavat\/#breadcrumb","itemListElement":[{"@type":"ListItem","position":1,"name":"Home","item":"https:\/\/danceart.fi\/kauppa\/etusivu\/"},{"@type":"ListItem","position":2,"name":"Toimitustavat"}]},{"@type":"WebSite","@id":"https:\/\/danceart.fi\/kauppa\/#website","url":"https:\/\/danceart.fi\/kauppa\/","name":"Dance Art -verkkokauppa","description":"Dance Art -kaupasta saat laadukkaita ja kivoja tanssitarvikkeita kaikille.","publisher":{"@id":"https:\/\/danceart.fi\/kauppa\/#organization"},"potentialAction":[{"@type":"SearchAction","target":{"@type":"EntryPoint","urlTemplate":"https:\/\/danceart.fi\/kauppa\/?s={search_term_string}"},"query-input":{"@type":"PropertyValueSpecification","valueRequired":true,"valueName":"search_term_string"}}],"inLanguage":"fi"},{"@type":"Organization","@id":"https:\/\/danceart.fi\/kauppa\/#organization","name":"Dance Art","url":"https:\/\/danceart.fi\/kauppa\/","logo":{"@type":"ImageObject","inLanguage":"fi","@id":"https:\/\/danceart.fi\/kauppa\/#\/schema\/logo\/image\/","url":"https:\/\/danceart.fi\/kauppa\/wp-content\/uploads\/DanceArt_tummanharmaateksti_oranssifiguuri.png","contentUrl":"https:\/\/danceart.fi\/kauppa\/wp-content\/uploads\/DanceArt_tummanharmaateksti_oranssifiguuri.png","width":340,"height":170,"caption":"Dance Art"},"image":{"@id":"https:\/\/danceart.fi\/kauppa\/#\/schema\/logo\/image\/"},"sameAs":["https:\/\/www.facebook.com\/Dance-Art-verkkokauppa-102802895033569\/"]}]}},"_links":{"self":[{"href":"https:\/\/danceart.fi\/kauppa\/wp-json\/wp\/v2\/pages\/3034","targetHints":{"allow":["GET"]}}],"collection":[{"href":"https:\/\/danceart.fi\/kauppa\/wp-json\/wp\/v2\/pages"}],"about":[{"href":"https:\/\/danceart.fi\/kauppa\/wp-json\/wp\/v2\/types\/page"}],"author":[{"embeddable":true,"href":"https:\/\/danceart.fi\/kauppa\/wp-json\/wp\/v2\/users\/1"}],"replies":[{"embeddable":true,"href":"https:\/\/danceart.fi\/kauppa\/wp-json\/wp\/v2\/comments?post=3034"}],"version-history":[{"count":25,"href":"https:\/\/danceart.fi\/kauppa\/wp-json\/wp\/v2\/pages\/3034\/revisions"}],"predecessor-version":[{"id":7470,"href":"https:\/\/danceart.fi\/kauppa\/wp-json\/wp\/v2\/pages\/3034\/revisions\/7470"}],"wp:attachment":[{"href":"https:\/\/danceart.fi\/kauppa\/wp-json\/wp\/v2\/media?parent=3034"}],"curies":[{"name":"wp","href":"https:\/\/api.w.org\/{rel}","templated":true}]}}