{"id":3042,"date":"2020-11-24T15:32:16","date_gmt":"2020-11-24T13:32:16","guid":{"rendered":"https:\/\/danceart.fi\/kauppa\/?page_id=3042"},"modified":"2021-10-29T09:12:24","modified_gmt":"2021-10-29T06:12:24","slug":"maksutavat","status":"publish","type":"page","link":"https:\/\/danceart.fi\/kauppa\/maksutavat\/","title":{"rendered":"Maksutavat"},"content":{"rendered":"<div id='av-layout-grid-1'  class='av-layout-grid-container av-8p7xwa-3bd78c2eea37e5dfa42c3f9ec77c4815 entry-content-wrapper main_color av-flex-cells  avia-builder-el-0  el_before_av_section  avia-builder-el-first  gridi  container_wrap sidebar_right'  >\n\n<style type=\"text\/css\" data-created_by=\"avia_inline_auto\" id=\"style-css-av-8hx9vm-a32ae16b81af7813bbdec36cf256836a\">\n.flex_cell.av-8hx9vm-a32ae16b81af7813bbdec36cf256836a{\nvertical-align:top;\nheight:10px;\nmin-height:10px;\nbackground-color:#8d60a1;\n}\n.responsive #top #wrap_all .flex_cell.av-8hx9vm-a32ae16b81af7813bbdec36cf256836a{\npadding:0px 0px 0px 0px !important;\n}\n<\/style>\n<div class='flex_cell av-8hx9vm-a32ae16b81af7813bbdec36cf256836a av-gridrow-cell av_one_third no_margin  avia-builder-el-1  el_before_av_cell_one_third  avia-builder-el-first  content-align-top av-zero-padding avia-full-stretch'  ><div class='flex_cell_inner'><\/div><\/div>\n<style type=\"text\/css\" data-created_by=\"avia_inline_auto\" id=\"style-css-av-th76q-744424f8024d8b5b120fa688813f4461\">\n.flex_cell.av-th76q-744424f8024d8b5b120fa688813f4461{\nvertical-align:top;\nheight:10px;\nmin-height:10px;\nbackground-color:#dbd6d9;\n}\n.responsive #top #wrap_all .flex_cell.av-th76q-744424f8024d8b5b120fa688813f4461{\npadding:0px 0px 0px 0px !important;\n}\n<\/style>\n<div class='flex_cell av-th76q-744424f8024d8b5b120fa688813f4461 av-gridrow-cell av_one_third no_margin  avia-builder-el-2  el_after_av_cell_one_third  el_before_av_cell_one_third  content-align-top av-zero-padding avia-full-stretch'  ><div class='flex_cell_inner'><\/div><\/div>\n<style type=\"text\/css\" data-created_by=\"avia_inline_auto\" id=\"style-css-av-k0ta253y-0ca3b72605fd4709f1137aaf21edfb3e\">\n.flex_cell.av-k0ta253y-0ca3b72605fd4709f1137aaf21edfb3e{\nvertical-align:top;\nheight:10px;\nmin-height:10px;\nbackground-color:#aaa9ad;\n}\n.responsive #top #wrap_all .flex_cell.av-k0ta253y-0ca3b72605fd4709f1137aaf21edfb3e{\npadding:0px 0px 0px 0px !important;\n}\n<\/style>\n<div class='flex_cell av-k0ta253y-0ca3b72605fd4709f1137aaf21edfb3e av-gridrow-cell av_one_third no_margin  avia-builder-el-3  el_after_av_cell_one_third  avia-builder-el-last  content-align-top av-zero-padding'  ><div class='flex_cell_inner'><\/div><\/div>\n<\/div>\n\n<style type=\"text\/css\" data-created_by=\"avia_inline_auto\" id=\"style-css-av-khw09tch-148656b5d91dbc3f536703b0d9484ed0\">\n.avia-section.av-khw09tch-148656b5d91dbc3f536703b0d9484ed0{\nbackground-color:#ffffff;\nbackground-image:unset;\n}\n<\/style>\n<div id='av_section_1'  class='avia-section av-khw09tch-148656b5d91dbc3f536703b0d9484ed0 main_color avia-section-default avia-no-border-styling  avia-builder-el-4  el_after_av_layout_row  el_before_av_layout_row  avia-bg-style-scroll container_wrap sidebar_right'  ><div class='container av-section-cont-open' ><div class='template-page content  av-content-small alpha units'><div class='post-entry post-entry-type-page post-entry-3042'><div class='entry-content-wrapper clearfix'>\n\n<style type=\"text\/css\" data-created_by=\"avia_inline_auto\" id=\"style-css-av-23094y-24066640d67a862b9124038ec5cf541c\">\n#top .av-special-heading.av-23094y-24066640d67a862b9124038ec5cf541c{\npadding-bottom:10px;\ncolor:#aaa9ad;\n}\nbody .av-special-heading.av-23094y-24066640d67a862b9124038ec5cf541c .av-special-heading-tag .heading-char{\nfont-size:25px;\n}\n.av-special-heading.av-23094y-24066640d67a862b9124038ec5cf541c .special-heading-inner-border{\nborder-color:#aaa9ad;\n}\n.av-special-heading.av-23094y-24066640d67a862b9124038ec5cf541c .av-subheading{\nfont-size:15px;\n}\n<\/style>\n<div  class='av-special-heading av-23094y-24066640d67a862b9124038ec5cf541c av-special-heading-h2 custom-color-heading blockquote modern-quote  avia-builder-el-5  el_before_av_one_half  avia-builder-el-first '><h2 class='av-special-heading-tag '  itemprop=\"headline\"  >Maksutavat<\/h2><div class=\"special-heading-border\"><div class=\"special-heading-inner-border\"><\/div><\/div><\/div>\n\n<style type=\"text\/css\" data-created_by=\"avia_inline_auto\" id=\"style-css-av-agdmy-c3099911ea9ac15098329754a9a115ed\">\n.flex_column.av-agdmy-c3099911ea9ac15098329754a9a115ed{\nborder-radius:0px 0px 0px 0px;\npadding:0px 0px 0px 0px;\nbackground-color:#ffffff;\n}\n<\/style>\n<div  class='flex_column av-agdmy-c3099911ea9ac15098329754a9a115ed av_one_half  avia-builder-el-6  el_after_av_heading  el_before_av_one_half  first flex_column_div av-zero-column-padding avia-link-column av-column-link  '    data-link-column-url=\"https:\/\/danceart.fi\/kauppa\/tuote-osasto\/lapset\/\"   ><a class=\"av-screen-reader-only\" href=https:\/\/danceart.fi\/kauppa\/tuote-osasto\/lapset\/ >Link to LAPSET in product_cat<\/a><section  class='av_textblock_section av-khvzr5gm-88c04b69a33ba657508dc7fe351141dc '   itemscope=\"itemscope\" itemtype=\"https:\/\/schema.org\/CreativeWork\" ><div class='avia_textblock'  itemprop=\"text\" ><p>Ilmoitetut hinnat sis\u00e4lt\u00e4v\u00e4t arvonlis\u00e4veron, mutta eiv\u00e4t postikuluja, ellei toisin mainita.<\/p>\n<p>Maksutapoina ovat kaikki kotimaiset verkkopankit ja tunnetut luottokortit, kuten Visa ja Mastercard. Lis\u00e4ksi kauttamme voi ostaa Jousto \u2013laskutus\/luottopalvelulla.<\/p>\n<p>Yritysasiakkaat voivat sopia laskutusvaihtoehdosta Dance Artin kanssa erikseen.<\/p>\n<p>Maksunv\u00e4lityspalvelun toteuttajana ja maksupalveluntarjoajana toimii Paytrail Oyj (2122839-7) yhteisty\u00f6ss\u00e4 suomalaisten pankkien ja luottolaitosten kanssa. Visa, Visa Electron tai MasterCard-korteilla teht\u00e4viss\u00e4 maksuissa Paytrail Oyj n\u00e4kyy maksun saajana korttilaskulla ja v\u00e4litt\u00e4\u00e4 maksun kauppiaalle. Paytrail Oyj:ll\u00e4 on maksulaitoksen toimilupa.<\/p>\n<p>Verkkopankkimaksamiseen liittyv\u00e4n maksunv\u00e4lityspalvelun toteuttaa Paytrail Oyj (2122839-7) yhteisty\u00f6ss\u00e4 suomalaisten pankkien ja luottolaitosten kanssa. K\u00e4ytt\u00e4j\u00e4n kannalta palvelu toimii aivan kuten perinteinen verkkomaksaminenkin.<br \/>\nPaytrail s\u00e4\u00e4st\u00e4\u00e4 sinut toistuvilta toimitus- ja maksutietojen sy\u00f6tt\u00e4misilt\u00e4 verkko-ostoksilla. Rekister\u00f6idy ja liit\u00e4 korttitietosi (debit tai credit) k\u00e4ytt\u00e4j\u00e4tiliisi vain kerran. Jatkossa vahvistat ostoksesi tuhansissa eri verkkokaupoissa yksill\u00e4 tunnuksilla. Palvelu on ilmainen.<\/p>\n<\/div><\/section><\/div>\n<style type=\"text\/css\" data-created_by=\"avia_inline_auto\" id=\"style-css-av-agdmy-86c1109f7f36aa480e88dd73c8e284dc\">\n.flex_column.av-agdmy-86c1109f7f36aa480e88dd73c8e284dc{\nborder-radius:0px 0px 0px 0px;\npadding:0px 0px 0px 0px;\nbackground-color:#ffffff;\n}\n<\/style>\n<div  class='flex_column av-agdmy-86c1109f7f36aa480e88dd73c8e284dc av_one_half  avia-builder-el-8  el_after_av_one_half  avia-builder-el-last  flex_column_div av-zero-column-padding avia-link-column av-column-link  '    data-link-column-url=\"https:\/\/danceart.fi\/kauppa\/tuote-osasto\/lapset\/\"   ><a class=\"av-screen-reader-only\" href=https:\/\/danceart.fi\/kauppa\/tuote-osasto\/lapset\/ >Link to LAPSET in product_cat<\/a><section  class='av_textblock_section av-khvzr5gm-88c04b69a33ba657508dc7fe351141dc '   itemscope=\"itemscope\" itemtype=\"https:\/\/schema.org\/CreativeWork\" ><div class='avia_textblock'  itemprop=\"text\" ><p><strong>N\u00e4in se toimii<\/strong><\/p>\n<p>1. Siirry verkkokaupassa maksamaan ostoksesi. Luo ilmaiset Paytrail-tunnukset maksun yhteydess\u00e4, tunnistaudu pankkitunnuksillasi ja jatka maksamaan.<\/p>\n<p>2. Lis\u00e4\u00e4 maksukortti (debit tai credit). Kortin tallentaminen ja maksaminen on turvallista.<\/p>\n<p>Tiedot tallentuvat turvallisesti Paytrailin palveluun. Voit kirjautua milloin vain k\u00e4ytt\u00e4j\u00e4tilillesi uudestaan Paytrail.comissa ja tutustua ostohistoriaasi sek\u00e4 hallinnoida k\u00e4ytt\u00e4j\u00e4tietojasi. Jatkossa vahvistat ostoksesi yksill\u00e4 tunnuksilla tuhansissa eri verkkokaupoissa!<\/p>\n<p>Paytrail-tilin kautta teht\u00e4viss\u00e4 korttimaksuissa maksutapahtuman sopimusosapuolina toimivat Paytrail ja kortin haltija.<\/p>\n<p>Paytrail Oyj, y-tunnus: 2122839-7<br \/>\nInnova 2<br \/>\nLutakonaukio 7<br \/>\n40100 Jyv\u00e4skyl\u00e4<br \/>\nPuhelin: 0207 181830<\/p>\n<\/div><\/section><\/div>\n\n<\/div><\/div><\/div><!-- close content main div --><\/div><\/div><div id='av-layout-grid-2'  class='av-layout-grid-container av-8p7xwa-3bd78c2eea37e5dfa42c3f9ec77c4815 entry-content-wrapper main_color av-flex-cells  avia-builder-el-10  el_after_av_section  avia-builder-el-last  gridi grid-row-not-first  container_wrap sidebar_right'  >\n\n<style type=\"text\/css\" data-created_by=\"avia_inline_auto\" id=\"style-css-av-8hx9vm-a32ae16b81af7813bbdec36cf256836a\">\n.flex_cell.av-8hx9vm-a32ae16b81af7813bbdec36cf256836a{\nvertical-align:top;\nheight:10px;\nmin-height:10px;\nbackground-color:#8d60a1;\n}\n.responsive #top #wrap_all .flex_cell.av-8hx9vm-a32ae16b81af7813bbdec36cf256836a{\npadding:0px 0px 0px 0px !important;\n}\n<\/style>\n<div class='flex_cell av-8hx9vm-a32ae16b81af7813bbdec36cf256836a av-gridrow-cell av_one_third no_margin  avia-builder-el-11  el_before_av_cell_one_third  avia-builder-el-first  content-align-top av-zero-padding avia-full-stretch'  ><div class='flex_cell_inner'><\/div><\/div>\n<style type=\"text\/css\" data-created_by=\"avia_inline_auto\" id=\"style-css-av-th76q-744424f8024d8b5b120fa688813f4461\">\n.flex_cell.av-th76q-744424f8024d8b5b120fa688813f4461{\nvertical-align:top;\nheight:10px;\nmin-height:10px;\nbackground-color:#dbd6d9;\n}\n.responsive #top #wrap_all .flex_cell.av-th76q-744424f8024d8b5b120fa688813f4461{\npadding:0px 0px 0px 0px !important;\n}\n<\/style>\n<div class='flex_cell av-th76q-744424f8024d8b5b120fa688813f4461 av-gridrow-cell av_one_third no_margin  avia-builder-el-12  el_after_av_cell_one_third  el_before_av_cell_one_third  content-align-top av-zero-padding avia-full-stretch'  ><div class='flex_cell_inner'><\/div><\/div>\n<style type=\"text\/css\" data-created_by=\"avia_inline_auto\" id=\"style-css-av-k0ta253y-0ca3b72605fd4709f1137aaf21edfb3e\">\n.flex_cell.av-k0ta253y-0ca3b72605fd4709f1137aaf21edfb3e{\nvertical-align:top;\nheight:10px;\nmin-height:10px;\nbackground-color:#aaa9ad;\n}\n.responsive #top #wrap_all .flex_cell.av-k0ta253y-0ca3b72605fd4709f1137aaf21edfb3e{\npadding:0px 0px 0px 0px !important;\n}\n<\/style>\n<div class='flex_cell av-k0ta253y-0ca3b72605fd4709f1137aaf21edfb3e av-gridrow-cell av_one_third no_margin  avia-builder-el-13  el_after_av_cell_one_third  avia-builder-el-last  content-align-top av-zero-padding'  ><div class='flex_cell_inner'><\/div><\/div>\n<\/div>\n","protected":false},"excerpt":{"rendered":"","protected":false},"author":1,"featured_media":0,"parent":0,"menu_order":0,"comment_status":"closed","ping_status":"open","template":"","meta":{"footnotes":""},"class_list":["post-3042","page","type-page","status-publish","hentry"],"yoast_head":"<!-- This site is optimized with the Yoast SEO plugin v27.2 - https:\/\/yoast.com\/product\/yoast-seo-wordpress\/ -->\n<title>Tanssitarvikkeita<\/title>\n<meta name=\"description\" content=\"Tervetuloa Dance Art -verkkokauppaan! Dance Art tarjoaa laadukkaita tanssitarvikkeita toimipaikkojen ja verkkokaupan kautta.\" \/>\n<meta name=\"robots\" content=\"index, follow, max-snippet:-1, max-image-preview:large, max-video-preview:-1\" \/>\n<link rel=\"canonical\" href=\"https:\/\/danceart.fi\/kauppa\/maksutavat\/\" \/>\n<meta property=\"og:locale\" content=\"fi_FI\" \/>\n<meta property=\"og:type\" content=\"article\" \/>\n<meta property=\"og:title\" content=\"Tanssitarvikkeita\" \/>\n<meta property=\"og:description\" content=\"Tervetuloa Dance Art -verkkokauppaan! Dance Art tarjoaa laadukkaita tanssitarvikkeita toimipaikkojen ja verkkokaupan kautta.\" \/>\n<meta property=\"og:url\" content=\"https:\/\/danceart.fi\/kauppa\/maksutavat\/\" \/>\n<meta property=\"og:site_name\" content=\"Dance Art -verkkokauppa\" \/>\n<meta property=\"article:publisher\" content=\"https:\/\/www.facebook.com\/Dance-Art-verkkokauppa-102802895033569\/\" \/>\n<meta property=\"article:modified_time\" content=\"2021-10-29T06:12:24+00:00\" \/>\n<meta name=\"twitter:card\" content=\"summary_large_image\" \/>\n<meta name=\"twitter:label1\" content=\"Arvioitu lukuaika\" \/>\n\t<meta name=\"twitter:data1\" content=\"7 minuuttia\" \/>\n<script type=\"application\/ld+json\" class=\"yoast-schema-graph\">{\"@context\":\"https:\/\/schema.org\",\"@graph\":[{\"@type\":\"WebPage\",\"@id\":\"https:\/\/danceart.fi\/kauppa\/maksutavat\/\",\"url\":\"https:\/\/danceart.fi\/kauppa\/maksutavat\/\",\"name\":\"Tanssitarvikkeita\",\"isPartOf\":{\"@id\":\"https:\/\/danceart.fi\/kauppa\/#website\"},\"datePublished\":\"2020-11-24T13:32:16+00:00\",\"dateModified\":\"2021-10-29T06:12:24+00:00\",\"description\":\"Tervetuloa Dance Art -verkkokauppaan! Dance Art tarjoaa laadukkaita tanssitarvikkeita toimipaikkojen ja verkkokaupan kautta.\",\"breadcrumb\":{\"@id\":\"https:\/\/danceart.fi\/kauppa\/maksutavat\/#breadcrumb\"},\"inLanguage\":\"fi\",\"potentialAction\":[{\"@type\":\"ReadAction\",\"target\":[\"https:\/\/danceart.fi\/kauppa\/maksutavat\/\"]}]},{\"@type\":\"BreadcrumbList\",\"@id\":\"https:\/\/danceart.fi\/kauppa\/maksutavat\/#breadcrumb\",\"itemListElement\":[{\"@type\":\"ListItem\",\"position\":1,\"name\":\"Home\",\"item\":\"https:\/\/danceart.fi\/kauppa\/etusivu\/\"},{\"@type\":\"ListItem\",\"position\":2,\"name\":\"Maksutavat\"}]},{\"@type\":\"WebSite\",\"@id\":\"https:\/\/danceart.fi\/kauppa\/#website\",\"url\":\"https:\/\/danceart.fi\/kauppa\/\",\"name\":\"Dance Art -verkkokauppa\",\"description\":\"Dance Art -kaupasta saat laadukkaita ja kivoja tanssitarvikkeita kaikille.\",\"publisher\":{\"@id\":\"https:\/\/danceart.fi\/kauppa\/#organization\"},\"potentialAction\":[{\"@type\":\"SearchAction\",\"target\":{\"@type\":\"EntryPoint\",\"urlTemplate\":\"https:\/\/danceart.fi\/kauppa\/?s={search_term_string}\"},\"query-input\":{\"@type\":\"PropertyValueSpecification\",\"valueRequired\":true,\"valueName\":\"search_term_string\"}}],\"inLanguage\":\"fi\"},{\"@type\":\"Organization\",\"@id\":\"https:\/\/danceart.fi\/kauppa\/#organization\",\"name\":\"Dance Art\",\"url\":\"https:\/\/danceart.fi\/kauppa\/\",\"logo\":{\"@type\":\"ImageObject\",\"inLanguage\":\"fi\",\"@id\":\"https:\/\/danceart.fi\/kauppa\/#\/schema\/logo\/image\/\",\"url\":\"https:\/\/danceart.fi\/kauppa\/wp-content\/uploads\/DanceArt_tummanharmaateksti_oranssifiguuri.png\",\"contentUrl\":\"https:\/\/danceart.fi\/kauppa\/wp-content\/uploads\/DanceArt_tummanharmaateksti_oranssifiguuri.png\",\"width\":340,\"height\":170,\"caption\":\"Dance Art\"},\"image\":{\"@id\":\"https:\/\/danceart.fi\/kauppa\/#\/schema\/logo\/image\/\"},\"sameAs\":[\"https:\/\/www.facebook.com\/Dance-Art-verkkokauppa-102802895033569\/\"]}]}<\/script>\n<!-- \/ Yoast SEO plugin. -->","yoast_head_json":{"title":"Tanssitarvikkeita","description":"Tervetuloa Dance Art -verkkokauppaan! Dance Art tarjoaa laadukkaita tanssitarvikkeita toimipaikkojen ja verkkokaupan kautta.","robots":{"index":"index","follow":"follow","max-snippet":"max-snippet:-1","max-image-preview":"max-image-preview:large","max-video-preview":"max-video-preview:-1"},"canonical":"https:\/\/danceart.fi\/kauppa\/maksutavat\/","og_locale":"fi_FI","og_type":"article","og_title":"Tanssitarvikkeita","og_description":"Tervetuloa Dance Art -verkkokauppaan! Dance Art tarjoaa laadukkaita tanssitarvikkeita toimipaikkojen ja verkkokaupan kautta.","og_url":"https:\/\/danceart.fi\/kauppa\/maksutavat\/","og_site_name":"Dance Art -verkkokauppa","article_publisher":"https:\/\/www.facebook.com\/Dance-Art-verkkokauppa-102802895033569\/","article_modified_time":"2021-10-29T06:12:24+00:00","twitter_card":"summary_large_image","twitter_misc":{"Arvioitu lukuaika":"7 minuuttia"},"schema":{"@context":"https:\/\/schema.org","@graph":[{"@type":"WebPage","@id":"https:\/\/danceart.fi\/kauppa\/maksutavat\/","url":"https:\/\/danceart.fi\/kauppa\/maksutavat\/","name":"Tanssitarvikkeita","isPartOf":{"@id":"https:\/\/danceart.fi\/kauppa\/#website"},"datePublished":"2020-11-24T13:32:16+00:00","dateModified":"2021-10-29T06:12:24+00:00","description":"Tervetuloa Dance Art -verkkokauppaan! Dance Art tarjoaa laadukkaita tanssitarvikkeita toimipaikkojen ja verkkokaupan kautta.","breadcrumb":{"@id":"https:\/\/danceart.fi\/kauppa\/maksutavat\/#breadcrumb"},"inLanguage":"fi","potentialAction":[{"@type":"ReadAction","target":["https:\/\/danceart.fi\/kauppa\/maksutavat\/"]}]},{"@type":"BreadcrumbList","@id":"https:\/\/danceart.fi\/kauppa\/maksutavat\/#breadcrumb","itemListElement":[{"@type":"ListItem","position":1,"name":"Home","item":"https:\/\/danceart.fi\/kauppa\/etusivu\/"},{"@type":"ListItem","position":2,"name":"Maksutavat"}]},{"@type":"WebSite","@id":"https:\/\/danceart.fi\/kauppa\/#website","url":"https:\/\/danceart.fi\/kauppa\/","name":"Dance Art -verkkokauppa","description":"Dance Art -kaupasta saat laadukkaita ja kivoja tanssitarvikkeita kaikille.","publisher":{"@id":"https:\/\/danceart.fi\/kauppa\/#organization"},"potentialAction":[{"@type":"SearchAction","target":{"@type":"EntryPoint","urlTemplate":"https:\/\/danceart.fi\/kauppa\/?s={search_term_string}"},"query-input":{"@type":"PropertyValueSpecification","valueRequired":true,"valueName":"search_term_string"}}],"inLanguage":"fi"},{"@type":"Organization","@id":"https:\/\/danceart.fi\/kauppa\/#organization","name":"Dance Art","url":"https:\/\/danceart.fi\/kauppa\/","logo":{"@type":"ImageObject","inLanguage":"fi","@id":"https:\/\/danceart.fi\/kauppa\/#\/schema\/logo\/image\/","url":"https:\/\/danceart.fi\/kauppa\/wp-content\/uploads\/DanceArt_tummanharmaateksti_oranssifiguuri.png","contentUrl":"https:\/\/danceart.fi\/kauppa\/wp-content\/uploads\/DanceArt_tummanharmaateksti_oranssifiguuri.png","width":340,"height":170,"caption":"Dance Art"},"image":{"@id":"https:\/\/danceart.fi\/kauppa\/#\/schema\/logo\/image\/"},"sameAs":["https:\/\/www.facebook.com\/Dance-Art-verkkokauppa-102802895033569\/"]}]}},"_links":{"self":[{"href":"https:\/\/danceart.fi\/kauppa\/wp-json\/wp\/v2\/pages\/3042","targetHints":{"allow":["GET"]}}],"collection":[{"href":"https:\/\/danceart.fi\/kauppa\/wp-json\/wp\/v2\/pages"}],"about":[{"href":"https:\/\/danceart.fi\/kauppa\/wp-json\/wp\/v2\/types\/page"}],"author":[{"embeddable":true,"href":"https:\/\/danceart.fi\/kauppa\/wp-json\/wp\/v2\/users\/1"}],"replies":[{"embeddable":true,"href":"https:\/\/danceart.fi\/kauppa\/wp-json\/wp\/v2\/comments?post=3042"}],"version-history":[{"count":5,"href":"https:\/\/danceart.fi\/kauppa\/wp-json\/wp\/v2\/pages\/3042\/revisions"}],"predecessor-version":[{"id":4608,"href":"https:\/\/danceart.fi\/kauppa\/wp-json\/wp\/v2\/pages\/3042\/revisions\/4608"}],"wp:attachment":[{"href":"https:\/\/danceart.fi\/kauppa\/wp-json\/wp\/v2\/media?parent=3042"}],"curies":[{"name":"wp","href":"https:\/\/api.w.org\/{rel}","templated":true}]}}