{"id":1818,"date":"2020-08-12T11:17:25","date_gmt":"2020-08-12T08:17:25","guid":{"rendered":"https:\/\/danceart.fi\/kauppa\/?post_type=product&#038;p=1818"},"modified":"2025-05-07T09:10:36","modified_gmt":"2025-05-07T06:10:36","slug":"hihaton-tanssipuku","status":"publish","type":"product","link":"https:\/\/danceart.fi\/kauppa\/tuote\/hihaton-tanssipuku\/","title":{"rendered":"Hihaton tanssipuku"},"content":{"rendered":"<p>Hihaton tanssipuku, korkealla etuosalla ja avonaisella takaosalla. Sopii hyvin sek\u00e4 nykytanssiin, jazziin ja balettiin. Valmistettu k\u00e4sity\u00f6n\u00e4 laadukkaista materiaaleista.<\/p>\n<p>Materiaali: 80% polyamide, 20% lycra. Pesu 40 asteessa.<\/p>\n<p>&nbsp;<\/p>\n","protected":false},"excerpt":{"rendered":"<p>Hihaton tanssipuku, korkealla etuosalla ja avonaisella takaosalla. Sopii hyvin sek\u00e4 nykytanssiin ett\u00e4 balettiin.<\/p>\n","protected":false},"featured_media":1819,"template":"","meta":[],"product_brand":[],"product_cat":[54,37,40,69,36],"product_tag":[57],"class_list":{"0":"post-1818","1":"product","2":"type-product","3":"status-publish","4":"has-post-thumbnail","6":"product_cat-aikuiset","7":"product_cat-classic","8":"product_cat-performance","9":"product_cat-tanssipuvut","10":"product_cat-yleinen","11":"product_tag-tanssipuku","13":"first","14":"instock","15":"taxable","16":"shipping-taxable","17":"purchasable","18":"product-type-variable"},"yoast_head":"<!-- This site is optimized with the Yoast SEO plugin v27.2 - https:\/\/yoast.com\/product\/yoast-seo-wordpress\/ -->\n<title>Hihaton tanssipuku - Dance Art -verkkokauppa<\/title>\n<meta name=\"robots\" content=\"index, follow, max-snippet:-1, max-image-preview:large, max-video-preview:-1\" \/>\n<link rel=\"canonical\" href=\"https:\/\/danceart.fi\/kauppa\/tuote\/hihaton-tanssipuku\/\" \/>\n<meta property=\"og:locale\" content=\"fi_FI\" \/>\n<meta property=\"og:type\" content=\"article\" \/>\n<meta property=\"og:title\" content=\"Hihaton tanssipuku - Dance Art -verkkokauppa\" \/>\n<meta property=\"og:description\" content=\"Hihaton tanssipuku, korkealla etuosalla ja avonaisella takaosalla. Sopii hyvin sek\u00e4 nykytanssiin ett\u00e4 balettiin.\" \/>\n<meta property=\"og:url\" content=\"https:\/\/danceart.fi\/kauppa\/tuote\/hihaton-tanssipuku\/\" \/>\n<meta property=\"og:site_name\" content=\"Dance Art -verkkokauppa\" \/>\n<meta property=\"article:publisher\" content=\"https:\/\/www.facebook.com\/Dance-Art-verkkokauppa-102802895033569\/\" \/>\n<meta property=\"article:modified_time\" content=\"2025-05-07T06:10:36+00:00\" \/>\n<meta property=\"og:image\" content=\"https:\/\/danceart.fi\/kauppa\/wp-content\/uploads\/31_1403852752_img_8403s.jpg\" \/>\n\t<meta property=\"og:image:width\" content=\"580\" \/>\n\t<meta property=\"og:image:height\" content=\"1000\" \/>\n\t<meta property=\"og:image:type\" content=\"image\/jpeg\" \/>\n<meta name=\"twitter:card\" content=\"summary_large_image\" \/>\n<meta name=\"twitter:label1\" content=\"Arvioitu lukuaika\" \/>\n\t<meta name=\"twitter:data1\" content=\"1 minuutti\" \/>\n<script type=\"application\/ld+json\" class=\"yoast-schema-graph\">{\"@context\":\"https:\/\/schema.org\",\"@graph\":[{\"@type\":\"WebPage\",\"@id\":\"https:\/\/danceart.fi\/kauppa\/tuote\/hihaton-tanssipuku\/\",\"url\":\"https:\/\/danceart.fi\/kauppa\/tuote\/hihaton-tanssipuku\/\",\"name\":\"Hihaton tanssipuku - Dance Art -verkkokauppa\",\"isPartOf\":{\"@id\":\"https:\/\/danceart.fi\/kauppa\/#website\"},\"primaryImageOfPage\":{\"@id\":\"https:\/\/danceart.fi\/kauppa\/tuote\/hihaton-tanssipuku\/#primaryimage\"},\"image\":{\"@id\":\"https:\/\/danceart.fi\/kauppa\/tuote\/hihaton-tanssipuku\/#primaryimage\"},\"thumbnailUrl\":\"https:\/\/danceart.fi\/kauppa\/wp-content\/uploads\/31_1403852752_img_8403s.jpg\",\"datePublished\":\"2020-08-12T08:17:25+00:00\",\"dateModified\":\"2025-05-07T06:10:36+00:00\",\"breadcrumb\":{\"@id\":\"https:\/\/danceart.fi\/kauppa\/tuote\/hihaton-tanssipuku\/#breadcrumb\"},\"inLanguage\":\"fi\",\"potentialAction\":[{\"@type\":\"ReadAction\",\"target\":[\"https:\/\/danceart.fi\/kauppa\/tuote\/hihaton-tanssipuku\/\"]}]},{\"@type\":\"ImageObject\",\"inLanguage\":\"fi\",\"@id\":\"https:\/\/danceart.fi\/kauppa\/tuote\/hihaton-tanssipuku\/#primaryimage\",\"url\":\"https:\/\/danceart.fi\/kauppa\/wp-content\/uploads\/31_1403852752_img_8403s.jpg\",\"contentUrl\":\"https:\/\/danceart.fi\/kauppa\/wp-content\/uploads\/31_1403852752_img_8403s.jpg\",\"width\":580,\"height\":1000,\"caption\":\"Hihaton tanssipuku, korkealla etuosalla ja avonaisella takaosalla. Sopii hyvin sek\u00e4 nykytanssiin ett\u00e4 balettiin.\"},{\"@type\":\"BreadcrumbList\",\"@id\":\"https:\/\/danceart.fi\/kauppa\/tuote\/hihaton-tanssipuku\/#breadcrumb\",\"itemListElement\":[{\"@type\":\"ListItem\",\"position\":1,\"name\":\"Home\",\"item\":\"https:\/\/danceart.fi\/kauppa\/etusivu\/\"},{\"@type\":\"ListItem\",\"position\":2,\"name\":\"Kauppa\",\"item\":\"https:\/\/danceart.fi\/kauppa\/kauppa\/\"},{\"@type\":\"ListItem\",\"position\":3,\"name\":\"Hihaton tanssipuku\"}]},{\"@type\":\"WebSite\",\"@id\":\"https:\/\/danceart.fi\/kauppa\/#website\",\"url\":\"https:\/\/danceart.fi\/kauppa\/\",\"name\":\"Dance Art -verkkokauppa\",\"description\":\"Dance Art -kaupasta saat laadukkaita ja kivoja tanssitarvikkeita kaikille.\",\"publisher\":{\"@id\":\"https:\/\/danceart.fi\/kauppa\/#organization\"},\"potentialAction\":[{\"@type\":\"SearchAction\",\"target\":{\"@type\":\"EntryPoint\",\"urlTemplate\":\"https:\/\/danceart.fi\/kauppa\/?s={search_term_string}\"},\"query-input\":{\"@type\":\"PropertyValueSpecification\",\"valueRequired\":true,\"valueName\":\"search_term_string\"}}],\"inLanguage\":\"fi\"},{\"@type\":\"Organization\",\"@id\":\"https:\/\/danceart.fi\/kauppa\/#organization\",\"name\":\"Dance Art\",\"url\":\"https:\/\/danceart.fi\/kauppa\/\",\"logo\":{\"@type\":\"ImageObject\",\"inLanguage\":\"fi\",\"@id\":\"https:\/\/danceart.fi\/kauppa\/#\/schema\/logo\/image\/\",\"url\":\"https:\/\/danceart.fi\/kauppa\/wp-content\/uploads\/DanceArt_tummanharmaateksti_oranssifiguuri.png\",\"contentUrl\":\"https:\/\/danceart.fi\/kauppa\/wp-content\/uploads\/DanceArt_tummanharmaateksti_oranssifiguuri.png\",\"width\":340,\"height\":170,\"caption\":\"Dance Art\"},\"image\":{\"@id\":\"https:\/\/danceart.fi\/kauppa\/#\/schema\/logo\/image\/\"},\"sameAs\":[\"https:\/\/www.facebook.com\/Dance-Art-verkkokauppa-102802895033569\/\"]}]}<\/script>\n<!-- \/ Yoast SEO plugin. -->","yoast_head_json":{"title":"Hihaton tanssipuku - Dance Art -verkkokauppa","robots":{"index":"index","follow":"follow","max-snippet":"max-snippet:-1","max-image-preview":"max-image-preview:large","max-video-preview":"max-video-preview:-1"},"canonical":"https:\/\/danceart.fi\/kauppa\/tuote\/hihaton-tanssipuku\/","og_locale":"fi_FI","og_type":"article","og_title":"Hihaton tanssipuku - Dance Art -verkkokauppa","og_description":"Hihaton tanssipuku, korkealla etuosalla ja avonaisella takaosalla. Sopii hyvin sek\u00e4 nykytanssiin ett\u00e4 balettiin.","og_url":"https:\/\/danceart.fi\/kauppa\/tuote\/hihaton-tanssipuku\/","og_site_name":"Dance Art -verkkokauppa","article_publisher":"https:\/\/www.facebook.com\/Dance-Art-verkkokauppa-102802895033569\/","article_modified_time":"2025-05-07T06:10:36+00:00","og_image":[{"width":580,"height":1000,"url":"https:\/\/danceart.fi\/kauppa\/wp-content\/uploads\/31_1403852752_img_8403s.jpg","type":"image\/jpeg"}],"twitter_card":"summary_large_image","twitter_misc":{"Arvioitu lukuaika":"1 minuutti"},"schema":{"@context":"https:\/\/schema.org","@graph":[{"@type":"WebPage","@id":"https:\/\/danceart.fi\/kauppa\/tuote\/hihaton-tanssipuku\/","url":"https:\/\/danceart.fi\/kauppa\/tuote\/hihaton-tanssipuku\/","name":"Hihaton tanssipuku - Dance Art -verkkokauppa","isPartOf":{"@id":"https:\/\/danceart.fi\/kauppa\/#website"},"primaryImageOfPage":{"@id":"https:\/\/danceart.fi\/kauppa\/tuote\/hihaton-tanssipuku\/#primaryimage"},"image":{"@id":"https:\/\/danceart.fi\/kauppa\/tuote\/hihaton-tanssipuku\/#primaryimage"},"thumbnailUrl":"https:\/\/danceart.fi\/kauppa\/wp-content\/uploads\/31_1403852752_img_8403s.jpg","datePublished":"2020-08-12T08:17:25+00:00","dateModified":"2025-05-07T06:10:36+00:00","breadcrumb":{"@id":"https:\/\/danceart.fi\/kauppa\/tuote\/hihaton-tanssipuku\/#breadcrumb"},"inLanguage":"fi","potentialAction":[{"@type":"ReadAction","target":["https:\/\/danceart.fi\/kauppa\/tuote\/hihaton-tanssipuku\/"]}]},{"@type":"ImageObject","inLanguage":"fi","@id":"https:\/\/danceart.fi\/kauppa\/tuote\/hihaton-tanssipuku\/#primaryimage","url":"https:\/\/danceart.fi\/kauppa\/wp-content\/uploads\/31_1403852752_img_8403s.jpg","contentUrl":"https:\/\/danceart.fi\/kauppa\/wp-content\/uploads\/31_1403852752_img_8403s.jpg","width":580,"height":1000,"caption":"Hihaton tanssipuku, korkealla etuosalla ja avonaisella takaosalla. Sopii hyvin sek\u00e4 nykytanssiin ett\u00e4 balettiin."},{"@type":"BreadcrumbList","@id":"https:\/\/danceart.fi\/kauppa\/tuote\/hihaton-tanssipuku\/#breadcrumb","itemListElement":[{"@type":"ListItem","position":1,"name":"Home","item":"https:\/\/danceart.fi\/kauppa\/etusivu\/"},{"@type":"ListItem","position":2,"name":"Kauppa","item":"https:\/\/danceart.fi\/kauppa\/kauppa\/"},{"@type":"ListItem","position":3,"name":"Hihaton tanssipuku"}]},{"@type":"WebSite","@id":"https:\/\/danceart.fi\/kauppa\/#website","url":"https:\/\/danceart.fi\/kauppa\/","name":"Dance Art -verkkokauppa","description":"Dance Art -kaupasta saat laadukkaita ja kivoja tanssitarvikkeita kaikille.","publisher":{"@id":"https:\/\/danceart.fi\/kauppa\/#organization"},"potentialAction":[{"@type":"SearchAction","target":{"@type":"EntryPoint","urlTemplate":"https:\/\/danceart.fi\/kauppa\/?s={search_term_string}"},"query-input":{"@type":"PropertyValueSpecification","valueRequired":true,"valueName":"search_term_string"}}],"inLanguage":"fi"},{"@type":"Organization","@id":"https:\/\/danceart.fi\/kauppa\/#organization","name":"Dance Art","url":"https:\/\/danceart.fi\/kauppa\/","logo":{"@type":"ImageObject","inLanguage":"fi","@id":"https:\/\/danceart.fi\/kauppa\/#\/schema\/logo\/image\/","url":"https:\/\/danceart.fi\/kauppa\/wp-content\/uploads\/DanceArt_tummanharmaateksti_oranssifiguuri.png","contentUrl":"https:\/\/danceart.fi\/kauppa\/wp-content\/uploads\/DanceArt_tummanharmaateksti_oranssifiguuri.png","width":340,"height":170,"caption":"Dance Art"},"image":{"@id":"https:\/\/danceart.fi\/kauppa\/#\/schema\/logo\/image\/"},"sameAs":["https:\/\/www.facebook.com\/Dance-Art-verkkokauppa-102802895033569\/"]}]}},"_links":{"self":[{"href":"https:\/\/danceart.fi\/kauppa\/wp-json\/wp\/v2\/product\/1818","targetHints":{"allow":["GET"]}}],"collection":[{"href":"https:\/\/danceart.fi\/kauppa\/wp-json\/wp\/v2\/product"}],"about":[{"href":"https:\/\/danceart.fi\/kauppa\/wp-json\/wp\/v2\/types\/product"}],"wp:featuredmedia":[{"embeddable":true,"href":"https:\/\/danceart.fi\/kauppa\/wp-json\/wp\/v2\/media\/1819"}],"wp:attachment":[{"href":"https:\/\/danceart.fi\/kauppa\/wp-json\/wp\/v2\/media?parent=1818"}],"wp:term":[{"taxonomy":"product_brand","embeddable":true,"href":"https:\/\/danceart.fi\/kauppa\/wp-json\/wp\/v2\/product_brand?post=1818"},{"taxonomy":"product_cat","embeddable":true,"href":"https:\/\/danceart.fi\/kauppa\/wp-json\/wp\/v2\/product_cat?post=1818"},{"taxonomy":"product_tag","embeddable":true,"href":"https:\/\/danceart.fi\/kauppa\/wp-json\/wp\/v2\/product_tag?post=1818"}],"curies":[{"name":"wp","href":"https:\/\/api.w.org\/{rel}","templated":true}]}}