{"id":1903,"date":"2020-08-12T15:41:35","date_gmt":"2020-08-12T12:41:35","guid":{"rendered":"https:\/\/danceart.fi\/kauppa\/?post_type=product&#038;p=1903"},"modified":"2026-01-28T21:33:54","modified_gmt":"2026-01-28T19:33:54","slug":"balettipuku","status":"publish","type":"product","link":"https:\/\/danceart.fi\/kauppa\/tuote\/balettipuku\/","title":{"rendered":"Balettipuku"},"content":{"rendered":"<p>Siro balettipuku vahvistetulla etuosalla ja kauniilla selustalla. Huomaa ihanat timanttiyksityiskohdat olkaimissa. Puku on valmistettu k\u00e4sity\u00f6n\u00e4 laadukkaista materiaaleista. Huom. Kuvassa puvun p\u00e4\u00e4ll\u00e4 microshortsit.<\/p>\n<p>Materiaali: 80 % polyamide, 20 % lycra. Pesu 40 asteessa.<\/p>\n<p>&nbsp;<\/p>\n<p>&nbsp;<\/p>\n","protected":false},"excerpt":{"rendered":"<p>Siro balettipuku vahvistetulla etuosalla ja kauniilla selustalla.<\/p>\n","protected":false},"featured_media":2812,"template":"","meta":[],"product_brand":[],"product_cat":[54,71,37,40,69,36],"product_tag":[62,60],"class_list":{"0":"post-1903","1":"product","2":"type-product","3":"status-publish","4":"has-post-thumbnail","6":"product_cat-aikuiset","7":"product_cat-balettiasut","8":"product_cat-classic","9":"product_cat-performance","10":"product_cat-tanssipuvut","11":"product_cat-yleinen","12":"product_tag-baletti","13":"product_tag-balettipuku","15":"first","16":"instock","17":"taxable","18":"shipping-taxable","19":"purchasable","20":"product-type-variable"},"yoast_head":"<!-- This site is optimized with the Yoast SEO plugin v27.4 - https:\/\/yoast.com\/product\/yoast-seo-wordpress\/ -->\n<title>Balettipuku - Dance Art -verkkokauppa<\/title>\n<meta name=\"robots\" content=\"index, follow, max-snippet:-1, max-image-preview:large, max-video-preview:-1\" \/>\n<link rel=\"canonical\" href=\"https:\/\/danceart.fi\/kauppa\/tuote\/balettipuku\/\" \/>\n<meta property=\"og:locale\" content=\"fi_FI\" \/>\n<meta property=\"og:type\" content=\"article\" \/>\n<meta property=\"og:title\" content=\"Balettipuku - Dance Art -verkkokauppa\" \/>\n<meta property=\"og:description\" content=\"Siro balettipuku vahvistetulla etuosalla ja kauniilla selustalla.\" \/>\n<meta property=\"og:url\" content=\"https:\/\/danceart.fi\/kauppa\/tuote\/balettipuku\/\" \/>\n<meta property=\"og:site_name\" content=\"Dance Art -verkkokauppa\" \/>\n<meta property=\"article:publisher\" content=\"https:\/\/www.facebook.com\/Dance-Art-verkkokauppa-102802895033569\/\" \/>\n<meta property=\"article:modified_time\" content=\"2026-01-28T19:33:54+00:00\" \/>\n<meta property=\"og:image\" content=\"https:\/\/danceart.fi\/kauppa\/wp-content\/uploads\/Nelli-liila-balettipuku.jpg\" \/>\n\t<meta property=\"og:image:width\" content=\"1000\" \/>\n\t<meta property=\"og:image:height\" content=\"1000\" \/>\n\t<meta property=\"og:image:type\" content=\"image\/jpeg\" \/>\n<meta name=\"twitter:card\" content=\"summary_large_image\" \/>\n<meta name=\"twitter:label1\" content=\"Arvioitu lukuaika\" \/>\n\t<meta name=\"twitter:data1\" content=\"1 minuutti\" \/>\n<script type=\"application\/ld+json\" class=\"yoast-schema-graph\">{\"@context\":\"https:\\\/\\\/schema.org\",\"@graph\":[{\"@type\":\"WebPage\",\"@id\":\"https:\\\/\\\/danceart.fi\\\/kauppa\\\/tuote\\\/balettipuku\\\/\",\"url\":\"https:\\\/\\\/danceart.fi\\\/kauppa\\\/tuote\\\/balettipuku\\\/\",\"name\":\"Balettipuku - Dance Art -verkkokauppa\",\"isPartOf\":{\"@id\":\"https:\\\/\\\/danceart.fi\\\/kauppa\\\/#website\"},\"primaryImageOfPage\":{\"@id\":\"https:\\\/\\\/danceart.fi\\\/kauppa\\\/tuote\\\/balettipuku\\\/#primaryimage\"},\"image\":{\"@id\":\"https:\\\/\\\/danceart.fi\\\/kauppa\\\/tuote\\\/balettipuku\\\/#primaryimage\"},\"thumbnailUrl\":\"https:\\\/\\\/danceart.fi\\\/kauppa\\\/wp-content\\\/uploads\\\/Nelli-liila-balettipuku.jpg\",\"datePublished\":\"2020-08-12T12:41:35+00:00\",\"dateModified\":\"2026-01-28T19:33:54+00:00\",\"breadcrumb\":{\"@id\":\"https:\\\/\\\/danceart.fi\\\/kauppa\\\/tuote\\\/balettipuku\\\/#breadcrumb\"},\"inLanguage\":\"fi\",\"potentialAction\":[{\"@type\":\"ReadAction\",\"target\":[\"https:\\\/\\\/danceart.fi\\\/kauppa\\\/tuote\\\/balettipuku\\\/\"]}]},{\"@type\":\"ImageObject\",\"inLanguage\":\"fi\",\"@id\":\"https:\\\/\\\/danceart.fi\\\/kauppa\\\/tuote\\\/balettipuku\\\/#primaryimage\",\"url\":\"https:\\\/\\\/danceart.fi\\\/kauppa\\\/wp-content\\\/uploads\\\/Nelli-liila-balettipuku.jpg\",\"contentUrl\":\"https:\\\/\\\/danceart.fi\\\/kauppa\\\/wp-content\\\/uploads\\\/Nelli-liila-balettipuku.jpg\",\"width\":1000,\"height\":1000},{\"@type\":\"BreadcrumbList\",\"@id\":\"https:\\\/\\\/danceart.fi\\\/kauppa\\\/tuote\\\/balettipuku\\\/#breadcrumb\",\"itemListElement\":[{\"@type\":\"ListItem\",\"position\":1,\"name\":\"Home\",\"item\":\"https:\\\/\\\/danceart.fi\\\/kauppa\\\/etusivu\\\/\"},{\"@type\":\"ListItem\",\"position\":2,\"name\":\"Kauppa\",\"item\":\"https:\\\/\\\/danceart.fi\\\/kauppa\\\/kauppa\\\/\"},{\"@type\":\"ListItem\",\"position\":3,\"name\":\"Balettipuku\"}]},{\"@type\":\"WebSite\",\"@id\":\"https:\\\/\\\/danceart.fi\\\/kauppa\\\/#website\",\"url\":\"https:\\\/\\\/danceart.fi\\\/kauppa\\\/\",\"name\":\"Dance Art -verkkokauppa\",\"description\":\"Dance Art -kaupasta saat laadukkaita ja kivoja tanssitarvikkeita kaikille.\",\"publisher\":{\"@id\":\"https:\\\/\\\/danceart.fi\\\/kauppa\\\/#organization\"},\"potentialAction\":[{\"@type\":\"SearchAction\",\"target\":{\"@type\":\"EntryPoint\",\"urlTemplate\":\"https:\\\/\\\/danceart.fi\\\/kauppa\\\/?s={search_term_string}\"},\"query-input\":{\"@type\":\"PropertyValueSpecification\",\"valueRequired\":true,\"valueName\":\"search_term_string\"}}],\"inLanguage\":\"fi\"},{\"@type\":\"Organization\",\"@id\":\"https:\\\/\\\/danceart.fi\\\/kauppa\\\/#organization\",\"name\":\"Dance Art\",\"url\":\"https:\\\/\\\/danceart.fi\\\/kauppa\\\/\",\"logo\":{\"@type\":\"ImageObject\",\"inLanguage\":\"fi\",\"@id\":\"https:\\\/\\\/danceart.fi\\\/kauppa\\\/#\\\/schema\\\/logo\\\/image\\\/\",\"url\":\"https:\\\/\\\/danceart.fi\\\/kauppa\\\/wp-content\\\/uploads\\\/DanceArt_tummanharmaateksti_oranssifiguuri.png\",\"contentUrl\":\"https:\\\/\\\/danceart.fi\\\/kauppa\\\/wp-content\\\/uploads\\\/DanceArt_tummanharmaateksti_oranssifiguuri.png\",\"width\":340,\"height\":170,\"caption\":\"Dance Art\"},\"image\":{\"@id\":\"https:\\\/\\\/danceart.fi\\\/kauppa\\\/#\\\/schema\\\/logo\\\/image\\\/\"},\"sameAs\":[\"https:\\\/\\\/www.facebook.com\\\/Dance-Art-verkkokauppa-102802895033569\\\/\"]}]}<\/script>\n<!-- \/ Yoast SEO plugin. -->","yoast_head_json":{"title":"Balettipuku - Dance Art -verkkokauppa","robots":{"index":"index","follow":"follow","max-snippet":"max-snippet:-1","max-image-preview":"max-image-preview:large","max-video-preview":"max-video-preview:-1"},"canonical":"https:\/\/danceart.fi\/kauppa\/tuote\/balettipuku\/","og_locale":"fi_FI","og_type":"article","og_title":"Balettipuku - Dance Art -verkkokauppa","og_description":"Siro balettipuku vahvistetulla etuosalla ja kauniilla selustalla.","og_url":"https:\/\/danceart.fi\/kauppa\/tuote\/balettipuku\/","og_site_name":"Dance Art -verkkokauppa","article_publisher":"https:\/\/www.facebook.com\/Dance-Art-verkkokauppa-102802895033569\/","article_modified_time":"2026-01-28T19:33:54+00:00","og_image":[{"width":1000,"height":1000,"url":"https:\/\/danceart.fi\/kauppa\/wp-content\/uploads\/Nelli-liila-balettipuku.jpg","type":"image\/jpeg"}],"twitter_card":"summary_large_image","twitter_misc":{"Arvioitu lukuaika":"1 minuutti"},"schema":{"@context":"https:\/\/schema.org","@graph":[{"@type":"WebPage","@id":"https:\/\/danceart.fi\/kauppa\/tuote\/balettipuku\/","url":"https:\/\/danceart.fi\/kauppa\/tuote\/balettipuku\/","name":"Balettipuku - Dance Art -verkkokauppa","isPartOf":{"@id":"https:\/\/danceart.fi\/kauppa\/#website"},"primaryImageOfPage":{"@id":"https:\/\/danceart.fi\/kauppa\/tuote\/balettipuku\/#primaryimage"},"image":{"@id":"https:\/\/danceart.fi\/kauppa\/tuote\/balettipuku\/#primaryimage"},"thumbnailUrl":"https:\/\/danceart.fi\/kauppa\/wp-content\/uploads\/Nelli-liila-balettipuku.jpg","datePublished":"2020-08-12T12:41:35+00:00","dateModified":"2026-01-28T19:33:54+00:00","breadcrumb":{"@id":"https:\/\/danceart.fi\/kauppa\/tuote\/balettipuku\/#breadcrumb"},"inLanguage":"fi","potentialAction":[{"@type":"ReadAction","target":["https:\/\/danceart.fi\/kauppa\/tuote\/balettipuku\/"]}]},{"@type":"ImageObject","inLanguage":"fi","@id":"https:\/\/danceart.fi\/kauppa\/tuote\/balettipuku\/#primaryimage","url":"https:\/\/danceart.fi\/kauppa\/wp-content\/uploads\/Nelli-liila-balettipuku.jpg","contentUrl":"https:\/\/danceart.fi\/kauppa\/wp-content\/uploads\/Nelli-liila-balettipuku.jpg","width":1000,"height":1000},{"@type":"BreadcrumbList","@id":"https:\/\/danceart.fi\/kauppa\/tuote\/balettipuku\/#breadcrumb","itemListElement":[{"@type":"ListItem","position":1,"name":"Home","item":"https:\/\/danceart.fi\/kauppa\/etusivu\/"},{"@type":"ListItem","position":2,"name":"Kauppa","item":"https:\/\/danceart.fi\/kauppa\/kauppa\/"},{"@type":"ListItem","position":3,"name":"Balettipuku"}]},{"@type":"WebSite","@id":"https:\/\/danceart.fi\/kauppa\/#website","url":"https:\/\/danceart.fi\/kauppa\/","name":"Dance Art -verkkokauppa","description":"Dance Art -kaupasta saat laadukkaita ja kivoja tanssitarvikkeita kaikille.","publisher":{"@id":"https:\/\/danceart.fi\/kauppa\/#organization"},"potentialAction":[{"@type":"SearchAction","target":{"@type":"EntryPoint","urlTemplate":"https:\/\/danceart.fi\/kauppa\/?s={search_term_string}"},"query-input":{"@type":"PropertyValueSpecification","valueRequired":true,"valueName":"search_term_string"}}],"inLanguage":"fi"},{"@type":"Organization","@id":"https:\/\/danceart.fi\/kauppa\/#organization","name":"Dance Art","url":"https:\/\/danceart.fi\/kauppa\/","logo":{"@type":"ImageObject","inLanguage":"fi","@id":"https:\/\/danceart.fi\/kauppa\/#\/schema\/logo\/image\/","url":"https:\/\/danceart.fi\/kauppa\/wp-content\/uploads\/DanceArt_tummanharmaateksti_oranssifiguuri.png","contentUrl":"https:\/\/danceart.fi\/kauppa\/wp-content\/uploads\/DanceArt_tummanharmaateksti_oranssifiguuri.png","width":340,"height":170,"caption":"Dance Art"},"image":{"@id":"https:\/\/danceart.fi\/kauppa\/#\/schema\/logo\/image\/"},"sameAs":["https:\/\/www.facebook.com\/Dance-Art-verkkokauppa-102802895033569\/"]}]}},"_links":{"self":[{"href":"https:\/\/danceart.fi\/kauppa\/wp-json\/wp\/v2\/product\/1903","targetHints":{"allow":["GET"]}}],"collection":[{"href":"https:\/\/danceart.fi\/kauppa\/wp-json\/wp\/v2\/product"}],"about":[{"href":"https:\/\/danceart.fi\/kauppa\/wp-json\/wp\/v2\/types\/product"}],"wp:featuredmedia":[{"embeddable":true,"href":"https:\/\/danceart.fi\/kauppa\/wp-json\/wp\/v2\/media\/2812"}],"wp:attachment":[{"href":"https:\/\/danceart.fi\/kauppa\/wp-json\/wp\/v2\/media?parent=1903"}],"wp:term":[{"taxonomy":"product_brand","embeddable":true,"href":"https:\/\/danceart.fi\/kauppa\/wp-json\/wp\/v2\/product_brand?post=1903"},{"taxonomy":"product_cat","embeddable":true,"href":"https:\/\/danceart.fi\/kauppa\/wp-json\/wp\/v2\/product_cat?post=1903"},{"taxonomy":"product_tag","embeddable":true,"href":"https:\/\/danceart.fi\/kauppa\/wp-json\/wp\/v2\/product_tag?post=1903"}],"curies":[{"name":"wp","href":"https:\/\/api.w.org\/{rel}","templated":true}]}}