{"id":2050,"date":"2020-08-12T17:16:34","date_gmt":"2020-08-12T14:16:34","guid":{"rendered":"https:\/\/danceart.fi\/kauppa\/?post_type=product&#038;p=2050"},"modified":"2024-06-12T10:41:58","modified_gmt":"2024-06-12T07:41:58","slug":"lasten-halterneck-tanssipuku","status":"publish","type":"product","link":"https:\/\/danceart.fi\/kauppa\/tuote\/lasten-halterneck-tanssipuku\/","title":{"rendered":"Lasten halterneck tanssipuku"},"content":{"rendered":"<p>Tyylik\u00e4s niskan takaa neppareilla kiinnitett\u00e4v\u00e4 halterneck tanssipuku, jossa vahvistettu etuosa. N\u00e4ytt\u00e4v\u00e4, laadukas puku on valmistettu k\u00e4sity\u00f6n\u00e4.<\/p>\n<p>Materiaali: 80 % polyamide, 20 % lycra. Pesu 40 asteessa.<\/p>\n<p>Huom. Kuvassa puvun p\u00e4\u00e4ll\u00e4 microshortsit.<\/p>\n","protected":false},"excerpt":{"rendered":"<p>Tyylik\u00e4s niskan takaa neppareilla kiinnitett\u00e4v\u00e4 halterneck tanssipuku, jossa vahvistettu etuosa.<\/p>\n","protected":false},"featured_media":1943,"template":"","meta":[],"product_brand":[],"product_cat":[55,69],"product_tag":[57],"class_list":{"0":"post-2050","1":"product","2":"type-product","3":"status-publish","4":"has-post-thumbnail","6":"product_cat-lapset","7":"product_cat-tanssipuvut","8":"product_tag-tanssipuku","10":"first","11":"instock","12":"taxable","13":"shipping-taxable","14":"purchasable","15":"product-type-variable"},"yoast_head":"<!-- This site is optimized with the Yoast SEO plugin v27.2 - https:\/\/yoast.com\/product\/yoast-seo-wordpress\/ -->\n<title>Lasten halterneck tanssipuku - Dance Art -verkkokauppa<\/title>\n<meta name=\"robots\" content=\"index, follow, max-snippet:-1, max-image-preview:large, max-video-preview:-1\" \/>\n<link rel=\"canonical\" href=\"https:\/\/danceart.fi\/kauppa\/tuote\/lasten-halterneck-tanssipuku\/\" \/>\n<meta property=\"og:locale\" content=\"fi_FI\" \/>\n<meta property=\"og:type\" content=\"article\" \/>\n<meta property=\"og:title\" content=\"Lasten halterneck tanssipuku - Dance Art -verkkokauppa\" \/>\n<meta property=\"og:description\" content=\"Tyylik\u00e4s niskan takaa neppareilla kiinnitett\u00e4v\u00e4 halterneck tanssipuku, jossa vahvistettu etuosa.\" \/>\n<meta property=\"og:url\" content=\"https:\/\/danceart.fi\/kauppa\/tuote\/lasten-halterneck-tanssipuku\/\" \/>\n<meta property=\"og:site_name\" content=\"Dance Art -verkkokauppa\" \/>\n<meta property=\"article:publisher\" content=\"https:\/\/www.facebook.com\/Dance-Art-verkkokauppa-102802895033569\/\" \/>\n<meta property=\"article:modified_time\" content=\"2024-06-12T07:41:58+00:00\" \/>\n<meta property=\"og:image\" content=\"https:\/\/danceart.fi\/kauppa\/wp-content\/uploads\/14_1403853697_fs_img_3405.jpg\" \/>\n\t<meta property=\"og:image:width\" content=\"1000\" \/>\n\t<meta property=\"og:image:height\" content=\"1592\" \/>\n\t<meta property=\"og:image:type\" content=\"image\/jpeg\" \/>\n<meta name=\"twitter:card\" content=\"summary_large_image\" \/>\n<meta name=\"twitter:label1\" content=\"Arvioitu lukuaika\" \/>\n\t<meta name=\"twitter:data1\" content=\"1 minuutti\" \/>\n<script type=\"application\/ld+json\" class=\"yoast-schema-graph\">{\"@context\":\"https:\/\/schema.org\",\"@graph\":[{\"@type\":\"WebPage\",\"@id\":\"https:\/\/danceart.fi\/kauppa\/tuote\/lasten-halterneck-tanssipuku\/\",\"url\":\"https:\/\/danceart.fi\/kauppa\/tuote\/lasten-halterneck-tanssipuku\/\",\"name\":\"Lasten halterneck tanssipuku - Dance Art -verkkokauppa\",\"isPartOf\":{\"@id\":\"https:\/\/danceart.fi\/kauppa\/#website\"},\"primaryImageOfPage\":{\"@id\":\"https:\/\/danceart.fi\/kauppa\/tuote\/lasten-halterneck-tanssipuku\/#primaryimage\"},\"image\":{\"@id\":\"https:\/\/danceart.fi\/kauppa\/tuote\/lasten-halterneck-tanssipuku\/#primaryimage\"},\"thumbnailUrl\":\"https:\/\/danceart.fi\/kauppa\/wp-content\/uploads\/14_1403853697_fs_img_3405.jpg\",\"datePublished\":\"2020-08-12T14:16:34+00:00\",\"dateModified\":\"2024-06-12T07:41:58+00:00\",\"breadcrumb\":{\"@id\":\"https:\/\/danceart.fi\/kauppa\/tuote\/lasten-halterneck-tanssipuku\/#breadcrumb\"},\"inLanguage\":\"fi\",\"potentialAction\":[{\"@type\":\"ReadAction\",\"target\":[\"https:\/\/danceart.fi\/kauppa\/tuote\/lasten-halterneck-tanssipuku\/\"]}]},{\"@type\":\"ImageObject\",\"inLanguage\":\"fi\",\"@id\":\"https:\/\/danceart.fi\/kauppa\/tuote\/lasten-halterneck-tanssipuku\/#primaryimage\",\"url\":\"https:\/\/danceart.fi\/kauppa\/wp-content\/uploads\/14_1403853697_fs_img_3405.jpg\",\"contentUrl\":\"https:\/\/danceart.fi\/kauppa\/wp-content\/uploads\/14_1403853697_fs_img_3405.jpg\",\"width\":1000,\"height\":1592,\"caption\":\"Tyylik\u00e4s niskan takaa neppareilla kiinnitett\u00e4v\u00e4 halterneck tanssipuku, jossa vahvistettu etuosa. N\u00e4ytt\u00e4v\u00e4, laadukas puku on valmistettu k\u00e4sity\u00f6n\u00e4.\"},{\"@type\":\"BreadcrumbList\",\"@id\":\"https:\/\/danceart.fi\/kauppa\/tuote\/lasten-halterneck-tanssipuku\/#breadcrumb\",\"itemListElement\":[{\"@type\":\"ListItem\",\"position\":1,\"name\":\"Home\",\"item\":\"https:\/\/danceart.fi\/kauppa\/etusivu\/\"},{\"@type\":\"ListItem\",\"position\":2,\"name\":\"Kauppa\",\"item\":\"https:\/\/danceart.fi\/kauppa\/kauppa\/\"},{\"@type\":\"ListItem\",\"position\":3,\"name\":\"Lasten halterneck tanssipuku\"}]},{\"@type\":\"WebSite\",\"@id\":\"https:\/\/danceart.fi\/kauppa\/#website\",\"url\":\"https:\/\/danceart.fi\/kauppa\/\",\"name\":\"Dance Art -verkkokauppa\",\"description\":\"Dance Art -kaupasta saat laadukkaita ja kivoja tanssitarvikkeita kaikille.\",\"publisher\":{\"@id\":\"https:\/\/danceart.fi\/kauppa\/#organization\"},\"potentialAction\":[{\"@type\":\"SearchAction\",\"target\":{\"@type\":\"EntryPoint\",\"urlTemplate\":\"https:\/\/danceart.fi\/kauppa\/?s={search_term_string}\"},\"query-input\":{\"@type\":\"PropertyValueSpecification\",\"valueRequired\":true,\"valueName\":\"search_term_string\"}}],\"inLanguage\":\"fi\"},{\"@type\":\"Organization\",\"@id\":\"https:\/\/danceart.fi\/kauppa\/#organization\",\"name\":\"Dance Art\",\"url\":\"https:\/\/danceart.fi\/kauppa\/\",\"logo\":{\"@type\":\"ImageObject\",\"inLanguage\":\"fi\",\"@id\":\"https:\/\/danceart.fi\/kauppa\/#\/schema\/logo\/image\/\",\"url\":\"https:\/\/danceart.fi\/kauppa\/wp-content\/uploads\/DanceArt_tummanharmaateksti_oranssifiguuri.png\",\"contentUrl\":\"https:\/\/danceart.fi\/kauppa\/wp-content\/uploads\/DanceArt_tummanharmaateksti_oranssifiguuri.png\",\"width\":340,\"height\":170,\"caption\":\"Dance Art\"},\"image\":{\"@id\":\"https:\/\/danceart.fi\/kauppa\/#\/schema\/logo\/image\/\"},\"sameAs\":[\"https:\/\/www.facebook.com\/Dance-Art-verkkokauppa-102802895033569\/\"]}]}<\/script>\n<!-- \/ Yoast SEO plugin. -->","yoast_head_json":{"title":"Lasten halterneck tanssipuku - Dance Art -verkkokauppa","robots":{"index":"index","follow":"follow","max-snippet":"max-snippet:-1","max-image-preview":"max-image-preview:large","max-video-preview":"max-video-preview:-1"},"canonical":"https:\/\/danceart.fi\/kauppa\/tuote\/lasten-halterneck-tanssipuku\/","og_locale":"fi_FI","og_type":"article","og_title":"Lasten halterneck tanssipuku - Dance Art -verkkokauppa","og_description":"Tyylik\u00e4s niskan takaa neppareilla kiinnitett\u00e4v\u00e4 halterneck tanssipuku, jossa vahvistettu etuosa.","og_url":"https:\/\/danceart.fi\/kauppa\/tuote\/lasten-halterneck-tanssipuku\/","og_site_name":"Dance Art -verkkokauppa","article_publisher":"https:\/\/www.facebook.com\/Dance-Art-verkkokauppa-102802895033569\/","article_modified_time":"2024-06-12T07:41:58+00:00","og_image":[{"width":1000,"height":1592,"url":"https:\/\/danceart.fi\/kauppa\/wp-content\/uploads\/14_1403853697_fs_img_3405.jpg","type":"image\/jpeg"}],"twitter_card":"summary_large_image","twitter_misc":{"Arvioitu lukuaika":"1 minuutti"},"schema":{"@context":"https:\/\/schema.org","@graph":[{"@type":"WebPage","@id":"https:\/\/danceart.fi\/kauppa\/tuote\/lasten-halterneck-tanssipuku\/","url":"https:\/\/danceart.fi\/kauppa\/tuote\/lasten-halterneck-tanssipuku\/","name":"Lasten halterneck tanssipuku - Dance Art -verkkokauppa","isPartOf":{"@id":"https:\/\/danceart.fi\/kauppa\/#website"},"primaryImageOfPage":{"@id":"https:\/\/danceart.fi\/kauppa\/tuote\/lasten-halterneck-tanssipuku\/#primaryimage"},"image":{"@id":"https:\/\/danceart.fi\/kauppa\/tuote\/lasten-halterneck-tanssipuku\/#primaryimage"},"thumbnailUrl":"https:\/\/danceart.fi\/kauppa\/wp-content\/uploads\/14_1403853697_fs_img_3405.jpg","datePublished":"2020-08-12T14:16:34+00:00","dateModified":"2024-06-12T07:41:58+00:00","breadcrumb":{"@id":"https:\/\/danceart.fi\/kauppa\/tuote\/lasten-halterneck-tanssipuku\/#breadcrumb"},"inLanguage":"fi","potentialAction":[{"@type":"ReadAction","target":["https:\/\/danceart.fi\/kauppa\/tuote\/lasten-halterneck-tanssipuku\/"]}]},{"@type":"ImageObject","inLanguage":"fi","@id":"https:\/\/danceart.fi\/kauppa\/tuote\/lasten-halterneck-tanssipuku\/#primaryimage","url":"https:\/\/danceart.fi\/kauppa\/wp-content\/uploads\/14_1403853697_fs_img_3405.jpg","contentUrl":"https:\/\/danceart.fi\/kauppa\/wp-content\/uploads\/14_1403853697_fs_img_3405.jpg","width":1000,"height":1592,"caption":"Tyylik\u00e4s niskan takaa neppareilla kiinnitett\u00e4v\u00e4 halterneck tanssipuku, jossa vahvistettu etuosa. N\u00e4ytt\u00e4v\u00e4, laadukas puku on valmistettu k\u00e4sity\u00f6n\u00e4."},{"@type":"BreadcrumbList","@id":"https:\/\/danceart.fi\/kauppa\/tuote\/lasten-halterneck-tanssipuku\/#breadcrumb","itemListElement":[{"@type":"ListItem","position":1,"name":"Home","item":"https:\/\/danceart.fi\/kauppa\/etusivu\/"},{"@type":"ListItem","position":2,"name":"Kauppa","item":"https:\/\/danceart.fi\/kauppa\/kauppa\/"},{"@type":"ListItem","position":3,"name":"Lasten halterneck tanssipuku"}]},{"@type":"WebSite","@id":"https:\/\/danceart.fi\/kauppa\/#website","url":"https:\/\/danceart.fi\/kauppa\/","name":"Dance Art -verkkokauppa","description":"Dance Art -kaupasta saat laadukkaita ja kivoja tanssitarvikkeita kaikille.","publisher":{"@id":"https:\/\/danceart.fi\/kauppa\/#organization"},"potentialAction":[{"@type":"SearchAction","target":{"@type":"EntryPoint","urlTemplate":"https:\/\/danceart.fi\/kauppa\/?s={search_term_string}"},"query-input":{"@type":"PropertyValueSpecification","valueRequired":true,"valueName":"search_term_string"}}],"inLanguage":"fi"},{"@type":"Organization","@id":"https:\/\/danceart.fi\/kauppa\/#organization","name":"Dance Art","url":"https:\/\/danceart.fi\/kauppa\/","logo":{"@type":"ImageObject","inLanguage":"fi","@id":"https:\/\/danceart.fi\/kauppa\/#\/schema\/logo\/image\/","url":"https:\/\/danceart.fi\/kauppa\/wp-content\/uploads\/DanceArt_tummanharmaateksti_oranssifiguuri.png","contentUrl":"https:\/\/danceart.fi\/kauppa\/wp-content\/uploads\/DanceArt_tummanharmaateksti_oranssifiguuri.png","width":340,"height":170,"caption":"Dance Art"},"image":{"@id":"https:\/\/danceart.fi\/kauppa\/#\/schema\/logo\/image\/"},"sameAs":["https:\/\/www.facebook.com\/Dance-Art-verkkokauppa-102802895033569\/"]}]}},"_links":{"self":[{"href":"https:\/\/danceart.fi\/kauppa\/wp-json\/wp\/v2\/product\/2050","targetHints":{"allow":["GET"]}}],"collection":[{"href":"https:\/\/danceart.fi\/kauppa\/wp-json\/wp\/v2\/product"}],"about":[{"href":"https:\/\/danceart.fi\/kauppa\/wp-json\/wp\/v2\/types\/product"}],"wp:featuredmedia":[{"embeddable":true,"href":"https:\/\/danceart.fi\/kauppa\/wp-json\/wp\/v2\/media\/1943"}],"wp:attachment":[{"href":"https:\/\/danceart.fi\/kauppa\/wp-json\/wp\/v2\/media?parent=2050"}],"wp:term":[{"taxonomy":"product_brand","embeddable":true,"href":"https:\/\/danceart.fi\/kauppa\/wp-json\/wp\/v2\/product_brand?post=2050"},{"taxonomy":"product_cat","embeddable":true,"href":"https:\/\/danceart.fi\/kauppa\/wp-json\/wp\/v2\/product_cat?post=2050"},{"taxonomy":"product_tag","embeddable":true,"href":"https:\/\/danceart.fi\/kauppa\/wp-json\/wp\/v2\/product_tag?post=2050"}],"curies":[{"name":"wp","href":"https:\/\/api.w.org\/{rel}","templated":true}]}}