{"id":2098,"date":"2020-08-12T17:36:30","date_gmt":"2020-08-12T14:36:30","guid":{"rendered":"https:\/\/danceart.fi\/kauppa\/?post_type=product&#038;p=2098"},"modified":"2025-08-28T11:01:54","modified_gmt":"2025-08-28T08:01:54","slug":"crossback-tanssipuku","status":"publish","type":"product","link":"https:\/\/danceart.fi\/kauppa\/tuote\/crossback-tanssipuku\/","title":{"rendered":"Crossback-tanssipuku"},"content":{"rendered":"<p>Treeniyst\u00e4v\u00e4llinen tanssipuku, joka pysyy hyvin p\u00e4\u00e4ll\u00e4 ja joustaa niin taivutuksissa kuin sel\u00e4n rullailuissakin. Matalat lahkeensuut lis\u00e4\u00e4v\u00e4t mukavuudentuntua, kun puku ei nouse.\u00a0Soveltuu hyvin harjoituspuvuksi ja my\u00f6s aluspuvuksi osana n\u00e4ytt\u00e4v\u00e4mp\u00e4\u00e4 esiintymisasua.\u00a0Materiaaleista musta on hieman joustavampaa kangasta, joka on hyv\u00e4 huomioida tilausta tehdess\u00e4.<\/p>\n<p>Voit varmistaa ryhm\u00e4pukujen osalta\u00a0oikean tuotteen\/tuotteet\u00a0<a href=\"https:\/\/danceart.fi\/ohjeita-ja-suosituksia-tuntipukeutumiseen\/\" target=\"_blank\" rel=\"noopener noreferrer\">t\u00e4st\u00e4\u00a0linkist\u00e4<\/a>.<\/p>\n","protected":false},"excerpt":{"rendered":"<p>Treeniyst\u00e4v\u00e4llinen tanssipuku, joka pysyy hyvin p\u00e4\u00e4ll\u00e4 ja joustaa niin taivutuksissa kuin sel\u00e4n rullailuissakin.<\/p>\n","protected":false},"featured_media":2770,"template":"","meta":[],"product_brand":[],"product_cat":[54,37,69,67,36],"product_tag":[57],"class_list":{"0":"post-2098","1":"product","2":"type-product","3":"status-publish","4":"has-post-thumbnail","6":"product_cat-aikuiset","7":"product_cat-classic","8":"product_cat-tanssipuvut","9":"product_cat-uutuudet","10":"product_cat-yleinen","11":"product_tag-tanssipuku","13":"first","14":"instock","15":"taxable","16":"shipping-taxable","17":"purchasable","18":"product-type-variable","19":"has-default-attributes"},"yoast_head":"<!-- This site is optimized with the Yoast SEO plugin v27.4 - https:\/\/yoast.com\/product\/yoast-seo-wordpress\/ -->\n<title>Crossback-tanssipuku - Dance Art -verkkokauppa<\/title>\n<meta name=\"robots\" content=\"index, follow, max-snippet:-1, max-image-preview:large, max-video-preview:-1\" \/>\n<link rel=\"canonical\" href=\"https:\/\/danceart.fi\/kauppa\/tuote\/crossback-tanssipuku\/\" \/>\n<meta property=\"og:locale\" content=\"fi_FI\" \/>\n<meta property=\"og:type\" content=\"article\" \/>\n<meta property=\"og:title\" content=\"Crossback-tanssipuku - Dance Art -verkkokauppa\" \/>\n<meta property=\"og:description\" content=\"Treeniyst\u00e4v\u00e4llinen tanssipuku, joka pysyy hyvin p\u00e4\u00e4ll\u00e4 ja joustaa niin taivutuksissa kuin sel\u00e4n rullailuissakin.\" \/>\n<meta property=\"og:url\" content=\"https:\/\/danceart.fi\/kauppa\/tuote\/crossback-tanssipuku\/\" \/>\n<meta property=\"og:site_name\" content=\"Dance Art -verkkokauppa\" \/>\n<meta property=\"article:publisher\" content=\"https:\/\/www.facebook.com\/Dance-Art-verkkokauppa-102802895033569\/\" \/>\n<meta property=\"article:modified_time\" content=\"2025-08-28T08:01:54+00:00\" \/>\n<meta property=\"og:image\" content=\"https:\/\/danceart.fi\/kauppa\/wp-content\/uploads\/Tuire-crossback-etu.jpg\" \/>\n\t<meta property=\"og:image:width\" content=\"1000\" \/>\n\t<meta property=\"og:image:height\" content=\"1000\" \/>\n\t<meta property=\"og:image:type\" content=\"image\/jpeg\" \/>\n<meta name=\"twitter:card\" content=\"summary_large_image\" \/>\n<meta name=\"twitter:label1\" content=\"Arvioitu lukuaika\" \/>\n\t<meta name=\"twitter:data1\" content=\"1 minuutti\" \/>\n<script type=\"application\/ld+json\" class=\"yoast-schema-graph\">{\"@context\":\"https:\\\/\\\/schema.org\",\"@graph\":[{\"@type\":\"WebPage\",\"@id\":\"https:\\\/\\\/danceart.fi\\\/kauppa\\\/tuote\\\/crossback-tanssipuku\\\/\",\"url\":\"https:\\\/\\\/danceart.fi\\\/kauppa\\\/tuote\\\/crossback-tanssipuku\\\/\",\"name\":\"Crossback-tanssipuku - Dance Art -verkkokauppa\",\"isPartOf\":{\"@id\":\"https:\\\/\\\/danceart.fi\\\/kauppa\\\/#website\"},\"primaryImageOfPage\":{\"@id\":\"https:\\\/\\\/danceart.fi\\\/kauppa\\\/tuote\\\/crossback-tanssipuku\\\/#primaryimage\"},\"image\":{\"@id\":\"https:\\\/\\\/danceart.fi\\\/kauppa\\\/tuote\\\/crossback-tanssipuku\\\/#primaryimage\"},\"thumbnailUrl\":\"https:\\\/\\\/danceart.fi\\\/kauppa\\\/wp-content\\\/uploads\\\/Tuire-crossback-etu.jpg\",\"datePublished\":\"2020-08-12T14:36:30+00:00\",\"dateModified\":\"2025-08-28T08:01:54+00:00\",\"breadcrumb\":{\"@id\":\"https:\\\/\\\/danceart.fi\\\/kauppa\\\/tuote\\\/crossback-tanssipuku\\\/#breadcrumb\"},\"inLanguage\":\"fi\",\"potentialAction\":[{\"@type\":\"ReadAction\",\"target\":[\"https:\\\/\\\/danceart.fi\\\/kauppa\\\/tuote\\\/crossback-tanssipuku\\\/\"]}]},{\"@type\":\"ImageObject\",\"inLanguage\":\"fi\",\"@id\":\"https:\\\/\\\/danceart.fi\\\/kauppa\\\/tuote\\\/crossback-tanssipuku\\\/#primaryimage\",\"url\":\"https:\\\/\\\/danceart.fi\\\/kauppa\\\/wp-content\\\/uploads\\\/Tuire-crossback-etu.jpg\",\"contentUrl\":\"https:\\\/\\\/danceart.fi\\\/kauppa\\\/wp-content\\\/uploads\\\/Tuire-crossback-etu.jpg\",\"width\":1000,\"height\":1000},{\"@type\":\"BreadcrumbList\",\"@id\":\"https:\\\/\\\/danceart.fi\\\/kauppa\\\/tuote\\\/crossback-tanssipuku\\\/#breadcrumb\",\"itemListElement\":[{\"@type\":\"ListItem\",\"position\":1,\"name\":\"Home\",\"item\":\"https:\\\/\\\/danceart.fi\\\/kauppa\\\/etusivu\\\/\"},{\"@type\":\"ListItem\",\"position\":2,\"name\":\"Kauppa\",\"item\":\"https:\\\/\\\/danceart.fi\\\/kauppa\\\/kauppa\\\/\"},{\"@type\":\"ListItem\",\"position\":3,\"name\":\"Crossback-tanssipuku\"}]},{\"@type\":\"WebSite\",\"@id\":\"https:\\\/\\\/danceart.fi\\\/kauppa\\\/#website\",\"url\":\"https:\\\/\\\/danceart.fi\\\/kauppa\\\/\",\"name\":\"Dance Art -verkkokauppa\",\"description\":\"Dance Art -kaupasta saat laadukkaita ja kivoja tanssitarvikkeita kaikille.\",\"publisher\":{\"@id\":\"https:\\\/\\\/danceart.fi\\\/kauppa\\\/#organization\"},\"potentialAction\":[{\"@type\":\"SearchAction\",\"target\":{\"@type\":\"EntryPoint\",\"urlTemplate\":\"https:\\\/\\\/danceart.fi\\\/kauppa\\\/?s={search_term_string}\"},\"query-input\":{\"@type\":\"PropertyValueSpecification\",\"valueRequired\":true,\"valueName\":\"search_term_string\"}}],\"inLanguage\":\"fi\"},{\"@type\":\"Organization\",\"@id\":\"https:\\\/\\\/danceart.fi\\\/kauppa\\\/#organization\",\"name\":\"Dance Art\",\"url\":\"https:\\\/\\\/danceart.fi\\\/kauppa\\\/\",\"logo\":{\"@type\":\"ImageObject\",\"inLanguage\":\"fi\",\"@id\":\"https:\\\/\\\/danceart.fi\\\/kauppa\\\/#\\\/schema\\\/logo\\\/image\\\/\",\"url\":\"https:\\\/\\\/danceart.fi\\\/kauppa\\\/wp-content\\\/uploads\\\/DanceArt_tummanharmaateksti_oranssifiguuri.png\",\"contentUrl\":\"https:\\\/\\\/danceart.fi\\\/kauppa\\\/wp-content\\\/uploads\\\/DanceArt_tummanharmaateksti_oranssifiguuri.png\",\"width\":340,\"height\":170,\"caption\":\"Dance Art\"},\"image\":{\"@id\":\"https:\\\/\\\/danceart.fi\\\/kauppa\\\/#\\\/schema\\\/logo\\\/image\\\/\"},\"sameAs\":[\"https:\\\/\\\/www.facebook.com\\\/Dance-Art-verkkokauppa-102802895033569\\\/\"]}]}<\/script>\n<!-- \/ Yoast SEO plugin. -->","yoast_head_json":{"title":"Crossback-tanssipuku - Dance Art -verkkokauppa","robots":{"index":"index","follow":"follow","max-snippet":"max-snippet:-1","max-image-preview":"max-image-preview:large","max-video-preview":"max-video-preview:-1"},"canonical":"https:\/\/danceart.fi\/kauppa\/tuote\/crossback-tanssipuku\/","og_locale":"fi_FI","og_type":"article","og_title":"Crossback-tanssipuku - Dance Art -verkkokauppa","og_description":"Treeniyst\u00e4v\u00e4llinen tanssipuku, joka pysyy hyvin p\u00e4\u00e4ll\u00e4 ja joustaa niin taivutuksissa kuin sel\u00e4n rullailuissakin.","og_url":"https:\/\/danceart.fi\/kauppa\/tuote\/crossback-tanssipuku\/","og_site_name":"Dance Art -verkkokauppa","article_publisher":"https:\/\/www.facebook.com\/Dance-Art-verkkokauppa-102802895033569\/","article_modified_time":"2025-08-28T08:01:54+00:00","og_image":[{"width":1000,"height":1000,"url":"https:\/\/danceart.fi\/kauppa\/wp-content\/uploads\/Tuire-crossback-etu.jpg","type":"image\/jpeg"}],"twitter_card":"summary_large_image","twitter_misc":{"Arvioitu lukuaika":"1 minuutti"},"schema":{"@context":"https:\/\/schema.org","@graph":[{"@type":"WebPage","@id":"https:\/\/danceart.fi\/kauppa\/tuote\/crossback-tanssipuku\/","url":"https:\/\/danceart.fi\/kauppa\/tuote\/crossback-tanssipuku\/","name":"Crossback-tanssipuku - Dance Art -verkkokauppa","isPartOf":{"@id":"https:\/\/danceart.fi\/kauppa\/#website"},"primaryImageOfPage":{"@id":"https:\/\/danceart.fi\/kauppa\/tuote\/crossback-tanssipuku\/#primaryimage"},"image":{"@id":"https:\/\/danceart.fi\/kauppa\/tuote\/crossback-tanssipuku\/#primaryimage"},"thumbnailUrl":"https:\/\/danceart.fi\/kauppa\/wp-content\/uploads\/Tuire-crossback-etu.jpg","datePublished":"2020-08-12T14:36:30+00:00","dateModified":"2025-08-28T08:01:54+00:00","breadcrumb":{"@id":"https:\/\/danceart.fi\/kauppa\/tuote\/crossback-tanssipuku\/#breadcrumb"},"inLanguage":"fi","potentialAction":[{"@type":"ReadAction","target":["https:\/\/danceart.fi\/kauppa\/tuote\/crossback-tanssipuku\/"]}]},{"@type":"ImageObject","inLanguage":"fi","@id":"https:\/\/danceart.fi\/kauppa\/tuote\/crossback-tanssipuku\/#primaryimage","url":"https:\/\/danceart.fi\/kauppa\/wp-content\/uploads\/Tuire-crossback-etu.jpg","contentUrl":"https:\/\/danceart.fi\/kauppa\/wp-content\/uploads\/Tuire-crossback-etu.jpg","width":1000,"height":1000},{"@type":"BreadcrumbList","@id":"https:\/\/danceart.fi\/kauppa\/tuote\/crossback-tanssipuku\/#breadcrumb","itemListElement":[{"@type":"ListItem","position":1,"name":"Home","item":"https:\/\/danceart.fi\/kauppa\/etusivu\/"},{"@type":"ListItem","position":2,"name":"Kauppa","item":"https:\/\/danceart.fi\/kauppa\/kauppa\/"},{"@type":"ListItem","position":3,"name":"Crossback-tanssipuku"}]},{"@type":"WebSite","@id":"https:\/\/danceart.fi\/kauppa\/#website","url":"https:\/\/danceart.fi\/kauppa\/","name":"Dance Art -verkkokauppa","description":"Dance Art -kaupasta saat laadukkaita ja kivoja tanssitarvikkeita kaikille.","publisher":{"@id":"https:\/\/danceart.fi\/kauppa\/#organization"},"potentialAction":[{"@type":"SearchAction","target":{"@type":"EntryPoint","urlTemplate":"https:\/\/danceart.fi\/kauppa\/?s={search_term_string}"},"query-input":{"@type":"PropertyValueSpecification","valueRequired":true,"valueName":"search_term_string"}}],"inLanguage":"fi"},{"@type":"Organization","@id":"https:\/\/danceart.fi\/kauppa\/#organization","name":"Dance Art","url":"https:\/\/danceart.fi\/kauppa\/","logo":{"@type":"ImageObject","inLanguage":"fi","@id":"https:\/\/danceart.fi\/kauppa\/#\/schema\/logo\/image\/","url":"https:\/\/danceart.fi\/kauppa\/wp-content\/uploads\/DanceArt_tummanharmaateksti_oranssifiguuri.png","contentUrl":"https:\/\/danceart.fi\/kauppa\/wp-content\/uploads\/DanceArt_tummanharmaateksti_oranssifiguuri.png","width":340,"height":170,"caption":"Dance Art"},"image":{"@id":"https:\/\/danceart.fi\/kauppa\/#\/schema\/logo\/image\/"},"sameAs":["https:\/\/www.facebook.com\/Dance-Art-verkkokauppa-102802895033569\/"]}]}},"_links":{"self":[{"href":"https:\/\/danceart.fi\/kauppa\/wp-json\/wp\/v2\/product\/2098","targetHints":{"allow":["GET"]}}],"collection":[{"href":"https:\/\/danceart.fi\/kauppa\/wp-json\/wp\/v2\/product"}],"about":[{"href":"https:\/\/danceart.fi\/kauppa\/wp-json\/wp\/v2\/types\/product"}],"wp:featuredmedia":[{"embeddable":true,"href":"https:\/\/danceart.fi\/kauppa\/wp-json\/wp\/v2\/media\/2770"}],"wp:attachment":[{"href":"https:\/\/danceart.fi\/kauppa\/wp-json\/wp\/v2\/media?parent=2098"}],"wp:term":[{"taxonomy":"product_brand","embeddable":true,"href":"https:\/\/danceart.fi\/kauppa\/wp-json\/wp\/v2\/product_brand?post=2098"},{"taxonomy":"product_cat","embeddable":true,"href":"https:\/\/danceart.fi\/kauppa\/wp-json\/wp\/v2\/product_cat?post=2098"},{"taxonomy":"product_tag","embeddable":true,"href":"https:\/\/danceart.fi\/kauppa\/wp-json\/wp\/v2\/product_tag?post=2098"}],"curies":[{"name":"wp","href":"https:\/\/api.w.org\/{rel}","templated":true}]}}