{"id":2124,"date":"2020-08-12T17:47:44","date_gmt":"2020-08-12T14:47:44","guid":{"rendered":"https:\/\/danceart.fi\/kauppa\/?post_type=product&#038;p=2124"},"modified":"2024-11-19T12:48:59","modified_gmt":"2024-11-19T10:48:59","slug":"5-kerran-sarjalippu-fit-dance","status":"publish","type":"product","link":"https:\/\/danceart.fi\/kauppa\/tuote\/5-kerran-sarjalippu-fit-dance\/","title":{"rendered":"5 x sarjalippu, kuntotunnit ja kehonhuolto"},"content":{"rendered":"<p>KuntoDisco, Lempe\u00e4 venyttely, Dynaaminen kehonhuolto<\/p>\n","protected":false},"excerpt":{"rendered":"<p>5-kerran sarjalipulla voit osallistua seuraaville tunnille: Kuntodisco (200), Lempe\u00e4 venyttely (201, 401), Dynaaminen kehonhuolto (402). Ihania hyv\u00e4nolon hetki\u00e4 tanssin ja kehonhuollon parissa!<\/p>\n<p>Voit noutaa sarjalipun Hyvink\u00e4\u00e4n tai Riihim\u00e4en noutopisteist\u00e4mme tai sopia, ett\u00e4 kortti toimitetaan tunnille, jonne olet ensimm\u00e4isen kerran menossa. Sovi nouto l\u00e4hett\u00e4m\u00e4ll\u00e4 s\u00e4hk\u00f6postia toimistoomme.<\/p>\n","protected":false},"featured_media":3065,"template":"","meta":[],"product_brand":[],"product_cat":[42,36],"product_tag":[53],"class_list":{"0":"post-2124","1":"product","2":"type-product","3":"status-publish","4":"has-post-thumbnail","6":"product_cat-dance","7":"product_cat-yleinen","8":"product_tag-sarjalippu","10":"first","11":"instock","12":"purchasable","13":"product-type-simple"},"yoast_head":"<!-- This site is optimized with the Yoast SEO plugin v27.4 - https:\/\/yoast.com\/product\/yoast-seo-wordpress\/ -->\n<title>5 x sarjalippu, kuntotunnit ja kehonhuolto - Dance Art -verkkokauppa<\/title>\n<meta name=\"robots\" content=\"index, follow, max-snippet:-1, max-image-preview:large, max-video-preview:-1\" \/>\n<link rel=\"canonical\" href=\"https:\/\/danceart.fi\/kauppa\/tuote\/5-kerran-sarjalippu-fit-dance\/\" \/>\n<meta property=\"og:locale\" content=\"fi_FI\" \/>\n<meta property=\"og:type\" content=\"article\" \/>\n<meta property=\"og:title\" content=\"5 x sarjalippu, kuntotunnit ja kehonhuolto - Dance Art -verkkokauppa\" \/>\n<meta property=\"og:description\" content=\"5-kerran sarjalipulla voit osallistua seuraaville tunnille: Kuntodisco (200), Lempe\u00e4 venyttely (201, 401), Dynaaminen kehonhuolto (402). Ihania hyv\u00e4nolon hetki\u00e4 tanssin ja kehonhuollon parissa!  Voit noutaa sarjalipun Hyvink\u00e4\u00e4n tai Riihim\u00e4en noutopisteist\u00e4mme tai sopia, ett\u00e4 kortti toimitetaan tunnille, jonne olet ensimm\u00e4isen kerran menossa. Sovi nouto l\u00e4hett\u00e4m\u00e4ll\u00e4 s\u00e4hk\u00f6postia toimistoomme.\" \/>\n<meta property=\"og:url\" content=\"https:\/\/danceart.fi\/kauppa\/tuote\/5-kerran-sarjalippu-fit-dance\/\" \/>\n<meta property=\"og:site_name\" content=\"Dance Art -verkkokauppa\" \/>\n<meta property=\"article:publisher\" content=\"https:\/\/www.facebook.com\/Dance-Art-verkkokauppa-102802895033569\/\" \/>\n<meta property=\"article:modified_time\" content=\"2024-11-19T10:48:59+00:00\" \/>\n<meta property=\"og:image\" content=\"https:\/\/danceart.fi\/kauppa\/wp-content\/uploads\/DANCE-tuote.jpg\" \/>\n\t<meta property=\"og:image:width\" content=\"1000\" \/>\n\t<meta property=\"og:image:height\" content=\"1000\" \/>\n\t<meta property=\"og:image:type\" content=\"image\/jpeg\" \/>\n<meta name=\"twitter:card\" content=\"summary_large_image\" \/>\n<meta name=\"twitter:label1\" content=\"Arvioitu lukuaika\" \/>\n\t<meta name=\"twitter:data1\" content=\"1 minuutti\" \/>\n<script type=\"application\/ld+json\" class=\"yoast-schema-graph\">{\"@context\":\"https:\\\/\\\/schema.org\",\"@graph\":[{\"@type\":\"WebPage\",\"@id\":\"https:\\\/\\\/danceart.fi\\\/kauppa\\\/tuote\\\/5-kerran-sarjalippu-fit-dance\\\/\",\"url\":\"https:\\\/\\\/danceart.fi\\\/kauppa\\\/tuote\\\/5-kerran-sarjalippu-fit-dance\\\/\",\"name\":\"5 x sarjalippu, kuntotunnit ja kehonhuolto - Dance Art -verkkokauppa\",\"isPartOf\":{\"@id\":\"https:\\\/\\\/danceart.fi\\\/kauppa\\\/#website\"},\"primaryImageOfPage\":{\"@id\":\"https:\\\/\\\/danceart.fi\\\/kauppa\\\/tuote\\\/5-kerran-sarjalippu-fit-dance\\\/#primaryimage\"},\"image\":{\"@id\":\"https:\\\/\\\/danceart.fi\\\/kauppa\\\/tuote\\\/5-kerran-sarjalippu-fit-dance\\\/#primaryimage\"},\"thumbnailUrl\":\"https:\\\/\\\/danceart.fi\\\/kauppa\\\/wp-content\\\/uploads\\\/DANCE-tuote.jpg\",\"datePublished\":\"2020-08-12T14:47:44+00:00\",\"dateModified\":\"2024-11-19T10:48:59+00:00\",\"breadcrumb\":{\"@id\":\"https:\\\/\\\/danceart.fi\\\/kauppa\\\/tuote\\\/5-kerran-sarjalippu-fit-dance\\\/#breadcrumb\"},\"inLanguage\":\"fi\",\"potentialAction\":[{\"@type\":\"ReadAction\",\"target\":[\"https:\\\/\\\/danceart.fi\\\/kauppa\\\/tuote\\\/5-kerran-sarjalippu-fit-dance\\\/\"]}]},{\"@type\":\"ImageObject\",\"inLanguage\":\"fi\",\"@id\":\"https:\\\/\\\/danceart.fi\\\/kauppa\\\/tuote\\\/5-kerran-sarjalippu-fit-dance\\\/#primaryimage\",\"url\":\"https:\\\/\\\/danceart.fi\\\/kauppa\\\/wp-content\\\/uploads\\\/DANCE-tuote.jpg\",\"contentUrl\":\"https:\\\/\\\/danceart.fi\\\/kauppa\\\/wp-content\\\/uploads\\\/DANCE-tuote.jpg\",\"width\":1000,\"height\":1000},{\"@type\":\"BreadcrumbList\",\"@id\":\"https:\\\/\\\/danceart.fi\\\/kauppa\\\/tuote\\\/5-kerran-sarjalippu-fit-dance\\\/#breadcrumb\",\"itemListElement\":[{\"@type\":\"ListItem\",\"position\":1,\"name\":\"Home\",\"item\":\"https:\\\/\\\/danceart.fi\\\/kauppa\\\/etusivu\\\/\"},{\"@type\":\"ListItem\",\"position\":2,\"name\":\"Kauppa\",\"item\":\"https:\\\/\\\/danceart.fi\\\/kauppa\\\/kauppa\\\/\"},{\"@type\":\"ListItem\",\"position\":3,\"name\":\"5 x sarjalippu, kuntotunnit ja kehonhuolto\"}]},{\"@type\":\"WebSite\",\"@id\":\"https:\\\/\\\/danceart.fi\\\/kauppa\\\/#website\",\"url\":\"https:\\\/\\\/danceart.fi\\\/kauppa\\\/\",\"name\":\"Dance Art -verkkokauppa\",\"description\":\"Dance Art -kaupasta saat laadukkaita ja kivoja tanssitarvikkeita kaikille.\",\"publisher\":{\"@id\":\"https:\\\/\\\/danceart.fi\\\/kauppa\\\/#organization\"},\"potentialAction\":[{\"@type\":\"SearchAction\",\"target\":{\"@type\":\"EntryPoint\",\"urlTemplate\":\"https:\\\/\\\/danceart.fi\\\/kauppa\\\/?s={search_term_string}\"},\"query-input\":{\"@type\":\"PropertyValueSpecification\",\"valueRequired\":true,\"valueName\":\"search_term_string\"}}],\"inLanguage\":\"fi\"},{\"@type\":\"Organization\",\"@id\":\"https:\\\/\\\/danceart.fi\\\/kauppa\\\/#organization\",\"name\":\"Dance Art\",\"url\":\"https:\\\/\\\/danceart.fi\\\/kauppa\\\/\",\"logo\":{\"@type\":\"ImageObject\",\"inLanguage\":\"fi\",\"@id\":\"https:\\\/\\\/danceart.fi\\\/kauppa\\\/#\\\/schema\\\/logo\\\/image\\\/\",\"url\":\"https:\\\/\\\/danceart.fi\\\/kauppa\\\/wp-content\\\/uploads\\\/DanceArt_tummanharmaateksti_oranssifiguuri.png\",\"contentUrl\":\"https:\\\/\\\/danceart.fi\\\/kauppa\\\/wp-content\\\/uploads\\\/DanceArt_tummanharmaateksti_oranssifiguuri.png\",\"width\":340,\"height\":170,\"caption\":\"Dance Art\"},\"image\":{\"@id\":\"https:\\\/\\\/danceart.fi\\\/kauppa\\\/#\\\/schema\\\/logo\\\/image\\\/\"},\"sameAs\":[\"https:\\\/\\\/www.facebook.com\\\/Dance-Art-verkkokauppa-102802895033569\\\/\"]}]}<\/script>\n<!-- \/ Yoast SEO plugin. -->","yoast_head_json":{"title":"5 x sarjalippu, kuntotunnit ja kehonhuolto - Dance Art -verkkokauppa","robots":{"index":"index","follow":"follow","max-snippet":"max-snippet:-1","max-image-preview":"max-image-preview:large","max-video-preview":"max-video-preview:-1"},"canonical":"https:\/\/danceart.fi\/kauppa\/tuote\/5-kerran-sarjalippu-fit-dance\/","og_locale":"fi_FI","og_type":"article","og_title":"5 x sarjalippu, kuntotunnit ja kehonhuolto - Dance Art -verkkokauppa","og_description":"5-kerran sarjalipulla voit osallistua seuraaville tunnille: Kuntodisco (200), Lempe\u00e4 venyttely (201, 401), Dynaaminen kehonhuolto (402). Ihania hyv\u00e4nolon hetki\u00e4 tanssin ja kehonhuollon parissa!  Voit noutaa sarjalipun Hyvink\u00e4\u00e4n tai Riihim\u00e4en noutopisteist\u00e4mme tai sopia, ett\u00e4 kortti toimitetaan tunnille, jonne olet ensimm\u00e4isen kerran menossa. Sovi nouto l\u00e4hett\u00e4m\u00e4ll\u00e4 s\u00e4hk\u00f6postia toimistoomme.","og_url":"https:\/\/danceart.fi\/kauppa\/tuote\/5-kerran-sarjalippu-fit-dance\/","og_site_name":"Dance Art -verkkokauppa","article_publisher":"https:\/\/www.facebook.com\/Dance-Art-verkkokauppa-102802895033569\/","article_modified_time":"2024-11-19T10:48:59+00:00","og_image":[{"width":1000,"height":1000,"url":"https:\/\/danceart.fi\/kauppa\/wp-content\/uploads\/DANCE-tuote.jpg","type":"image\/jpeg"}],"twitter_card":"summary_large_image","twitter_misc":{"Arvioitu lukuaika":"1 minuutti"},"schema":{"@context":"https:\/\/schema.org","@graph":[{"@type":"WebPage","@id":"https:\/\/danceart.fi\/kauppa\/tuote\/5-kerran-sarjalippu-fit-dance\/","url":"https:\/\/danceart.fi\/kauppa\/tuote\/5-kerran-sarjalippu-fit-dance\/","name":"5 x sarjalippu, kuntotunnit ja kehonhuolto - Dance Art -verkkokauppa","isPartOf":{"@id":"https:\/\/danceart.fi\/kauppa\/#website"},"primaryImageOfPage":{"@id":"https:\/\/danceart.fi\/kauppa\/tuote\/5-kerran-sarjalippu-fit-dance\/#primaryimage"},"image":{"@id":"https:\/\/danceart.fi\/kauppa\/tuote\/5-kerran-sarjalippu-fit-dance\/#primaryimage"},"thumbnailUrl":"https:\/\/danceart.fi\/kauppa\/wp-content\/uploads\/DANCE-tuote.jpg","datePublished":"2020-08-12T14:47:44+00:00","dateModified":"2024-11-19T10:48:59+00:00","breadcrumb":{"@id":"https:\/\/danceart.fi\/kauppa\/tuote\/5-kerran-sarjalippu-fit-dance\/#breadcrumb"},"inLanguage":"fi","potentialAction":[{"@type":"ReadAction","target":["https:\/\/danceart.fi\/kauppa\/tuote\/5-kerran-sarjalippu-fit-dance\/"]}]},{"@type":"ImageObject","inLanguage":"fi","@id":"https:\/\/danceart.fi\/kauppa\/tuote\/5-kerran-sarjalippu-fit-dance\/#primaryimage","url":"https:\/\/danceart.fi\/kauppa\/wp-content\/uploads\/DANCE-tuote.jpg","contentUrl":"https:\/\/danceart.fi\/kauppa\/wp-content\/uploads\/DANCE-tuote.jpg","width":1000,"height":1000},{"@type":"BreadcrumbList","@id":"https:\/\/danceart.fi\/kauppa\/tuote\/5-kerran-sarjalippu-fit-dance\/#breadcrumb","itemListElement":[{"@type":"ListItem","position":1,"name":"Home","item":"https:\/\/danceart.fi\/kauppa\/etusivu\/"},{"@type":"ListItem","position":2,"name":"Kauppa","item":"https:\/\/danceart.fi\/kauppa\/kauppa\/"},{"@type":"ListItem","position":3,"name":"5 x sarjalippu, kuntotunnit ja kehonhuolto"}]},{"@type":"WebSite","@id":"https:\/\/danceart.fi\/kauppa\/#website","url":"https:\/\/danceart.fi\/kauppa\/","name":"Dance Art -verkkokauppa","description":"Dance Art -kaupasta saat laadukkaita ja kivoja tanssitarvikkeita kaikille.","publisher":{"@id":"https:\/\/danceart.fi\/kauppa\/#organization"},"potentialAction":[{"@type":"SearchAction","target":{"@type":"EntryPoint","urlTemplate":"https:\/\/danceart.fi\/kauppa\/?s={search_term_string}"},"query-input":{"@type":"PropertyValueSpecification","valueRequired":true,"valueName":"search_term_string"}}],"inLanguage":"fi"},{"@type":"Organization","@id":"https:\/\/danceart.fi\/kauppa\/#organization","name":"Dance Art","url":"https:\/\/danceart.fi\/kauppa\/","logo":{"@type":"ImageObject","inLanguage":"fi","@id":"https:\/\/danceart.fi\/kauppa\/#\/schema\/logo\/image\/","url":"https:\/\/danceart.fi\/kauppa\/wp-content\/uploads\/DanceArt_tummanharmaateksti_oranssifiguuri.png","contentUrl":"https:\/\/danceart.fi\/kauppa\/wp-content\/uploads\/DanceArt_tummanharmaateksti_oranssifiguuri.png","width":340,"height":170,"caption":"Dance Art"},"image":{"@id":"https:\/\/danceart.fi\/kauppa\/#\/schema\/logo\/image\/"},"sameAs":["https:\/\/www.facebook.com\/Dance-Art-verkkokauppa-102802895033569\/"]}]}},"_links":{"self":[{"href":"https:\/\/danceart.fi\/kauppa\/wp-json\/wp\/v2\/product\/2124","targetHints":{"allow":["GET"]}}],"collection":[{"href":"https:\/\/danceart.fi\/kauppa\/wp-json\/wp\/v2\/product"}],"about":[{"href":"https:\/\/danceart.fi\/kauppa\/wp-json\/wp\/v2\/types\/product"}],"wp:featuredmedia":[{"embeddable":true,"href":"https:\/\/danceart.fi\/kauppa\/wp-json\/wp\/v2\/media\/3065"}],"wp:attachment":[{"href":"https:\/\/danceart.fi\/kauppa\/wp-json\/wp\/v2\/media?parent=2124"}],"wp:term":[{"taxonomy":"product_brand","embeddable":true,"href":"https:\/\/danceart.fi\/kauppa\/wp-json\/wp\/v2\/product_brand?post=2124"},{"taxonomy":"product_cat","embeddable":true,"href":"https:\/\/danceart.fi\/kauppa\/wp-json\/wp\/v2\/product_cat?post=2124"},{"taxonomy":"product_tag","embeddable":true,"href":"https:\/\/danceart.fi\/kauppa\/wp-json\/wp\/v2\/product_tag?post=2124"}],"curies":[{"name":"wp","href":"https:\/\/api.w.org\/{rel}","templated":true}]}}