{"id":3502,"date":"2020-12-15T12:10:29","date_gmt":"2020-12-15T10:10:29","guid":{"rendered":"https:\/\/danceart.fi\/kauppa\/?post_type=product&#038;p=3502"},"modified":"2023-05-31T09:38:29","modified_gmt":"2023-05-31T06:38:29","slug":"5-kerran-sarjalippu-75-min-tunneille","status":"publish","type":"product","link":"https:\/\/danceart.fi\/kauppa\/tuote\/5-kerran-sarjalippu-75-min-tunneille\/","title":{"rendered":"5 x sarjalippu 75 min tunneille"},"content":{"rendered":"<p>5-kerran sarjalippu 75 minuutin tanssitunneille.<\/p>\n","protected":false},"excerpt":{"rendered":"<p>5 kerran sarjalippu 75 minuutin tunneille.<\/p>\n<p>Voit noutaa sarjakortin Hyvink\u00e4\u00e4n tai Riihim\u00e4en noutopisteist\u00e4mme. Kes\u00e4aikana toimitamme sarjalipun tanssisaliin siten, ett\u00e4 saat sen opettajaltasi tunnille osallistuessa. L\u00e4het\u00e4 tieto s\u00e4hk\u00f6postilla toimisto@danceart.fi.<\/p>\n","protected":false},"featured_media":3065,"template":"","meta":[],"product_brand":[],"product_cat":[42,36],"product_tag":[110],"class_list":{"0":"post-3502","1":"product","2":"type-product","3":"status-publish","4":"has-post-thumbnail","6":"product_cat-dance","7":"product_cat-yleinen","8":"product_tag-5-kerran-sarjalippu","10":"first","11":"instock","12":"purchasable","13":"product-type-simple"},"yoast_head":"<!-- This site is optimized with the Yoast SEO plugin v27.2 - https:\/\/yoast.com\/product\/yoast-seo-wordpress\/ -->\n<title>5 x sarjalippu 75 min tunneille - Dance Art -verkkokauppa<\/title>\n<meta name=\"description\" content=\"5 kerran sarjalippu\" \/>\n<meta name=\"robots\" content=\"index, follow, max-snippet:-1, max-image-preview:large, max-video-preview:-1\" \/>\n<link rel=\"canonical\" href=\"https:\/\/danceart.fi\/kauppa\/tuote\/5-kerran-sarjalippu-75-min-tunneille\/\" \/>\n<meta property=\"og:locale\" content=\"fi_FI\" \/>\n<meta property=\"og:type\" content=\"article\" \/>\n<meta property=\"og:title\" content=\"5 x sarjalippu 75 min tunneille - Dance Art -verkkokauppa\" \/>\n<meta property=\"og:description\" content=\"5 kerran sarjalippu\" \/>\n<meta property=\"og:url\" content=\"https:\/\/danceart.fi\/kauppa\/tuote\/5-kerran-sarjalippu-75-min-tunneille\/\" \/>\n<meta property=\"og:site_name\" content=\"Dance Art -verkkokauppa\" \/>\n<meta property=\"article:publisher\" content=\"https:\/\/www.facebook.com\/Dance-Art-verkkokauppa-102802895033569\/\" \/>\n<meta property=\"article:modified_time\" content=\"2023-05-31T06:38:29+00:00\" \/>\n<meta property=\"og:image\" content=\"https:\/\/danceart.fi\/kauppa\/wp-content\/uploads\/DANCE-tuote.jpg\" \/>\n\t<meta property=\"og:image:width\" content=\"1000\" \/>\n\t<meta property=\"og:image:height\" content=\"1000\" \/>\n\t<meta property=\"og:image:type\" content=\"image\/jpeg\" \/>\n<meta name=\"twitter:card\" content=\"summary_large_image\" \/>\n<meta name=\"twitter:label1\" content=\"Arvioitu lukuaika\" \/>\n\t<meta name=\"twitter:data1\" content=\"1 minuutti\" \/>\n<script type=\"application\/ld+json\" class=\"yoast-schema-graph\">{\"@context\":\"https:\/\/schema.org\",\"@graph\":[{\"@type\":\"WebPage\",\"@id\":\"https:\/\/danceart.fi\/kauppa\/tuote\/5-kerran-sarjalippu-75-min-tunneille\/\",\"url\":\"https:\/\/danceart.fi\/kauppa\/tuote\/5-kerran-sarjalippu-75-min-tunneille\/\",\"name\":\"5 x sarjalippu 75 min tunneille - Dance Art -verkkokauppa\",\"isPartOf\":{\"@id\":\"https:\/\/danceart.fi\/kauppa\/#website\"},\"primaryImageOfPage\":{\"@id\":\"https:\/\/danceart.fi\/kauppa\/tuote\/5-kerran-sarjalippu-75-min-tunneille\/#primaryimage\"},\"image\":{\"@id\":\"https:\/\/danceart.fi\/kauppa\/tuote\/5-kerran-sarjalippu-75-min-tunneille\/#primaryimage\"},\"thumbnailUrl\":\"https:\/\/danceart.fi\/kauppa\/wp-content\/uploads\/DANCE-tuote.jpg\",\"datePublished\":\"2020-12-15T10:10:29+00:00\",\"dateModified\":\"2023-05-31T06:38:29+00:00\",\"description\":\"5 kerran sarjalippu\",\"breadcrumb\":{\"@id\":\"https:\/\/danceart.fi\/kauppa\/tuote\/5-kerran-sarjalippu-75-min-tunneille\/#breadcrumb\"},\"inLanguage\":\"fi\",\"potentialAction\":[{\"@type\":\"ReadAction\",\"target\":[\"https:\/\/danceart.fi\/kauppa\/tuote\/5-kerran-sarjalippu-75-min-tunneille\/\"]}]},{\"@type\":\"ImageObject\",\"inLanguage\":\"fi\",\"@id\":\"https:\/\/danceart.fi\/kauppa\/tuote\/5-kerran-sarjalippu-75-min-tunneille\/#primaryimage\",\"url\":\"https:\/\/danceart.fi\/kauppa\/wp-content\/uploads\/DANCE-tuote.jpg\",\"contentUrl\":\"https:\/\/danceart.fi\/kauppa\/wp-content\/uploads\/DANCE-tuote.jpg\",\"width\":1000,\"height\":1000},{\"@type\":\"BreadcrumbList\",\"@id\":\"https:\/\/danceart.fi\/kauppa\/tuote\/5-kerran-sarjalippu-75-min-tunneille\/#breadcrumb\",\"itemListElement\":[{\"@type\":\"ListItem\",\"position\":1,\"name\":\"Home\",\"item\":\"https:\/\/danceart.fi\/kauppa\/etusivu\/\"},{\"@type\":\"ListItem\",\"position\":2,\"name\":\"Kauppa\",\"item\":\"https:\/\/danceart.fi\/kauppa\/kauppa\/\"},{\"@type\":\"ListItem\",\"position\":3,\"name\":\"5 x sarjalippu 75 min tunneille\"}]},{\"@type\":\"WebSite\",\"@id\":\"https:\/\/danceart.fi\/kauppa\/#website\",\"url\":\"https:\/\/danceart.fi\/kauppa\/\",\"name\":\"Dance Art -verkkokauppa\",\"description\":\"Dance Art -kaupasta saat laadukkaita ja kivoja tanssitarvikkeita kaikille.\",\"publisher\":{\"@id\":\"https:\/\/danceart.fi\/kauppa\/#organization\"},\"potentialAction\":[{\"@type\":\"SearchAction\",\"target\":{\"@type\":\"EntryPoint\",\"urlTemplate\":\"https:\/\/danceart.fi\/kauppa\/?s={search_term_string}\"},\"query-input\":{\"@type\":\"PropertyValueSpecification\",\"valueRequired\":true,\"valueName\":\"search_term_string\"}}],\"inLanguage\":\"fi\"},{\"@type\":\"Organization\",\"@id\":\"https:\/\/danceart.fi\/kauppa\/#organization\",\"name\":\"Dance Art\",\"url\":\"https:\/\/danceart.fi\/kauppa\/\",\"logo\":{\"@type\":\"ImageObject\",\"inLanguage\":\"fi\",\"@id\":\"https:\/\/danceart.fi\/kauppa\/#\/schema\/logo\/image\/\",\"url\":\"https:\/\/danceart.fi\/kauppa\/wp-content\/uploads\/DanceArt_tummanharmaateksti_oranssifiguuri.png\",\"contentUrl\":\"https:\/\/danceart.fi\/kauppa\/wp-content\/uploads\/DanceArt_tummanharmaateksti_oranssifiguuri.png\",\"width\":340,\"height\":170,\"caption\":\"Dance Art\"},\"image\":{\"@id\":\"https:\/\/danceart.fi\/kauppa\/#\/schema\/logo\/image\/\"},\"sameAs\":[\"https:\/\/www.facebook.com\/Dance-Art-verkkokauppa-102802895033569\/\"]}]}<\/script>\n<!-- \/ Yoast SEO plugin. -->","yoast_head_json":{"title":"5 x sarjalippu 75 min tunneille - Dance Art -verkkokauppa","description":"5 kerran sarjalippu","robots":{"index":"index","follow":"follow","max-snippet":"max-snippet:-1","max-image-preview":"max-image-preview:large","max-video-preview":"max-video-preview:-1"},"canonical":"https:\/\/danceart.fi\/kauppa\/tuote\/5-kerran-sarjalippu-75-min-tunneille\/","og_locale":"fi_FI","og_type":"article","og_title":"5 x sarjalippu 75 min tunneille - Dance Art -verkkokauppa","og_description":"5 kerran sarjalippu","og_url":"https:\/\/danceart.fi\/kauppa\/tuote\/5-kerran-sarjalippu-75-min-tunneille\/","og_site_name":"Dance Art -verkkokauppa","article_publisher":"https:\/\/www.facebook.com\/Dance-Art-verkkokauppa-102802895033569\/","article_modified_time":"2023-05-31T06:38:29+00:00","og_image":[{"width":1000,"height":1000,"url":"https:\/\/danceart.fi\/kauppa\/wp-content\/uploads\/DANCE-tuote.jpg","type":"image\/jpeg"}],"twitter_card":"summary_large_image","twitter_misc":{"Arvioitu lukuaika":"1 minuutti"},"schema":{"@context":"https:\/\/schema.org","@graph":[{"@type":"WebPage","@id":"https:\/\/danceart.fi\/kauppa\/tuote\/5-kerran-sarjalippu-75-min-tunneille\/","url":"https:\/\/danceart.fi\/kauppa\/tuote\/5-kerran-sarjalippu-75-min-tunneille\/","name":"5 x sarjalippu 75 min tunneille - Dance Art -verkkokauppa","isPartOf":{"@id":"https:\/\/danceart.fi\/kauppa\/#website"},"primaryImageOfPage":{"@id":"https:\/\/danceart.fi\/kauppa\/tuote\/5-kerran-sarjalippu-75-min-tunneille\/#primaryimage"},"image":{"@id":"https:\/\/danceart.fi\/kauppa\/tuote\/5-kerran-sarjalippu-75-min-tunneille\/#primaryimage"},"thumbnailUrl":"https:\/\/danceart.fi\/kauppa\/wp-content\/uploads\/DANCE-tuote.jpg","datePublished":"2020-12-15T10:10:29+00:00","dateModified":"2023-05-31T06:38:29+00:00","description":"5 kerran sarjalippu","breadcrumb":{"@id":"https:\/\/danceart.fi\/kauppa\/tuote\/5-kerran-sarjalippu-75-min-tunneille\/#breadcrumb"},"inLanguage":"fi","potentialAction":[{"@type":"ReadAction","target":["https:\/\/danceart.fi\/kauppa\/tuote\/5-kerran-sarjalippu-75-min-tunneille\/"]}]},{"@type":"ImageObject","inLanguage":"fi","@id":"https:\/\/danceart.fi\/kauppa\/tuote\/5-kerran-sarjalippu-75-min-tunneille\/#primaryimage","url":"https:\/\/danceart.fi\/kauppa\/wp-content\/uploads\/DANCE-tuote.jpg","contentUrl":"https:\/\/danceart.fi\/kauppa\/wp-content\/uploads\/DANCE-tuote.jpg","width":1000,"height":1000},{"@type":"BreadcrumbList","@id":"https:\/\/danceart.fi\/kauppa\/tuote\/5-kerran-sarjalippu-75-min-tunneille\/#breadcrumb","itemListElement":[{"@type":"ListItem","position":1,"name":"Home","item":"https:\/\/danceart.fi\/kauppa\/etusivu\/"},{"@type":"ListItem","position":2,"name":"Kauppa","item":"https:\/\/danceart.fi\/kauppa\/kauppa\/"},{"@type":"ListItem","position":3,"name":"5 x sarjalippu 75 min tunneille"}]},{"@type":"WebSite","@id":"https:\/\/danceart.fi\/kauppa\/#website","url":"https:\/\/danceart.fi\/kauppa\/","name":"Dance Art -verkkokauppa","description":"Dance Art -kaupasta saat laadukkaita ja kivoja tanssitarvikkeita kaikille.","publisher":{"@id":"https:\/\/danceart.fi\/kauppa\/#organization"},"potentialAction":[{"@type":"SearchAction","target":{"@type":"EntryPoint","urlTemplate":"https:\/\/danceart.fi\/kauppa\/?s={search_term_string}"},"query-input":{"@type":"PropertyValueSpecification","valueRequired":true,"valueName":"search_term_string"}}],"inLanguage":"fi"},{"@type":"Organization","@id":"https:\/\/danceart.fi\/kauppa\/#organization","name":"Dance Art","url":"https:\/\/danceart.fi\/kauppa\/","logo":{"@type":"ImageObject","inLanguage":"fi","@id":"https:\/\/danceart.fi\/kauppa\/#\/schema\/logo\/image\/","url":"https:\/\/danceart.fi\/kauppa\/wp-content\/uploads\/DanceArt_tummanharmaateksti_oranssifiguuri.png","contentUrl":"https:\/\/danceart.fi\/kauppa\/wp-content\/uploads\/DanceArt_tummanharmaateksti_oranssifiguuri.png","width":340,"height":170,"caption":"Dance Art"},"image":{"@id":"https:\/\/danceart.fi\/kauppa\/#\/schema\/logo\/image\/"},"sameAs":["https:\/\/www.facebook.com\/Dance-Art-verkkokauppa-102802895033569\/"]}]}},"_links":{"self":[{"href":"https:\/\/danceart.fi\/kauppa\/wp-json\/wp\/v2\/product\/3502","targetHints":{"allow":["GET"]}}],"collection":[{"href":"https:\/\/danceart.fi\/kauppa\/wp-json\/wp\/v2\/product"}],"about":[{"href":"https:\/\/danceart.fi\/kauppa\/wp-json\/wp\/v2\/types\/product"}],"wp:featuredmedia":[{"embeddable":true,"href":"https:\/\/danceart.fi\/kauppa\/wp-json\/wp\/v2\/media\/3065"}],"wp:attachment":[{"href":"https:\/\/danceart.fi\/kauppa\/wp-json\/wp\/v2\/media?parent=3502"}],"wp:term":[{"taxonomy":"product_brand","embeddable":true,"href":"https:\/\/danceart.fi\/kauppa\/wp-json\/wp\/v2\/product_brand?post=3502"},{"taxonomy":"product_cat","embeddable":true,"href":"https:\/\/danceart.fi\/kauppa\/wp-json\/wp\/v2\/product_cat?post=3502"},{"taxonomy":"product_tag","embeddable":true,"href":"https:\/\/danceart.fi\/kauppa\/wp-json\/wp\/v2\/product_tag?post=3502"}],"curies":[{"name":"wp","href":"https:\/\/api.w.org\/{rel}","templated":true}]}}