{"id":4095,"date":"2021-06-11T11:39:18","date_gmt":"2021-06-11T08:39:18","guid":{"rendered":"https:\/\/danceart.fi\/kauppa\/?post_type=product&#038;p=4095"},"modified":"2025-01-26T18:47:54","modified_gmt":"2025-01-26T16:47:54","slug":"casall-massage-ball-7cm-turkoosinvihrea","status":"publish","type":"product","link":"https:\/\/danceart.fi\/kauppa\/tuote\/casall-massage-ball-7cm-turkoosinvihrea\/","title":{"rendered":"Casall Massage Ball 7cm turkoosinvihre\u00e4"},"content":{"rendered":"<p>Casall piikkipallo kes\u00e4isen turkoosissa s\u00e4vyss\u00e4 v\u00e4syneit\u00e4 jalkoja rentouttamaan. Pieni koko. Kulkee helposti mukana.<\/p>\n","protected":false},"excerpt":{"rendered":"<p>Ihana turkoosi piikkipallo v\u00e4syneit\u00e4 jalkoja pirist\u00e4m\u00e4\u00e4n.<\/p>\n","protected":false},"featured_media":4096,"template":"","meta":[],"product_brand":[],"product_cat":[72,67],"product_tag":[],"class_list":{"0":"post-4095","1":"product","2":"type-product","3":"status-publish","4":"has-post-thumbnail","6":"product_cat-oheistuotteet","7":"product_cat-uutuudet","9":"first","10":"outofstock","11":"taxable","12":"shipping-taxable","13":"purchasable","14":"product-type-simple"},"yoast_head":"<!-- This site is optimized with the Yoast SEO plugin v27.4 - https:\/\/yoast.com\/product\/yoast-seo-wordpress\/ -->\n<title>Casall Massage Ball 7cm turkoosinvihre\u00e4 - Dance Art -verkkokauppa<\/title>\n<meta name=\"description\" content=\"Casall Massage Ball 7cm turkoosinvihre\u00e4 - Ihana piikkipallo v\u00e4syneit\u00e4 jalkoja rentouttamaan. Pieni koko. kulkee helposti mukana.\" \/>\n<meta name=\"robots\" content=\"index, follow, max-snippet:-1, max-image-preview:large, max-video-preview:-1\" \/>\n<link rel=\"canonical\" href=\"https:\/\/danceart.fi\/kauppa\/tuote\/casall-massage-ball-7cm-turkoosinvihrea\/\" \/>\n<meta property=\"og:locale\" content=\"fi_FI\" \/>\n<meta property=\"og:type\" content=\"article\" \/>\n<meta property=\"og:title\" content=\"Casall Massage Ball 7cm turkoosinvihre\u00e4 - Dance Art -verkkokauppa\" \/>\n<meta property=\"og:description\" content=\"Casall Massage Ball 7cm turkoosinvihre\u00e4 - Ihana piikkipallo v\u00e4syneit\u00e4 jalkoja rentouttamaan. Pieni koko. kulkee helposti mukana.\" \/>\n<meta property=\"og:url\" content=\"https:\/\/danceart.fi\/kauppa\/tuote\/casall-massage-ball-7cm-turkoosinvihrea\/\" \/>\n<meta property=\"og:site_name\" content=\"Dance Art -verkkokauppa\" \/>\n<meta property=\"article:publisher\" content=\"https:\/\/www.facebook.com\/Dance-Art-verkkokauppa-102802895033569\/\" \/>\n<meta property=\"article:modified_time\" content=\"2025-01-26T16:47:54+00:00\" \/>\n<meta property=\"og:image\" content=\"https:\/\/danceart.fi\/kauppa\/wp-content\/uploads\/piikkipallo.png\" \/>\n\t<meta property=\"og:image:width\" content=\"320\" \/>\n\t<meta property=\"og:image:height\" content=\"320\" \/>\n\t<meta property=\"og:image:type\" content=\"image\/png\" \/>\n<meta name=\"twitter:card\" content=\"summary_large_image\" \/>\n<meta name=\"twitter:label1\" content=\"Arvioitu lukuaika\" \/>\n\t<meta name=\"twitter:data1\" content=\"1 minuutti\" \/>\n<script type=\"application\/ld+json\" class=\"yoast-schema-graph\">{\"@context\":\"https:\\\/\\\/schema.org\",\"@graph\":[{\"@type\":\"WebPage\",\"@id\":\"https:\\\/\\\/danceart.fi\\\/kauppa\\\/tuote\\\/casall-massage-ball-7cm-turkoosinvihrea\\\/\",\"url\":\"https:\\\/\\\/danceart.fi\\\/kauppa\\\/tuote\\\/casall-massage-ball-7cm-turkoosinvihrea\\\/\",\"name\":\"Casall Massage Ball 7cm turkoosinvihre\u00e4 - Dance Art -verkkokauppa\",\"isPartOf\":{\"@id\":\"https:\\\/\\\/danceart.fi\\\/kauppa\\\/#website\"},\"primaryImageOfPage\":{\"@id\":\"https:\\\/\\\/danceart.fi\\\/kauppa\\\/tuote\\\/casall-massage-ball-7cm-turkoosinvihrea\\\/#primaryimage\"},\"image\":{\"@id\":\"https:\\\/\\\/danceart.fi\\\/kauppa\\\/tuote\\\/casall-massage-ball-7cm-turkoosinvihrea\\\/#primaryimage\"},\"thumbnailUrl\":\"https:\\\/\\\/danceart.fi\\\/kauppa\\\/wp-content\\\/uploads\\\/piikkipallo.png\",\"datePublished\":\"2021-06-11T08:39:18+00:00\",\"dateModified\":\"2025-01-26T16:47:54+00:00\",\"description\":\"Casall Massage Ball 7cm turkoosinvihre\u00e4 - Ihana piikkipallo v\u00e4syneit\u00e4 jalkoja rentouttamaan. Pieni koko. kulkee helposti mukana.\",\"breadcrumb\":{\"@id\":\"https:\\\/\\\/danceart.fi\\\/kauppa\\\/tuote\\\/casall-massage-ball-7cm-turkoosinvihrea\\\/#breadcrumb\"},\"inLanguage\":\"fi\",\"potentialAction\":[{\"@type\":\"ReadAction\",\"target\":[\"https:\\\/\\\/danceart.fi\\\/kauppa\\\/tuote\\\/casall-massage-ball-7cm-turkoosinvihrea\\\/\"]}]},{\"@type\":\"ImageObject\",\"inLanguage\":\"fi\",\"@id\":\"https:\\\/\\\/danceart.fi\\\/kauppa\\\/tuote\\\/casall-massage-ball-7cm-turkoosinvihrea\\\/#primaryimage\",\"url\":\"https:\\\/\\\/danceart.fi\\\/kauppa\\\/wp-content\\\/uploads\\\/piikkipallo.png\",\"contentUrl\":\"https:\\\/\\\/danceart.fi\\\/kauppa\\\/wp-content\\\/uploads\\\/piikkipallo.png\",\"width\":320,\"height\":320},{\"@type\":\"BreadcrumbList\",\"@id\":\"https:\\\/\\\/danceart.fi\\\/kauppa\\\/tuote\\\/casall-massage-ball-7cm-turkoosinvihrea\\\/#breadcrumb\",\"itemListElement\":[{\"@type\":\"ListItem\",\"position\":1,\"name\":\"Home\",\"item\":\"https:\\\/\\\/danceart.fi\\\/kauppa\\\/etusivu\\\/\"},{\"@type\":\"ListItem\",\"position\":2,\"name\":\"Kauppa\",\"item\":\"https:\\\/\\\/danceart.fi\\\/kauppa\\\/kauppa\\\/\"},{\"@type\":\"ListItem\",\"position\":3,\"name\":\"Casall Massage Ball 7cm turkoosinvihre\u00e4\"}]},{\"@type\":\"WebSite\",\"@id\":\"https:\\\/\\\/danceart.fi\\\/kauppa\\\/#website\",\"url\":\"https:\\\/\\\/danceart.fi\\\/kauppa\\\/\",\"name\":\"Dance Art -verkkokauppa\",\"description\":\"Dance Art -kaupasta saat laadukkaita ja kivoja tanssitarvikkeita kaikille.\",\"publisher\":{\"@id\":\"https:\\\/\\\/danceart.fi\\\/kauppa\\\/#organization\"},\"potentialAction\":[{\"@type\":\"SearchAction\",\"target\":{\"@type\":\"EntryPoint\",\"urlTemplate\":\"https:\\\/\\\/danceart.fi\\\/kauppa\\\/?s={search_term_string}\"},\"query-input\":{\"@type\":\"PropertyValueSpecification\",\"valueRequired\":true,\"valueName\":\"search_term_string\"}}],\"inLanguage\":\"fi\"},{\"@type\":\"Organization\",\"@id\":\"https:\\\/\\\/danceart.fi\\\/kauppa\\\/#organization\",\"name\":\"Dance Art\",\"url\":\"https:\\\/\\\/danceart.fi\\\/kauppa\\\/\",\"logo\":{\"@type\":\"ImageObject\",\"inLanguage\":\"fi\",\"@id\":\"https:\\\/\\\/danceart.fi\\\/kauppa\\\/#\\\/schema\\\/logo\\\/image\\\/\",\"url\":\"https:\\\/\\\/danceart.fi\\\/kauppa\\\/wp-content\\\/uploads\\\/DanceArt_tummanharmaateksti_oranssifiguuri.png\",\"contentUrl\":\"https:\\\/\\\/danceart.fi\\\/kauppa\\\/wp-content\\\/uploads\\\/DanceArt_tummanharmaateksti_oranssifiguuri.png\",\"width\":340,\"height\":170,\"caption\":\"Dance Art\"},\"image\":{\"@id\":\"https:\\\/\\\/danceart.fi\\\/kauppa\\\/#\\\/schema\\\/logo\\\/image\\\/\"},\"sameAs\":[\"https:\\\/\\\/www.facebook.com\\\/Dance-Art-verkkokauppa-102802895033569\\\/\"]}]}<\/script>\n<!-- \/ Yoast SEO plugin. -->","yoast_head_json":{"title":"Casall Massage Ball 7cm turkoosinvihre\u00e4 - Dance Art -verkkokauppa","description":"Casall Massage Ball 7cm turkoosinvihre\u00e4 - Ihana piikkipallo v\u00e4syneit\u00e4 jalkoja rentouttamaan. Pieni koko. kulkee helposti mukana.","robots":{"index":"index","follow":"follow","max-snippet":"max-snippet:-1","max-image-preview":"max-image-preview:large","max-video-preview":"max-video-preview:-1"},"canonical":"https:\/\/danceart.fi\/kauppa\/tuote\/casall-massage-ball-7cm-turkoosinvihrea\/","og_locale":"fi_FI","og_type":"article","og_title":"Casall Massage Ball 7cm turkoosinvihre\u00e4 - Dance Art -verkkokauppa","og_description":"Casall Massage Ball 7cm turkoosinvihre\u00e4 - Ihana piikkipallo v\u00e4syneit\u00e4 jalkoja rentouttamaan. Pieni koko. kulkee helposti mukana.","og_url":"https:\/\/danceart.fi\/kauppa\/tuote\/casall-massage-ball-7cm-turkoosinvihrea\/","og_site_name":"Dance Art -verkkokauppa","article_publisher":"https:\/\/www.facebook.com\/Dance-Art-verkkokauppa-102802895033569\/","article_modified_time":"2025-01-26T16:47:54+00:00","og_image":[{"width":320,"height":320,"url":"https:\/\/danceart.fi\/kauppa\/wp-content\/uploads\/piikkipallo.png","type":"image\/png"}],"twitter_card":"summary_large_image","twitter_misc":{"Arvioitu lukuaika":"1 minuutti"},"schema":{"@context":"https:\/\/schema.org","@graph":[{"@type":"WebPage","@id":"https:\/\/danceart.fi\/kauppa\/tuote\/casall-massage-ball-7cm-turkoosinvihrea\/","url":"https:\/\/danceart.fi\/kauppa\/tuote\/casall-massage-ball-7cm-turkoosinvihrea\/","name":"Casall Massage Ball 7cm turkoosinvihre\u00e4 - Dance Art -verkkokauppa","isPartOf":{"@id":"https:\/\/danceart.fi\/kauppa\/#website"},"primaryImageOfPage":{"@id":"https:\/\/danceart.fi\/kauppa\/tuote\/casall-massage-ball-7cm-turkoosinvihrea\/#primaryimage"},"image":{"@id":"https:\/\/danceart.fi\/kauppa\/tuote\/casall-massage-ball-7cm-turkoosinvihrea\/#primaryimage"},"thumbnailUrl":"https:\/\/danceart.fi\/kauppa\/wp-content\/uploads\/piikkipallo.png","datePublished":"2021-06-11T08:39:18+00:00","dateModified":"2025-01-26T16:47:54+00:00","description":"Casall Massage Ball 7cm turkoosinvihre\u00e4 - Ihana piikkipallo v\u00e4syneit\u00e4 jalkoja rentouttamaan. Pieni koko. kulkee helposti mukana.","breadcrumb":{"@id":"https:\/\/danceart.fi\/kauppa\/tuote\/casall-massage-ball-7cm-turkoosinvihrea\/#breadcrumb"},"inLanguage":"fi","potentialAction":[{"@type":"ReadAction","target":["https:\/\/danceart.fi\/kauppa\/tuote\/casall-massage-ball-7cm-turkoosinvihrea\/"]}]},{"@type":"ImageObject","inLanguage":"fi","@id":"https:\/\/danceart.fi\/kauppa\/tuote\/casall-massage-ball-7cm-turkoosinvihrea\/#primaryimage","url":"https:\/\/danceart.fi\/kauppa\/wp-content\/uploads\/piikkipallo.png","contentUrl":"https:\/\/danceart.fi\/kauppa\/wp-content\/uploads\/piikkipallo.png","width":320,"height":320},{"@type":"BreadcrumbList","@id":"https:\/\/danceart.fi\/kauppa\/tuote\/casall-massage-ball-7cm-turkoosinvihrea\/#breadcrumb","itemListElement":[{"@type":"ListItem","position":1,"name":"Home","item":"https:\/\/danceart.fi\/kauppa\/etusivu\/"},{"@type":"ListItem","position":2,"name":"Kauppa","item":"https:\/\/danceart.fi\/kauppa\/kauppa\/"},{"@type":"ListItem","position":3,"name":"Casall Massage Ball 7cm turkoosinvihre\u00e4"}]},{"@type":"WebSite","@id":"https:\/\/danceart.fi\/kauppa\/#website","url":"https:\/\/danceart.fi\/kauppa\/","name":"Dance Art -verkkokauppa","description":"Dance Art -kaupasta saat laadukkaita ja kivoja tanssitarvikkeita kaikille.","publisher":{"@id":"https:\/\/danceart.fi\/kauppa\/#organization"},"potentialAction":[{"@type":"SearchAction","target":{"@type":"EntryPoint","urlTemplate":"https:\/\/danceart.fi\/kauppa\/?s={search_term_string}"},"query-input":{"@type":"PropertyValueSpecification","valueRequired":true,"valueName":"search_term_string"}}],"inLanguage":"fi"},{"@type":"Organization","@id":"https:\/\/danceart.fi\/kauppa\/#organization","name":"Dance Art","url":"https:\/\/danceart.fi\/kauppa\/","logo":{"@type":"ImageObject","inLanguage":"fi","@id":"https:\/\/danceart.fi\/kauppa\/#\/schema\/logo\/image\/","url":"https:\/\/danceart.fi\/kauppa\/wp-content\/uploads\/DanceArt_tummanharmaateksti_oranssifiguuri.png","contentUrl":"https:\/\/danceart.fi\/kauppa\/wp-content\/uploads\/DanceArt_tummanharmaateksti_oranssifiguuri.png","width":340,"height":170,"caption":"Dance Art"},"image":{"@id":"https:\/\/danceart.fi\/kauppa\/#\/schema\/logo\/image\/"},"sameAs":["https:\/\/www.facebook.com\/Dance-Art-verkkokauppa-102802895033569\/"]}]}},"_links":{"self":[{"href":"https:\/\/danceart.fi\/kauppa\/wp-json\/wp\/v2\/product\/4095","targetHints":{"allow":["GET"]}}],"collection":[{"href":"https:\/\/danceart.fi\/kauppa\/wp-json\/wp\/v2\/product"}],"about":[{"href":"https:\/\/danceart.fi\/kauppa\/wp-json\/wp\/v2\/types\/product"}],"wp:featuredmedia":[{"embeddable":true,"href":"https:\/\/danceart.fi\/kauppa\/wp-json\/wp\/v2\/media\/4096"}],"wp:attachment":[{"href":"https:\/\/danceart.fi\/kauppa\/wp-json\/wp\/v2\/media?parent=4095"}],"wp:term":[{"taxonomy":"product_brand","embeddable":true,"href":"https:\/\/danceart.fi\/kauppa\/wp-json\/wp\/v2\/product_brand?post=4095"},{"taxonomy":"product_cat","embeddable":true,"href":"https:\/\/danceart.fi\/kauppa\/wp-json\/wp\/v2\/product_cat?post=4095"},{"taxonomy":"product_tag","embeddable":true,"href":"https:\/\/danceart.fi\/kauppa\/wp-json\/wp\/v2\/product_tag?post=4095"}],"curies":[{"name":"wp","href":"https:\/\/api.w.org\/{rel}","templated":true}]}}