{"id":6622,"date":"2024-06-12T14:00:39","date_gmt":"2024-06-12T11:00:39","guid":{"rendered":"https:\/\/danceart.fi\/kauppa\/?post_type=product&#038;p=6622"},"modified":"2024-06-12T14:00:45","modified_gmt":"2024-06-12T11:00:45","slug":"crossback-tanssipuku-2","status":"publish","type":"product","link":"https:\/\/danceart.fi\/kauppa\/tuote\/crossback-tanssipuku-2\/","title":{"rendered":"Crossback-tanssipuku"},"content":{"rendered":"<p>&nbsp;<\/p>\n<p>Treeniyst\u00e4v\u00e4llinen tanssipuku, joka pysyy hyvin p\u00e4\u00e4ll\u00e4 ja joustaa niin taivutuksissa kuin sel\u00e4n rullailuissakin.<\/p>\n<p>Matalat lahkeensuut lis\u00e4\u00e4v\u00e4t mukavuudentuntua, kun puku ei nouse.<\/p>\n<p>Soveltuu hyvin harjoituspuvuksi ja my\u00f6s aluspuvuksi osana n\u00e4ytt\u00e4v\u00e4mp\u00e4\u00e4 esiintymisasua.<\/p>\n<p>Materiaaleista musta on hieman joustavampaa kangasta, joka on hyv\u00e4 huomioida tilausta tehdess\u00e4.<\/p>\n<p>&nbsp;<\/p>\n","protected":false},"excerpt":{"rendered":"<p>&nbsp; Treeniyst\u00e4v\u00e4llinen tanssipuku, joka pysyy hyvin p\u00e4\u00e4ll\u00e4 ja joustaa niin taivutuksissa kuin sel\u00e4n rullailuissakin. Matalat lahkeensuut lis\u00e4\u00e4v\u00e4t mukavuudentuntua, kun puku ei nouse. Soveltuu hyvin harjoituspuvuksi ja my\u00f6s aluspuvuksi osana n\u00e4ytt\u00e4v\u00e4mp\u00e4\u00e4 esiintymisasua. Materiaaleista musta on hieman joustavampaa kangasta, joka on hyv\u00e4 huomioida tilausta tehdess\u00e4. &nbsp;<\/p>\n","protected":false},"featured_media":0,"template":"","meta":[],"product_brand":[],"product_cat":[36],"product_tag":[],"class_list":{"0":"post-6622","1":"product","2":"type-product","3":"status-publish","5":"product_cat-yleinen","7":"first","8":"instock","9":"taxable","10":"shipping-taxable","11":"purchasable","12":"product-type-variable"},"yoast_head":"<!-- This site is optimized with the Yoast SEO plugin v27.2 - https:\/\/yoast.com\/product\/yoast-seo-wordpress\/ -->\n<title>Crossback-tanssipuku - Dance Art -verkkokauppa<\/title>\n<meta name=\"robots\" content=\"index, follow, max-snippet:-1, max-image-preview:large, max-video-preview:-1\" \/>\n<link rel=\"canonical\" href=\"https:\/\/danceart.fi\/kauppa\/tuote\/crossback-tanssipuku-2\/\" \/>\n<meta property=\"og:locale\" content=\"fi_FI\" \/>\n<meta property=\"og:type\" content=\"article\" \/>\n<meta property=\"og:title\" content=\"Crossback-tanssipuku - Dance Art -verkkokauppa\" \/>\n<meta property=\"og:description\" content=\"&nbsp; Treeniyst\u00e4v\u00e4llinen tanssipuku, joka pysyy hyvin p\u00e4\u00e4ll\u00e4 ja joustaa niin taivutuksissa kuin sel\u00e4n rullailuissakin. Matalat lahkeensuut lis\u00e4\u00e4v\u00e4t mukavuudentuntua, kun puku ei nouse. Soveltuu hyvin harjoituspuvuksi ja my\u00f6s aluspuvuksi osana n\u00e4ytt\u00e4v\u00e4mp\u00e4\u00e4 esiintymisasua. Materiaaleista musta on hieman joustavampaa kangasta, joka on hyv\u00e4 huomioida tilausta tehdess\u00e4. &nbsp;\" \/>\n<meta property=\"og:url\" content=\"https:\/\/danceart.fi\/kauppa\/tuote\/crossback-tanssipuku-2\/\" \/>\n<meta property=\"og:site_name\" content=\"Dance Art -verkkokauppa\" \/>\n<meta property=\"article:publisher\" content=\"https:\/\/www.facebook.com\/Dance-Art-verkkokauppa-102802895033569\/\" \/>\n<meta property=\"article:modified_time\" content=\"2024-06-12T11:00:45+00:00\" \/>\n<meta name=\"twitter:card\" content=\"summary_large_image\" \/>\n<script type=\"application\/ld+json\" class=\"yoast-schema-graph\">{\"@context\":\"https:\/\/schema.org\",\"@graph\":[{\"@type\":\"WebPage\",\"@id\":\"https:\/\/danceart.fi\/kauppa\/tuote\/crossback-tanssipuku-2\/\",\"url\":\"https:\/\/danceart.fi\/kauppa\/tuote\/crossback-tanssipuku-2\/\",\"name\":\"Crossback-tanssipuku - Dance Art -verkkokauppa\",\"isPartOf\":{\"@id\":\"https:\/\/danceart.fi\/kauppa\/#website\"},\"datePublished\":\"2024-06-12T11:00:39+00:00\",\"dateModified\":\"2024-06-12T11:00:45+00:00\",\"breadcrumb\":{\"@id\":\"https:\/\/danceart.fi\/kauppa\/tuote\/crossback-tanssipuku-2\/#breadcrumb\"},\"inLanguage\":\"fi\",\"potentialAction\":[{\"@type\":\"ReadAction\",\"target\":[\"https:\/\/danceart.fi\/kauppa\/tuote\/crossback-tanssipuku-2\/\"]}]},{\"@type\":\"BreadcrumbList\",\"@id\":\"https:\/\/danceart.fi\/kauppa\/tuote\/crossback-tanssipuku-2\/#breadcrumb\",\"itemListElement\":[{\"@type\":\"ListItem\",\"position\":1,\"name\":\"Home\",\"item\":\"https:\/\/danceart.fi\/kauppa\/etusivu\/\"},{\"@type\":\"ListItem\",\"position\":2,\"name\":\"Kauppa\",\"item\":\"https:\/\/danceart.fi\/kauppa\/kauppa\/\"},{\"@type\":\"ListItem\",\"position\":3,\"name\":\"Crossback-tanssipuku\"}]},{\"@type\":\"WebSite\",\"@id\":\"https:\/\/danceart.fi\/kauppa\/#website\",\"url\":\"https:\/\/danceart.fi\/kauppa\/\",\"name\":\"Dance Art -verkkokauppa\",\"description\":\"Dance Art -kaupasta saat laadukkaita ja kivoja tanssitarvikkeita kaikille.\",\"publisher\":{\"@id\":\"https:\/\/danceart.fi\/kauppa\/#organization\"},\"potentialAction\":[{\"@type\":\"SearchAction\",\"target\":{\"@type\":\"EntryPoint\",\"urlTemplate\":\"https:\/\/danceart.fi\/kauppa\/?s={search_term_string}\"},\"query-input\":{\"@type\":\"PropertyValueSpecification\",\"valueRequired\":true,\"valueName\":\"search_term_string\"}}],\"inLanguage\":\"fi\"},{\"@type\":\"Organization\",\"@id\":\"https:\/\/danceart.fi\/kauppa\/#organization\",\"name\":\"Dance Art\",\"url\":\"https:\/\/danceart.fi\/kauppa\/\",\"logo\":{\"@type\":\"ImageObject\",\"inLanguage\":\"fi\",\"@id\":\"https:\/\/danceart.fi\/kauppa\/#\/schema\/logo\/image\/\",\"url\":\"https:\/\/danceart.fi\/kauppa\/wp-content\/uploads\/DanceArt_tummanharmaateksti_oranssifiguuri.png\",\"contentUrl\":\"https:\/\/danceart.fi\/kauppa\/wp-content\/uploads\/DanceArt_tummanharmaateksti_oranssifiguuri.png\",\"width\":340,\"height\":170,\"caption\":\"Dance Art\"},\"image\":{\"@id\":\"https:\/\/danceart.fi\/kauppa\/#\/schema\/logo\/image\/\"},\"sameAs\":[\"https:\/\/www.facebook.com\/Dance-Art-verkkokauppa-102802895033569\/\"]}]}<\/script>\n<!-- \/ Yoast SEO plugin. -->","yoast_head_json":{"title":"Crossback-tanssipuku - Dance Art -verkkokauppa","robots":{"index":"index","follow":"follow","max-snippet":"max-snippet:-1","max-image-preview":"max-image-preview:large","max-video-preview":"max-video-preview:-1"},"canonical":"https:\/\/danceart.fi\/kauppa\/tuote\/crossback-tanssipuku-2\/","og_locale":"fi_FI","og_type":"article","og_title":"Crossback-tanssipuku - Dance Art -verkkokauppa","og_description":"&nbsp; Treeniyst\u00e4v\u00e4llinen tanssipuku, joka pysyy hyvin p\u00e4\u00e4ll\u00e4 ja joustaa niin taivutuksissa kuin sel\u00e4n rullailuissakin. Matalat lahkeensuut lis\u00e4\u00e4v\u00e4t mukavuudentuntua, kun puku ei nouse. Soveltuu hyvin harjoituspuvuksi ja my\u00f6s aluspuvuksi osana n\u00e4ytt\u00e4v\u00e4mp\u00e4\u00e4 esiintymisasua. Materiaaleista musta on hieman joustavampaa kangasta, joka on hyv\u00e4 huomioida tilausta tehdess\u00e4. &nbsp;","og_url":"https:\/\/danceart.fi\/kauppa\/tuote\/crossback-tanssipuku-2\/","og_site_name":"Dance Art -verkkokauppa","article_publisher":"https:\/\/www.facebook.com\/Dance-Art-verkkokauppa-102802895033569\/","article_modified_time":"2024-06-12T11:00:45+00:00","twitter_card":"summary_large_image","schema":{"@context":"https:\/\/schema.org","@graph":[{"@type":"WebPage","@id":"https:\/\/danceart.fi\/kauppa\/tuote\/crossback-tanssipuku-2\/","url":"https:\/\/danceart.fi\/kauppa\/tuote\/crossback-tanssipuku-2\/","name":"Crossback-tanssipuku - Dance Art -verkkokauppa","isPartOf":{"@id":"https:\/\/danceart.fi\/kauppa\/#website"},"datePublished":"2024-06-12T11:00:39+00:00","dateModified":"2024-06-12T11:00:45+00:00","breadcrumb":{"@id":"https:\/\/danceart.fi\/kauppa\/tuote\/crossback-tanssipuku-2\/#breadcrumb"},"inLanguage":"fi","potentialAction":[{"@type":"ReadAction","target":["https:\/\/danceart.fi\/kauppa\/tuote\/crossback-tanssipuku-2\/"]}]},{"@type":"BreadcrumbList","@id":"https:\/\/danceart.fi\/kauppa\/tuote\/crossback-tanssipuku-2\/#breadcrumb","itemListElement":[{"@type":"ListItem","position":1,"name":"Home","item":"https:\/\/danceart.fi\/kauppa\/etusivu\/"},{"@type":"ListItem","position":2,"name":"Kauppa","item":"https:\/\/danceart.fi\/kauppa\/kauppa\/"},{"@type":"ListItem","position":3,"name":"Crossback-tanssipuku"}]},{"@type":"WebSite","@id":"https:\/\/danceart.fi\/kauppa\/#website","url":"https:\/\/danceart.fi\/kauppa\/","name":"Dance Art -verkkokauppa","description":"Dance Art -kaupasta saat laadukkaita ja kivoja tanssitarvikkeita kaikille.","publisher":{"@id":"https:\/\/danceart.fi\/kauppa\/#organization"},"potentialAction":[{"@type":"SearchAction","target":{"@type":"EntryPoint","urlTemplate":"https:\/\/danceart.fi\/kauppa\/?s={search_term_string}"},"query-input":{"@type":"PropertyValueSpecification","valueRequired":true,"valueName":"search_term_string"}}],"inLanguage":"fi"},{"@type":"Organization","@id":"https:\/\/danceart.fi\/kauppa\/#organization","name":"Dance Art","url":"https:\/\/danceart.fi\/kauppa\/","logo":{"@type":"ImageObject","inLanguage":"fi","@id":"https:\/\/danceart.fi\/kauppa\/#\/schema\/logo\/image\/","url":"https:\/\/danceart.fi\/kauppa\/wp-content\/uploads\/DanceArt_tummanharmaateksti_oranssifiguuri.png","contentUrl":"https:\/\/danceart.fi\/kauppa\/wp-content\/uploads\/DanceArt_tummanharmaateksti_oranssifiguuri.png","width":340,"height":170,"caption":"Dance Art"},"image":{"@id":"https:\/\/danceart.fi\/kauppa\/#\/schema\/logo\/image\/"},"sameAs":["https:\/\/www.facebook.com\/Dance-Art-verkkokauppa-102802895033569\/"]}]}},"_links":{"self":[{"href":"https:\/\/danceart.fi\/kauppa\/wp-json\/wp\/v2\/product\/6622","targetHints":{"allow":["GET"]}}],"collection":[{"href":"https:\/\/danceart.fi\/kauppa\/wp-json\/wp\/v2\/product"}],"about":[{"href":"https:\/\/danceart.fi\/kauppa\/wp-json\/wp\/v2\/types\/product"}],"wp:attachment":[{"href":"https:\/\/danceart.fi\/kauppa\/wp-json\/wp\/v2\/media?parent=6622"}],"wp:term":[{"taxonomy":"product_brand","embeddable":true,"href":"https:\/\/danceart.fi\/kauppa\/wp-json\/wp\/v2\/product_brand?post=6622"},{"taxonomy":"product_cat","embeddable":true,"href":"https:\/\/danceart.fi\/kauppa\/wp-json\/wp\/v2\/product_cat?post=6622"},{"taxonomy":"product_tag","embeddable":true,"href":"https:\/\/danceart.fi\/kauppa\/wp-json\/wp\/v2\/product_tag?post=6622"}],"curies":[{"name":"wp","href":"https:\/\/api.w.org\/{rel}","templated":true}]}}